{"id":72397,"date":"2025-04-12T20:57:14","date_gmt":"2025-04-12T20:57:14","guid":{"rendered":"https:\/\/onlinehardwareshop.de\/index.php\/produkt\/domo-do710bl-2\/"},"modified":"2025-05-14T01:31:30","modified_gmt":"2025-05-14T01:31:30","slug":"domo-do710bl","status":"publish","type":"product","link":"https:\/\/onlinehardwareshop.de\/index.php\/produkt\/domo-do710bl\/","title":{"rendered":"DOMO DO710BL"},"content":{"rendered":"<p>Der DOMO DO710BL verf\u00fcgt \u00fcber zwei automatische Zubereitungsprogramme f\u00fcr die Herstellung von Smoothies und das Zerkleinern von Eis. Mit einer Leistung von 1.000 Watt hat der Standmixer ausreichend Leistung, um gefrorene Fruchtst\u00fccke zu mixen. Du w\u00e4hlst eine von f\u00fcnf Geschwindigkeitseinstellungen, um die Feinheit und Luftigkeit des Safts zu bestimmen. Die Pulsfunktion liefert einen zus\u00e4tzlichen Boost, um alle Zutaten im Mixbeh\u00e4lter richtig zu vermischen. Der robuste Krug hat ein gro\u00dfes Fassungsverm\u00f6gen von 1,5 Litern. Darin kannst du ungef\u00e4hr vier Smoothies auf einmal zubereiten. Da der Krug aus dickem Glas besteht, liegt er ziemlich schwer in der Hand. Das Gewicht des Mixbeh\u00e4lters und die rutschfesten F\u00fc\u00dfe halten den Standmixer w\u00e4hrend des Mischens gut an Ort und Stelle.<\/p>\n","protected":false},"excerpt":{"rendered":"<p>Der DOMO DO710BL verf\u00fcgt \u00fcber zwei automatische Zubereitungsprogramme f\u00fcr die Herstellung von Smoothies und das Zerkleinern von Eis. Mit einer Leistung von 1.000 Watt hat der Standmixer ausreichend Leistung, um gefrorene Fruchtst\u00fccke zu mixen. Du w\u00e4hlst eine von f\u00fcnf Geschwindigkeitseinstellungen, um die Feinheit und Luftigkeit des Safts zu bestimmen. Die Pulsfunktion liefert einen zus\u00e4tzlichen Boost, um alle Zutaten im Mixbeh\u00e4lter richtig zu vermischen. Der robuste Krug hat ein gro\u00dfes Fassungsverm\u00f6gen von 1,5 Litern. Darin kannst du ungef\u00e4hr vier Smoothies auf einmal zubereiten. Da der Krug aus dickem Glas besteht, liegt er ziemlich schwer in der Hand. Das Gewicht des Mixbeh\u00e4lters und die rutschfesten F\u00fc\u00dfe halten den Standmixer w\u00e4hrend des Mischens gut an Ort und Stelle.<\/p>\n","protected":false},"featured_media":0,"comment_status":"closed","ping_status":"open","template":"","meta":{"_acf_changed":false},"brand":[270],"product_brand":[],"product_cat":[1606],"product_tag":[1607],"class_list":{"0":"post-72397","1":"product","2":"type-product","3":"status-publish","5":"brand-domo","6":"product_cat-standmixer","7":"product_tag-blenders","8":"pa_condition-new","9":"pa_coolblue-de-verzending-morgen-gratis-geliefert","10":"pa_ean-4546","11":"pa_mpn-do710bl","13":"first","14":"instock","15":"product-type-external"},"acf":[],"_links":{"self":[{"href":"https:\/\/onlinehardwareshop.de\/index.php\/wp-json\/wp\/v2\/product\/72397","targetHints":{"allow":["GET"]}}],"collection":[{"href":"https:\/\/onlinehardwareshop.de\/index.php\/wp-json\/wp\/v2\/product"}],"about":[{"href":"https:\/\/onlinehardwareshop.de\/index.php\/wp-json\/wp\/v2\/types\/product"}],"replies":[{"embeddable":true,"href":"https:\/\/onlinehardwareshop.de\/index.php\/wp-json\/wp\/v2\/comments?post=72397"}],"wp:attachment":[{"href":"https:\/\/onlinehardwareshop.de\/index.php\/wp-json\/wp\/v2\/media?parent=72397"}],"wp:term":[{"taxonomy":"brand","embeddable":true,"href":"https:\/\/onlinehardwareshop.de\/index.php\/wp-json\/wp\/v2\/brand?post=72397"},{"taxonomy":"product_brand","embeddable":true,"href":"https:\/\/onlinehardwareshop.de\/index.php\/wp-json\/wp\/v2\/product_brand?post=72397"},{"taxonomy":"product_cat","embeddable":true,"href":"https:\/\/onlinehardwareshop.de\/index.php\/wp-json\/wp\/v2\/product_cat?post=72397"},{"taxonomy":"product_tag","embeddable":true,"href":"https:\/\/onlinehardwareshop.de\/index.php\/wp-json\/wp\/v2\/product_tag?post=72397"}],"curies":[{"name":"wp","href":"https:\/\/api.w.org\/{rel}","templated":true}]}}