{"id":72396,"date":"2024-06-12T14:18:01","date_gmt":"2024-06-12T14:18:01","guid":{"rendered":"https:\/\/onlinehardwareshop.de\/index.php\/produkt\/staubsaugerbeutel-fr-die-irobot-roomba-reinigungsstation-3-stck-2\/"},"modified":"2025-05-14T01:31:25","modified_gmt":"2025-05-14T01:31:25","slug":"staubsaugerbeutel-fr-die-irobot-roomba-reinigungsstation-3-stck","status":"publish","type":"product","link":"https:\/\/onlinehardwareshop.de\/index.php\/produkt\/staubsaugerbeutel-fr-die-irobot-roomba-reinigungsstation-3-stck\/","title":{"rendered":"Staubsaugerbeutel f&#xFC;r die iRobot-Roomba-Reinigungsstation (3 St&#xFC;ck)"},"content":{"rendered":"<p>Die Staubsaugerbeutel f\u00fcr die iRobot-Roomba-Reinigungsstation (3 St\u00fcck) eignen sich f\u00fcr die iRobot-Saugroboter der Serien s, j, i und Combo. Diese Beutel passen n\u00e4mlich genau in die Reinigungsstation. Dieser Saugroboter leert beim Laden seinen Staubbeh\u00e4lter in den Staubsaugerbeutel. Nach ungef\u00e4hr 30 Mal Leeren ist der Beutel voll, den du einfach in den M\u00fclleimer wirfst. Mit diesen Beuteln holst du dir somit gleich einen Vorrat f\u00fcr die n\u00e4chsten Monate ins Haus.  Diese Beutel eignen sich f\u00fcr die Serien s, j, i und Combo.<\/p>\n","protected":false},"excerpt":{"rendered":"<p>Die Staubsaugerbeutel f\u00fcr die iRobot-Roomba-Reinigungsstation (3 St\u00fcck) eignen sich f\u00fcr die iRobot-Saugroboter der Serien s, j, i und Combo. Diese Beutel passen n\u00e4mlich genau in die Reinigungsstation. Dieser Saugroboter leert beim Laden seinen Staubbeh\u00e4lter in den Staubsaugerbeutel. Nach ungef\u00e4hr 30 Mal Leeren ist der Beutel voll, den du einfach in den M\u00fclleimer wirfst. Mit diesen Beuteln holst du dir somit gleich einen Vorrat f\u00fcr die n\u00e4chsten Monate ins Haus.  Diese Beutel eignen sich f\u00fcr die Serien s, j, i und Combo.<\/p>\n","protected":false},"featured_media":0,"comment_status":"closed","ping_status":"open","template":"","meta":{"_acf_changed":false},"brand":[4539],"product_brand":[],"product_cat":[129],"product_tag":[130],"class_list":{"0":"post-72396","1":"product","2":"type-product","3":"status-publish","5":"brand-irobot","6":"product_cat-staubsaugerbeutel","7":"product_tag-stofzuigerzakken","8":"pa_condition-new","9":"pa_coolblue-de-verzending-morgen-gratis-geliefert","10":"pa_ean-4544","11":"pa_mpn-4545","13":"first","14":"instock","15":"product-type-external"},"acf":[],"_links":{"self":[{"href":"https:\/\/onlinehardwareshop.de\/index.php\/wp-json\/wp\/v2\/product\/72396","targetHints":{"allow":["GET"]}}],"collection":[{"href":"https:\/\/onlinehardwareshop.de\/index.php\/wp-json\/wp\/v2\/product"}],"about":[{"href":"https:\/\/onlinehardwareshop.de\/index.php\/wp-json\/wp\/v2\/types\/product"}],"replies":[{"embeddable":true,"href":"https:\/\/onlinehardwareshop.de\/index.php\/wp-json\/wp\/v2\/comments?post=72396"}],"wp:attachment":[{"href":"https:\/\/onlinehardwareshop.de\/index.php\/wp-json\/wp\/v2\/media?parent=72396"}],"wp:term":[{"taxonomy":"brand","embeddable":true,"href":"https:\/\/onlinehardwareshop.de\/index.php\/wp-json\/wp\/v2\/brand?post=72396"},{"taxonomy":"product_brand","embeddable":true,"href":"https:\/\/onlinehardwareshop.de\/index.php\/wp-json\/wp\/v2\/product_brand?post=72396"},{"taxonomy":"product_cat","embeddable":true,"href":"https:\/\/onlinehardwareshop.de\/index.php\/wp-json\/wp\/v2\/product_cat?post=72396"},{"taxonomy":"product_tag","embeddable":true,"href":"https:\/\/onlinehardwareshop.de\/index.php\/wp-json\/wp\/v2\/product_tag?post=72396"}],"curies":[{"name":"wp","href":"https:\/\/api.w.org\/{rel}","templated":true}]}}