{"id":72381,"date":"2024-01-17T12:08:43","date_gmt":"2024-01-17T12:08:43","guid":{"rendered":"https:\/\/onlinehardwareshop.de\/index.php\/produkt\/jabra-evolve-20se-uc-stereo-kabelgebundenes-office-headset-2\/"},"modified":"2025-05-14T01:30:01","modified_gmt":"2025-05-14T01:30:01","slug":"jabra-evolve-20se-uc-stereo-kabelgebundenes-office-headset","status":"publish","type":"product","link":"https:\/\/onlinehardwareshop.de\/index.php\/produkt\/jabra-evolve-20se-uc-stereo-kabelgebundenes-office-headset\/","title":{"rendered":"Jabra Evolve 20SE UC Stereo kabelgebundenes Office-Headset"},"content":{"rendered":"<p>Das Jabra Evolve 20SE UC Stereo kabelgebundene Office-Headset eignet sich, um zu Kunden, Lieferanten oder Kollegen den Kontakt zu pflegen. Der Anschluss des Headsets erfolgt \u00fcber den USB-A-Anschluss vom PC oder Laptop und dank Plug-and-play ist man sofort startklar. Mit zwei Ohrmuscheln kann man sich ganz aufs Telefongespr\u00e4ch konzentrieren. Das Mikrofon blendet Umgebungsger\u00e4usche akustisch aus. So st\u00f6ren deinen Gespr\u00e4chspartner deine Kollegen nicht, die nebenan ihre Wochenendpl\u00e4ne besprechen. Dank des Bedienfelds an der Verkabelung ist die Lautst\u00e4rkebedienung in Reichweite. Dar\u00fcber hinaus kann man \u00fcber dieses Bedienfeld blitzschnell Anrufe entgegennehmen und ebenso schnell wieder auflegen.<\/p>\n","protected":false},"excerpt":{"rendered":"<p>Das Jabra Evolve 20SE UC Stereo kabelgebundene Office-Headset eignet sich, um zu Kunden, Lieferanten oder Kollegen den Kontakt zu pflegen. Der Anschluss des Headsets erfolgt \u00fcber den USB-A-Anschluss vom PC oder Laptop und dank Plug-and-play ist man sofort startklar. Mit zwei Ohrmuscheln kann man sich ganz aufs Telefongespr\u00e4ch konzentrieren. Das Mikrofon blendet Umgebungsger\u00e4usche akustisch aus. So st\u00f6ren deinen Gespr\u00e4chspartner deine Kollegen nicht, die nebenan ihre Wochenendpl\u00e4ne besprechen. Dank des Bedienfelds an der Verkabelung ist die Lautst\u00e4rkebedienung in Reichweite. Dar\u00fcber hinaus kann man \u00fcber dieses Bedienfeld blitzschnell Anrufe entgegennehmen und ebenso schnell wieder auflegen.<\/p>\n","protected":false},"featured_media":0,"comment_status":"closed","ping_status":"open","template":"","meta":{"_acf_changed":false},"brand":[815],"product_brand":[],"product_cat":[257],"product_tag":[258],"class_list":{"0":"post-72381","1":"product","2":"type-product","3":"status-publish","5":"brand-jabra","6":"product_cat-office-headsets","7":"product_tag-headsets-office","8":"pa_condition-new","9":"pa_coolblue-de-verzending-morgen-gratis-geliefert","10":"pa_ean-4502","11":"pa_mpn-4999-829-409","13":"first","14":"instock","15":"product-type-external"},"acf":[],"_links":{"self":[{"href":"https:\/\/onlinehardwareshop.de\/index.php\/wp-json\/wp\/v2\/product\/72381","targetHints":{"allow":["GET"]}}],"collection":[{"href":"https:\/\/onlinehardwareshop.de\/index.php\/wp-json\/wp\/v2\/product"}],"about":[{"href":"https:\/\/onlinehardwareshop.de\/index.php\/wp-json\/wp\/v2\/types\/product"}],"replies":[{"embeddable":true,"href":"https:\/\/onlinehardwareshop.de\/index.php\/wp-json\/wp\/v2\/comments?post=72381"}],"wp:attachment":[{"href":"https:\/\/onlinehardwareshop.de\/index.php\/wp-json\/wp\/v2\/media?parent=72381"}],"wp:term":[{"taxonomy":"brand","embeddable":true,"href":"https:\/\/onlinehardwareshop.de\/index.php\/wp-json\/wp\/v2\/brand?post=72381"},{"taxonomy":"product_brand","embeddable":true,"href":"https:\/\/onlinehardwareshop.de\/index.php\/wp-json\/wp\/v2\/product_brand?post=72381"},{"taxonomy":"product_cat","embeddable":true,"href":"https:\/\/onlinehardwareshop.de\/index.php\/wp-json\/wp\/v2\/product_cat?post=72381"},{"taxonomy":"product_tag","embeddable":true,"href":"https:\/\/onlinehardwareshop.de\/index.php\/wp-json\/wp\/v2\/product_tag?post=72381"}],"curies":[{"name":"wp","href":"https:\/\/api.w.org\/{rel}","templated":true}]}}