{"id":72369,"date":"2025-03-11T06:50:27","date_gmt":"2025-03-11T06:50:27","guid":{"rendered":"https:\/\/onlinehardwareshop.de\/index.php\/produkt\/bosch-twk7203-temperaturecontrol7-2\/"},"modified":"2025-05-14T01:29:18","modified_gmt":"2025-05-14T01:29:18","slug":"bosch-twk7203-temperaturecontrol7","status":"publish","type":"product","link":"https:\/\/onlinehardwareshop.de\/index.php\/produkt\/bosch-twk7203-temperaturecontrol7\/","title":{"rendered":"Bosch TWK7203 TemperatureControl7"},"content":{"rendered":"<p>Mit dem Bosch TWK7203 TemperatureControl kannst du deinen gr\u00fcnen Tee mit genau der richtigen Temperatur zubereiten. Dieser Wasserkocher hat sieben Temperaturstufen, zwischen 70 und 100\u00a0Grad. Der Wasserkocher steht fest auf seiner Halterung. Auf dieser Halterung findest du auch die Touchscreen-Tasten, mit denen du den Wasserkocher einstellen kannst. Nach dem Aufkochen bleibt das Wasser bis zu 30 Minuten auf der richtigen Temperatur. Praktisch, wenn du doch noch eben die W\u00e4sche aufh\u00e4ngen musst. Danach gie\u00dft du das Wasser f\u00fcr deinen wei\u00dfen Tee mit genau der richtigen Temperatur ein.<\/p>\n","protected":false},"excerpt":{"rendered":"<p>Mit dem Bosch TWK7203 TemperatureControl kannst du deinen gr\u00fcnen Tee mit genau der richtigen Temperatur zubereiten. Dieser Wasserkocher hat sieben Temperaturstufen, zwischen 70 und 100\u00a0Grad. Der Wasserkocher steht fest auf seiner Halterung. Auf dieser Halterung findest du auch die Touchscreen-Tasten, mit denen du den Wasserkocher einstellen kannst. Nach dem Aufkochen bleibt das Wasser bis zu 30 Minuten auf der richtigen Temperatur. Praktisch, wenn du doch noch eben die W\u00e4sche aufh\u00e4ngen musst. Danach gie\u00dft du das Wasser f\u00fcr deinen wei\u00dfen Tee mit genau der richtigen Temperatur ein.<\/p>\n","protected":false},"featured_media":0,"comment_status":"closed","ping_status":"open","template":"","meta":{"_acf_changed":false},"brand":[250],"product_brand":[],"product_cat":[716],"product_tag":[717],"class_list":{"0":"post-72369","1":"product","2":"type-product","3":"status-publish","5":"brand-bosch","6":"product_cat-wasserkocher","7":"product_tag-waterkokers","8":"pa_condition-new","9":"pa_coolblue-de-verzending-morgen-gratis-geliefert","10":"pa_ean-4478","11":"pa_mpn-twk7203","13":"first","14":"instock","15":"product-type-external"},"acf":[],"_links":{"self":[{"href":"https:\/\/onlinehardwareshop.de\/index.php\/wp-json\/wp\/v2\/product\/72369","targetHints":{"allow":["GET"]}}],"collection":[{"href":"https:\/\/onlinehardwareshop.de\/index.php\/wp-json\/wp\/v2\/product"}],"about":[{"href":"https:\/\/onlinehardwareshop.de\/index.php\/wp-json\/wp\/v2\/types\/product"}],"replies":[{"embeddable":true,"href":"https:\/\/onlinehardwareshop.de\/index.php\/wp-json\/wp\/v2\/comments?post=72369"}],"wp:attachment":[{"href":"https:\/\/onlinehardwareshop.de\/index.php\/wp-json\/wp\/v2\/media?parent=72369"}],"wp:term":[{"taxonomy":"brand","embeddable":true,"href":"https:\/\/onlinehardwareshop.de\/index.php\/wp-json\/wp\/v2\/brand?post=72369"},{"taxonomy":"product_brand","embeddable":true,"href":"https:\/\/onlinehardwareshop.de\/index.php\/wp-json\/wp\/v2\/product_brand?post=72369"},{"taxonomy":"product_cat","embeddable":true,"href":"https:\/\/onlinehardwareshop.de\/index.php\/wp-json\/wp\/v2\/product_cat?post=72369"},{"taxonomy":"product_tag","embeddable":true,"href":"https:\/\/onlinehardwareshop.de\/index.php\/wp-json\/wp\/v2\/product_tag?post=72369"}],"curies":[{"name":"wp","href":"https:\/\/api.w.org\/{rel}","templated":true}]}}