{"id":72352,"date":"2024-03-15T03:07:14","date_gmt":"2024-03-15T03:07:14","guid":{"rendered":"https:\/\/onlinehardwareshop.de\/index.php\/produkt\/russell-hobbs-colours-plus-mini-rot-2\/"},"modified":"2025-05-14T01:27:53","modified_gmt":"2025-05-14T01:27:53","slug":"russell-hobbs-colours-plus-mini-rot","status":"publish","type":"product","link":"https:\/\/onlinehardwareshop.de\/index.php\/produkt\/russell-hobbs-colours-plus-mini-rot\/","title":{"rendered":"Russell Hobbs Colours Plus+ Mini Rot"},"content":{"rendered":"<p>Wenn du Wasser f\u00fcr nur eine Tasse Tee f\u00fcr dich selbst kochen willst, dann kocht der Russell Hobbs Colours Plus+ Mini Rot genau die richtige Menge Wasser. Das liegt daran, dass dieser Wasserkocher eine praktische Anzeige f\u00fcr eine, zwei oder drei Tassen Tee hat. Wenn du den Wasserkocher benutzt, um eine gro\u00dfe Kanne Tee zuzubereiten, kannst du maximal einen Liter kochen. Durch seine kompakte Gr\u00f6\u00dfe nimmt er nicht viel Platz in der K\u00fcche ein. Vergiss nicht, nach einiger Zeit den Anti-Kalk-Filter abzusp\u00fclen, damit dein Wasser kalkfrei bleibt.<\/p>\n","protected":false},"excerpt":{"rendered":"<p>Wenn du Wasser f\u00fcr nur eine Tasse Tee f\u00fcr dich selbst kochen willst, dann kocht der Russell Hobbs Colours Plus+ Mini Rot genau die richtige Menge Wasser. Das liegt daran, dass dieser Wasserkocher eine praktische Anzeige f\u00fcr eine, zwei oder drei Tassen Tee hat. Wenn du den Wasserkocher benutzt, um eine gro\u00dfe Kanne Tee zuzubereiten, kannst du maximal einen Liter kochen. Durch seine kompakte Gr\u00f6\u00dfe nimmt er nicht viel Platz in der K\u00fcche ein. Vergiss nicht, nach einiger Zeit den Anti-Kalk-Filter abzusp\u00fclen, damit dein Wasser kalkfrei bleibt.<\/p>\n","protected":false},"featured_media":0,"comment_status":"closed","ping_status":"open","template":"","meta":{"_acf_changed":false},"brand":[734],"product_brand":[],"product_cat":[716],"product_tag":[717],"class_list":{"0":"post-72352","1":"product","2":"type-product","3":"status-publish","5":"brand-russell-hobbs","6":"product_cat-wasserkocher","7":"product_tag-waterkokers","8":"pa_condition-new","9":"pa_coolblue-de-verzending-morgen-gratis-geliefert","10":"pa_ean-4430","11":"pa_mpn-24992-70","13":"first","14":"instock","15":"product-type-external"},"acf":[],"_links":{"self":[{"href":"https:\/\/onlinehardwareshop.de\/index.php\/wp-json\/wp\/v2\/product\/72352","targetHints":{"allow":["GET"]}}],"collection":[{"href":"https:\/\/onlinehardwareshop.de\/index.php\/wp-json\/wp\/v2\/product"}],"about":[{"href":"https:\/\/onlinehardwareshop.de\/index.php\/wp-json\/wp\/v2\/types\/product"}],"replies":[{"embeddable":true,"href":"https:\/\/onlinehardwareshop.de\/index.php\/wp-json\/wp\/v2\/comments?post=72352"}],"wp:attachment":[{"href":"https:\/\/onlinehardwareshop.de\/index.php\/wp-json\/wp\/v2\/media?parent=72352"}],"wp:term":[{"taxonomy":"brand","embeddable":true,"href":"https:\/\/onlinehardwareshop.de\/index.php\/wp-json\/wp\/v2\/brand?post=72352"},{"taxonomy":"product_brand","embeddable":true,"href":"https:\/\/onlinehardwareshop.de\/index.php\/wp-json\/wp\/v2\/product_brand?post=72352"},{"taxonomy":"product_cat","embeddable":true,"href":"https:\/\/onlinehardwareshop.de\/index.php\/wp-json\/wp\/v2\/product_cat?post=72352"},{"taxonomy":"product_tag","embeddable":true,"href":"https:\/\/onlinehardwareshop.de\/index.php\/wp-json\/wp\/v2\/product_tag?post=72352"}],"curies":[{"name":"wp","href":"https:\/\/api.w.org\/{rel}","templated":true}]}}