{"id":72351,"date":"2024-08-17T03:58:51","date_gmt":"2024-08-17T03:58:51","guid":{"rendered":"https:\/\/onlinehardwareshop.de\/index.php\/produkt\/wrmeleitpaste-corsair-tm30-performance-1g-2\/"},"modified":"2025-05-14T01:27:40","modified_gmt":"2025-05-14T01:27:40","slug":"wrmeleitpaste-corsair-tm30-performance-1g","status":"publish","type":"product","link":"https:\/\/onlinehardwareshop.de\/index.php\/produkt\/wrmeleitpaste-corsair-tm30-performance-1g\/","title":{"rendered":"W&#xE4;rmeleitpaste Corsair TM30 Performance &#8211; 1&#xA0;g"},"content":{"rendered":"<p>Verhindere eine \u00dcberhitzung deiner Komponenten mit der W\u00e4rmeleitpaste Corsair TM30 Performance. Ein Tr\u00f6pfchen W\u00e4rmeleitpaste auf den Core deiner CPU reicht aus, um die W\u00e4rme besser zum K\u00fchler abzuleiten. Die W\u00e4rmeleitpaste ist nicht stromleitend und enth\u00e4lt keine Giftstoffe, die deine Komponenten besch\u00e4digen. Diese d\u00fcnne Fl\u00fcssigkeit platzierst du mit der mitgelieferten Spritze m\u00fchelos auf deinem Prozessor. Die W\u00e4rmeleitpaste TM30 Performance ist laut Hersteller jahrelang haltbar, ohne einzutrocknen.<\/p>\n","protected":false},"excerpt":{"rendered":"<p>Verhindere eine \u00dcberhitzung deiner Komponenten mit der W\u00e4rmeleitpaste Corsair TM30 Performance. Ein Tr\u00f6pfchen W\u00e4rmeleitpaste auf den Core deiner CPU reicht aus, um die W\u00e4rme besser zum K\u00fchler abzuleiten. Die W\u00e4rmeleitpaste ist nicht stromleitend und enth\u00e4lt keine Giftstoffe, die deine Komponenten besch\u00e4digen. Diese d\u00fcnne Fl\u00fcssigkeit platzierst du mit der mitgelieferten Spritze m\u00fchelos auf deinem Prozessor. Die W\u00e4rmeleitpaste TM30 Performance ist laut Hersteller jahrelang haltbar, ohne einzutrocknen.<\/p>\n","protected":false},"featured_media":0,"comment_status":"closed","ping_status":"open","template":"","meta":{"_acf_changed":false},"brand":[1900],"product_brand":[],"product_cat":[4254],"product_tag":[4255],"class_list":{"0":"post-72351","1":"product","2":"type-product","3":"status-publish","5":"brand-corsair","6":"product_cat-wrmeleitpaste","7":"product_tag-koelpasta","8":"pa_condition-new","9":"pa_coolblue-de-verzending-morgen-gratis-geliefert","10":"pa_ean-4428","11":"pa_mpn-ct-9010001-ww","13":"first","14":"instock","15":"product-type-external"},"acf":[],"_links":{"self":[{"href":"https:\/\/onlinehardwareshop.de\/index.php\/wp-json\/wp\/v2\/product\/72351","targetHints":{"allow":["GET"]}}],"collection":[{"href":"https:\/\/onlinehardwareshop.de\/index.php\/wp-json\/wp\/v2\/product"}],"about":[{"href":"https:\/\/onlinehardwareshop.de\/index.php\/wp-json\/wp\/v2\/types\/product"}],"replies":[{"embeddable":true,"href":"https:\/\/onlinehardwareshop.de\/index.php\/wp-json\/wp\/v2\/comments?post=72351"}],"wp:attachment":[{"href":"https:\/\/onlinehardwareshop.de\/index.php\/wp-json\/wp\/v2\/media?parent=72351"}],"wp:term":[{"taxonomy":"brand","embeddable":true,"href":"https:\/\/onlinehardwareshop.de\/index.php\/wp-json\/wp\/v2\/brand?post=72351"},{"taxonomy":"product_brand","embeddable":true,"href":"https:\/\/onlinehardwareshop.de\/index.php\/wp-json\/wp\/v2\/product_brand?post=72351"},{"taxonomy":"product_cat","embeddable":true,"href":"https:\/\/onlinehardwareshop.de\/index.php\/wp-json\/wp\/v2\/product_cat?post=72351"},{"taxonomy":"product_tag","embeddable":true,"href":"https:\/\/onlinehardwareshop.de\/index.php\/wp-json\/wp\/v2\/product_tag?post=72351"}],"curies":[{"name":"wp","href":"https:\/\/api.w.org\/{rel}","templated":true}]}}