{"id":72337,"date":"2024-06-13T21:46:44","date_gmt":"2024-06-13T21:46:44","guid":{"rendered":"https:\/\/onlinehardwareshop.de\/index.php\/produkt\/sage-nespresso-creatista-plus-sne800sst-meersalz-2\/"},"modified":"2025-05-14T01:26:57","modified_gmt":"2025-05-14T01:26:57","slug":"sage-nespresso-creatista-plus-sne800sst-meersalz","status":"publish","type":"product","link":"https:\/\/onlinehardwareshop.de\/index.php\/produkt\/sage-nespresso-creatista-plus-sne800sst-meersalz\/","title":{"rendered":"Sage Nespresso Creatista Plus SNE800SST Meersalz"},"content":{"rendered":"<p>Mit der Sage Nespresso Creatista Plus SNE800BSS Meersalz komplett aus Edelstahl kannst du dank der hochwertigen Dampflanze die k\u00f6stlichsten Milchgetr\u00e4nke zubereiten. Diese Dampflanze aus Edelstahl sch\u00e4umt Milch automatisch auf, wenn du einen Beh\u00e4lter mit frischer Milch darunter stellst. W\u00e4hle aus elf Temperatureinstellungen zum Erhitzen der Milch und aus acht Einstellungen f\u00fcr die Dicke des Milchschaums aus. Du kannst die Kaffeemaschine sehr einfach \u00fcber das Display und den Drehknopf bedienen und jede Tasse Kaffee genau nach deinem Geschmack einstellen. In nur drei Sekunden ist die Maschine aufgew\u00e4rmt und einsatzbereit. Dank des ger\u00e4umigen 1,5-Liter-Wasserbeh\u00e4lters kannst du nacheinander zw\u00f6lf gro\u00dfe Kaffeetassen machen, ohne den Wassertank auff\u00fcllen zu m\u00fcssen. Praktisch, wenn du mit mehreren Kaffeetrinkern im Haus wohnst.<\/p>\n","protected":false},"excerpt":{"rendered":"<p>Mit der Sage Nespresso Creatista Plus SNE800BSS Meersalz komplett aus Edelstahl kannst du dank der hochwertigen Dampflanze die k\u00f6stlichsten Milchgetr\u00e4nke zubereiten. Diese Dampflanze aus Edelstahl sch\u00e4umt Milch automatisch auf, wenn du einen Beh\u00e4lter mit frischer Milch darunter stellst. W\u00e4hle aus elf Temperatureinstellungen zum Erhitzen der Milch und aus acht Einstellungen f\u00fcr die Dicke des Milchschaums aus. Du kannst die Kaffeemaschine sehr einfach \u00fcber das Display und den Drehknopf bedienen und jede Tasse Kaffee genau nach deinem Geschmack einstellen. In nur drei Sekunden ist die Maschine aufgew\u00e4rmt und einsatzbereit. Dank des ger\u00e4umigen 1,5-Liter-Wasserbeh\u00e4lters kannst du nacheinander zw\u00f6lf gro\u00dfe Kaffeetassen machen, ohne den Wassertank auff\u00fcllen zu m\u00fcssen. Praktisch, wenn du mit mehreren Kaffeetrinkern im Haus wohnst.<\/p>\n","protected":false},"featured_media":0,"comment_status":"closed","ping_status":"open","template":"","meta":{"_acf_changed":false},"brand":[4385],"product_brand":[],"product_cat":[3066],"product_tag":[3067],"class_list":{"0":"post-72337","1":"product","2":"type-product","3":"status-publish","5":"brand-sage","6":"product_cat-kapsel-und-pad-maschinen","7":"product_tag-nespresso-original-koffieapparaten","8":"pa_condition-new","9":"pa_coolblue-de-verzending-morgen-gratis-geliefert","10":"pa_ean-31690","11":"pa_mpn-sne800sst2enl1","13":"first","14":"instock","15":"product-type-external"},"acf":[],"_links":{"self":[{"href":"https:\/\/onlinehardwareshop.de\/index.php\/wp-json\/wp\/v2\/product\/72337","targetHints":{"allow":["GET"]}}],"collection":[{"href":"https:\/\/onlinehardwareshop.de\/index.php\/wp-json\/wp\/v2\/product"}],"about":[{"href":"https:\/\/onlinehardwareshop.de\/index.php\/wp-json\/wp\/v2\/types\/product"}],"replies":[{"embeddable":true,"href":"https:\/\/onlinehardwareshop.de\/index.php\/wp-json\/wp\/v2\/comments?post=72337"}],"wp:attachment":[{"href":"https:\/\/onlinehardwareshop.de\/index.php\/wp-json\/wp\/v2\/media?parent=72337"}],"wp:term":[{"taxonomy":"brand","embeddable":true,"href":"https:\/\/onlinehardwareshop.de\/index.php\/wp-json\/wp\/v2\/brand?post=72337"},{"taxonomy":"product_brand","embeddable":true,"href":"https:\/\/onlinehardwareshop.de\/index.php\/wp-json\/wp\/v2\/product_brand?post=72337"},{"taxonomy":"product_cat","embeddable":true,"href":"https:\/\/onlinehardwareshop.de\/index.php\/wp-json\/wp\/v2\/product_cat?post=72337"},{"taxonomy":"product_tag","embeddable":true,"href":"https:\/\/onlinehardwareshop.de\/index.php\/wp-json\/wp\/v2\/product_tag?post=72337"}],"curies":[{"name":"wp","href":"https:\/\/api.w.org\/{rel}","templated":true}]}}