{"id":72315,"date":"2024-01-14T07:25:39","date_gmt":"2024-01-14T07:25:39","guid":{"rendered":"https:\/\/onlinehardwareshop.de\/index.php\/produkt\/weber-original-kettle-e-5730-57-cm-schwarz-2\/"},"modified":"2025-05-14T01:25:03","modified_gmt":"2025-05-14T01:25:03","slug":"weber-original-kettle-e-5730-57-cm-schwarz","status":"publish","type":"product","link":"https:\/\/onlinehardwareshop.de\/index.php\/produkt\/weber-original-kettle-e-5730-57-cm-schwarz\/","title":{"rendered":"Weber Original Kettle E-5730 57 cm Schwarz"},"content":{"rendered":"<p>Mit dem Weber Original Kettle E-5730 57\u00a0cm Schwarz grillst du f\u00fcr bis zu zw\u00f6lf Personen gleichzeitig. So bereitest du problemlos Grillgut f\u00fcr eine gro\u00dfe Gruppe von Freunden oder die Familie zu. Am Griff befinden sich zwei Haken, an denen du dein Grillbesteck (nicht im Lieferumfang enthalten) aufh\u00e4ngst. So ist es immer griffbereit. Der Deckel l\u00e4sst sich einfach an der Deckelhalterung aufh\u00e4ngen, sodass du ihn nicht zur Seite legen musst. Dank des Untergestells grillst du in einer angenehmen H\u00f6he, sodass du keine R\u00fcckenschmerzen bekommst. Auf Knopfdruck f\u00e4llt die Asche in den geschlossenen Ascheauffangbeh\u00e4lter. So weht sie nicht weg und du r\u00e4umst sie schnell auf.<\/p>\n","protected":false},"excerpt":{"rendered":"<p>Mit dem Weber Original Kettle E-5730 57\u00a0cm Schwarz grillst du f\u00fcr bis zu zw\u00f6lf Personen gleichzeitig. So bereitest du problemlos Grillgut f\u00fcr eine gro\u00dfe Gruppe von Freunden oder die Familie zu. Am Griff befinden sich zwei Haken, an denen du dein Grillbesteck (nicht im Lieferumfang enthalten) aufh\u00e4ngst. So ist es immer griffbereit. Der Deckel l\u00e4sst sich einfach an der Deckelhalterung aufh\u00e4ngen, sodass du ihn nicht zur Seite legen musst. Dank des Untergestells grillst du in einer angenehmen H\u00f6he, sodass du keine R\u00fcckenschmerzen bekommst. Auf Knopfdruck f\u00e4llt die Asche in den geschlossenen Ascheauffangbeh\u00e4lter. So weht sie nicht weg und du r\u00e4umst sie schnell auf.<\/p>\n","protected":false},"featured_media":0,"comment_status":"closed","ping_status":"open","template":"","meta":{"_acf_changed":false},"brand":[698],"product_brand":[],"product_cat":[699],"product_tag":[700],"class_list":{"0":"post-72315","1":"product","2":"type-product","3":"status-publish","5":"brand-weber","6":"product_cat-grills","7":"product_tag-houtskool-barbecues","8":"pa_condition-new","9":"pa_coolblue-de-verzending-morgen-gratis-geliefert","10":"pa_ean-4348","11":"pa_mpn-4349","13":"first","14":"instock","15":"product-type-external"},"acf":[],"_links":{"self":[{"href":"https:\/\/onlinehardwareshop.de\/index.php\/wp-json\/wp\/v2\/product\/72315","targetHints":{"allow":["GET"]}}],"collection":[{"href":"https:\/\/onlinehardwareshop.de\/index.php\/wp-json\/wp\/v2\/product"}],"about":[{"href":"https:\/\/onlinehardwareshop.de\/index.php\/wp-json\/wp\/v2\/types\/product"}],"replies":[{"embeddable":true,"href":"https:\/\/onlinehardwareshop.de\/index.php\/wp-json\/wp\/v2\/comments?post=72315"}],"wp:attachment":[{"href":"https:\/\/onlinehardwareshop.de\/index.php\/wp-json\/wp\/v2\/media?parent=72315"}],"wp:term":[{"taxonomy":"brand","embeddable":true,"href":"https:\/\/onlinehardwareshop.de\/index.php\/wp-json\/wp\/v2\/brand?post=72315"},{"taxonomy":"product_brand","embeddable":true,"href":"https:\/\/onlinehardwareshop.de\/index.php\/wp-json\/wp\/v2\/product_brand?post=72315"},{"taxonomy":"product_cat","embeddable":true,"href":"https:\/\/onlinehardwareshop.de\/index.php\/wp-json\/wp\/v2\/product_cat?post=72315"},{"taxonomy":"product_tag","embeddable":true,"href":"https:\/\/onlinehardwareshop.de\/index.php\/wp-json\/wp\/v2\/product_tag?post=72315"}],"curies":[{"name":"wp","href":"https:\/\/api.w.org\/{rel}","templated":true}]}}