{"id":72310,"date":"2024-01-10T19:03:27","date_gmt":"2024-01-10T19:03:27","guid":{"rendered":"https:\/\/onlinehardwareshop.de\/index.php\/produkt\/krups-nespresso-citiz-xn741b-silber-2\/"},"modified":"2025-05-14T01:24:39","modified_gmt":"2025-05-14T01:24:39","slug":"krups-nespresso-citiz-xn741b-silber","status":"publish","type":"product","link":"https:\/\/onlinehardwareshop.de\/index.php\/produkt\/krups-nespresso-citiz-xn741b-silber\/","title":{"rendered":"Krups Nespresso Citiz XN741B Silber"},"content":{"rendered":"<p>Mit der Krups Nespresso Citiz XN741B Silber kannst du einen Espresso oder Lungo ganz nach deinem Geschmack zubereiten. Du kannst die Wassermenge f\u00fcr jede Kaffeespezialit\u00e4t festlegen. Je weniger Wasser du hinzuf\u00fcgst, desto intensiver schmeckt deine Tasse Kaffee. Die Citiz kommt im Retro-Design mit moderner Optik daher. Die verstellbare und einklappbare Tropfschale kannst du einfach an die Gr\u00f6\u00dfe deiner Tasse anpassen. Auf diese Weise passen auch h\u00f6here Kaffeegl\u00e4ser unter die Maschine. Selbst wenn du es morgens eilig hast, kannst du schnell noch eine Tasse Kaffee trinken, da die Kaffeemaschine innerhalb von 25 Sekunden aufgeheizt und einsatzbereit ist. Hast du in der Eile vergessen, die Maschine auszuschalten? Dann schaltet sie sich nach 9 Minuten automatisch aus.<\/p>\n","protected":false},"excerpt":{"rendered":"<p>Mit der Krups Nespresso Citiz XN741B Silber kannst du einen Espresso oder Lungo ganz nach deinem Geschmack zubereiten. Du kannst die Wassermenge f\u00fcr jede Kaffeespezialit\u00e4t festlegen. Je weniger Wasser du hinzuf\u00fcgst, desto intensiver schmeckt deine Tasse Kaffee. Die Citiz kommt im Retro-Design mit moderner Optik daher. Die verstellbare und einklappbare Tropfschale kannst du einfach an die Gr\u00f6\u00dfe deiner Tasse anpassen. Auf diese Weise passen auch h\u00f6here Kaffeegl\u00e4ser unter die Maschine. Selbst wenn du es morgens eilig hast, kannst du schnell noch eine Tasse Kaffee trinken, da die Kaffeemaschine innerhalb von 25 Sekunden aufgeheizt und einsatzbereit ist. Hast du in der Eile vergessen, die Maschine auszuschalten? Dann schaltet sie sich nach 9 Minuten automatisch aus.<\/p>\n","protected":false},"featured_media":0,"comment_status":"closed","ping_status":"open","template":"","meta":{"_acf_changed":false},"brand":[1483],"product_brand":[],"product_cat":[3066],"product_tag":[3067],"class_list":{"0":"post-72310","1":"product","2":"type-product","3":"status-publish","5":"brand-krups","6":"product_cat-kapsel-und-pad-maschinen","7":"product_tag-nespresso-original-koffieapparaten","8":"pa_condition-new","9":"pa_coolblue-de-verzending-morgen-gratis-geliefert","10":"pa_ean-4340","11":"pa_mpn-xn741bnl","13":"first","14":"instock","15":"product-type-external"},"acf":[],"_links":{"self":[{"href":"https:\/\/onlinehardwareshop.de\/index.php\/wp-json\/wp\/v2\/product\/72310","targetHints":{"allow":["GET"]}}],"collection":[{"href":"https:\/\/onlinehardwareshop.de\/index.php\/wp-json\/wp\/v2\/product"}],"about":[{"href":"https:\/\/onlinehardwareshop.de\/index.php\/wp-json\/wp\/v2\/types\/product"}],"replies":[{"embeddable":true,"href":"https:\/\/onlinehardwareshop.de\/index.php\/wp-json\/wp\/v2\/comments?post=72310"}],"wp:attachment":[{"href":"https:\/\/onlinehardwareshop.de\/index.php\/wp-json\/wp\/v2\/media?parent=72310"}],"wp:term":[{"taxonomy":"brand","embeddable":true,"href":"https:\/\/onlinehardwareshop.de\/index.php\/wp-json\/wp\/v2\/brand?post=72310"},{"taxonomy":"product_brand","embeddable":true,"href":"https:\/\/onlinehardwareshop.de\/index.php\/wp-json\/wp\/v2\/product_brand?post=72310"},{"taxonomy":"product_cat","embeddable":true,"href":"https:\/\/onlinehardwareshop.de\/index.php\/wp-json\/wp\/v2\/product_cat?post=72310"},{"taxonomy":"product_tag","embeddable":true,"href":"https:\/\/onlinehardwareshop.de\/index.php\/wp-json\/wp\/v2\/product_tag?post=72310"}],"curies":[{"name":"wp","href":"https:\/\/api.w.org\/{rel}","templated":true}]}}