{"id":72307,"date":"2025-04-17T11:41:14","date_gmt":"2025-04-17T11:41:14","guid":{"rendered":"https:\/\/onlinehardwareshop.de\/index.php\/produkt\/moulinex-pain-delices-ow240e30-2\/"},"modified":"2025-05-14T01:24:24","modified_gmt":"2025-05-14T01:24:24","slug":"moulinex-pain-delices-ow240e30","status":"publish","type":"product","link":"https:\/\/onlinehardwareshop.de\/index.php\/produkt\/moulinex-pain-delices-ow240e30\/","title":{"rendered":"Moulinex Pain &#038; Delices OW240E30"},"content":{"rendered":"<p>Mit dem Moulinex Pain &#038; Delices OW240E30 kannst du neben Brot im Handumdrehen Nudelteig, M\u00fcsli oder sogar Joghurtgetr\u00e4nke und verschiedene K\u00e4segerichte zubereiten. Zus\u00e4tzlich zu den normalen Backteilen erh\u00e4ltst du eine spezielle Schale f\u00fcr die Herstellung von einem Liter K\u00e4se oder Joghurt. Fehlt dir die Inspiration? Die holst du dir aus dem mitgelieferten Rezeptbuch mit verschiedenen Zubereitungen. Alles was du tun musst, ist die Zutaten in die Maschine zu geben, das richtige Programm aus den 20 Optionen auszuw\u00e4hlen und die Maschine erledigt den Rest. Auch wenn du fr\u00fch aus dem Haus musst, kann du frisches Brot essen. Du kannst den Timer n\u00e4mlich bis zu 15 Stunden im Voraus einstellen. So startest du gut in den Tag.<\/p>\n","protected":false},"excerpt":{"rendered":"<p>Mit dem Moulinex Pain &#038; Delices OW240E30 kannst du neben Brot im Handumdrehen Nudelteig, M\u00fcsli oder sogar Joghurtgetr\u00e4nke und verschiedene K\u00e4segerichte zubereiten. Zus\u00e4tzlich zu den normalen Backteilen erh\u00e4ltst du eine spezielle Schale f\u00fcr die Herstellung von einem Liter K\u00e4se oder Joghurt. Fehlt dir die Inspiration? Die holst du dir aus dem mitgelieferten Rezeptbuch mit verschiedenen Zubereitungen. Alles was du tun musst, ist die Zutaten in die Maschine zu geben, das richtige Programm aus den 20 Optionen auszuw\u00e4hlen und die Maschine erledigt den Rest. Auch wenn du fr\u00fch aus dem Haus musst, kann du frisches Brot essen. Du kannst den Timer n\u00e4mlich bis zu 15 Stunden im Voraus einstellen. So startest du gut in den Tag.<\/p>\n","protected":false},"featured_media":0,"comment_status":"closed","ping_status":"open","template":"","meta":{"_acf_changed":false},"brand":[1395],"product_brand":[],"product_cat":[1396],"product_tag":[1397],"class_list":{"0":"post-72307","1":"product","2":"type-product","3":"status-publish","5":"brand-moulinex","6":"product_cat-brotbackautomaten","7":"product_tag-broodbakmachines","8":"pa_condition-new","9":"pa_coolblue-de-verzending-morgen-gratis-geliefert","10":"pa_ean-4332","11":"pa_mpn-ow240e30","13":"first","14":"instock","15":"product-type-external"},"acf":[],"_links":{"self":[{"href":"https:\/\/onlinehardwareshop.de\/index.php\/wp-json\/wp\/v2\/product\/72307","targetHints":{"allow":["GET"]}}],"collection":[{"href":"https:\/\/onlinehardwareshop.de\/index.php\/wp-json\/wp\/v2\/product"}],"about":[{"href":"https:\/\/onlinehardwareshop.de\/index.php\/wp-json\/wp\/v2\/types\/product"}],"replies":[{"embeddable":true,"href":"https:\/\/onlinehardwareshop.de\/index.php\/wp-json\/wp\/v2\/comments?post=72307"}],"wp:attachment":[{"href":"https:\/\/onlinehardwareshop.de\/index.php\/wp-json\/wp\/v2\/media?parent=72307"}],"wp:term":[{"taxonomy":"brand","embeddable":true,"href":"https:\/\/onlinehardwareshop.de\/index.php\/wp-json\/wp\/v2\/brand?post=72307"},{"taxonomy":"product_brand","embeddable":true,"href":"https:\/\/onlinehardwareshop.de\/index.php\/wp-json\/wp\/v2\/product_brand?post=72307"},{"taxonomy":"product_cat","embeddable":true,"href":"https:\/\/onlinehardwareshop.de\/index.php\/wp-json\/wp\/v2\/product_cat?post=72307"},{"taxonomy":"product_tag","embeddable":true,"href":"https:\/\/onlinehardwareshop.de\/index.php\/wp-json\/wp\/v2\/product_tag?post=72307"}],"curies":[{"name":"wp","href":"https:\/\/api.w.org\/{rel}","templated":true}]}}