{"id":72303,"date":"2025-04-30T13:54:50","date_gmt":"2025-04-30T13:54:50","guid":{"rendered":"https:\/\/onlinehardwareshop.de\/index.php\/produkt\/leitz-iq-home-office-p4-2\/"},"modified":"2025-05-14T01:24:05","modified_gmt":"2025-05-14T01:24:05","slug":"leitz-iq-home-office-p4","status":"publish","type":"product","link":"https:\/\/onlinehardwareshop.de\/index.php\/produkt\/leitz-iq-home-office-p4\/","title":{"rendered":"Leitz IQ Home Office P4"},"content":{"rendered":"<p>Mit dem Leitz IQ Home Office P4 kannst du vertrauliche Dokumente vernichten. Dieser Aktenvernichter eignet sich vor allem f\u00fcr zu Hause. Der IQ Home Office P4 entspricht der Sicherheitsstufe der DIN P-4, wodurch er ein A4 in 421 nicht wiederherstellbare Partikel zerteilt. Du kannst bis zu zehn Dokumente gleichzeitig vernichten, sogar, wenn sie noch Heft- und B\u00fcroklammern haben. F\u00fchrst du versehentlich zu viele Bl\u00e4tter ein? Dann schiebt die Anti-Papierstau-Funktion das Papier automatisch wieder nach oben. Den Auffangbeh\u00e4lter musst du dank einer Kapazit\u00e4t von 225 Bl\u00e4ttern nicht oft entleeren. Dieses Modell erzeugt einen Ger\u00e4uschpegel von 55\u00a0dB, was vergleichbar mit einer laufenden Waschmaschine ist. Du zerkleinerst Dokumente sechs Minuten lang ununterbrochen. Danach muss der Aktenvernichter 60 Minuten lang abk\u00fchlen.<\/p>\n","protected":false},"excerpt":{"rendered":"<p>Mit dem Leitz IQ Home Office P4 kannst du vertrauliche Dokumente vernichten. Dieser Aktenvernichter eignet sich vor allem f\u00fcr zu Hause. Der IQ Home Office P4 entspricht der Sicherheitsstufe der DIN P-4, wodurch er ein A4 in 421 nicht wiederherstellbare Partikel zerteilt. Du kannst bis zu zehn Dokumente gleichzeitig vernichten, sogar, wenn sie noch Heft- und B\u00fcroklammern haben. F\u00fchrst du versehentlich zu viele Bl\u00e4tter ein? Dann schiebt die Anti-Papierstau-Funktion das Papier automatisch wieder nach oben. Den Auffangbeh\u00e4lter musst du dank einer Kapazit\u00e4t von 225 Bl\u00e4ttern nicht oft entleeren. Dieses Modell erzeugt einen Ger\u00e4uschpegel von 55\u00a0dB, was vergleichbar mit einer laufenden Waschmaschine ist. Du zerkleinerst Dokumente sechs Minuten lang ununterbrochen. Danach muss der Aktenvernichter 60 Minuten lang abk\u00fchlen.<\/p>\n","protected":false},"featured_media":0,"comment_status":"closed","ping_status":"open","template":"","meta":{"_acf_changed":false},"brand":[4325],"product_brand":[],"product_cat":[421],"product_tag":[422],"class_list":{"0":"post-72303","1":"product","2":"type-product","3":"status-publish","5":"brand-leitz","6":"product_cat-aktenvernichter","7":"product_tag-papiervernietigers","8":"pa_condition-new","9":"pa_coolblue-de-verzending-morgen-gratis-geliefert","10":"pa_ean-4323","11":"pa_mpn-4324","13":"first","14":"instock","15":"product-type-external"},"acf":[],"_links":{"self":[{"href":"https:\/\/onlinehardwareshop.de\/index.php\/wp-json\/wp\/v2\/product\/72303","targetHints":{"allow":["GET"]}}],"collection":[{"href":"https:\/\/onlinehardwareshop.de\/index.php\/wp-json\/wp\/v2\/product"}],"about":[{"href":"https:\/\/onlinehardwareshop.de\/index.php\/wp-json\/wp\/v2\/types\/product"}],"replies":[{"embeddable":true,"href":"https:\/\/onlinehardwareshop.de\/index.php\/wp-json\/wp\/v2\/comments?post=72303"}],"wp:attachment":[{"href":"https:\/\/onlinehardwareshop.de\/index.php\/wp-json\/wp\/v2\/media?parent=72303"}],"wp:term":[{"taxonomy":"brand","embeddable":true,"href":"https:\/\/onlinehardwareshop.de\/index.php\/wp-json\/wp\/v2\/brand?post=72303"},{"taxonomy":"product_brand","embeddable":true,"href":"https:\/\/onlinehardwareshop.de\/index.php\/wp-json\/wp\/v2\/product_brand?post=72303"},{"taxonomy":"product_cat","embeddable":true,"href":"https:\/\/onlinehardwareshop.de\/index.php\/wp-json\/wp\/v2\/product_cat?post=72303"},{"taxonomy":"product_tag","embeddable":true,"href":"https:\/\/onlinehardwareshop.de\/index.php\/wp-json\/wp\/v2\/product_tag?post=72303"}],"curies":[{"name":"wp","href":"https:\/\/api.w.org\/{rel}","templated":true}]}}