{"id":72297,"date":"2024-08-30T22:26:59","date_gmt":"2024-08-30T22:26:59","guid":{"rendered":"https:\/\/onlinehardwareshop.de\/index.php\/produkt\/boya-uhf-duo-lavalier-mikrofon-kabellos-by-wm8-pro-k1-2\/"},"modified":"2025-05-14T01:13:31","modified_gmt":"2025-05-14T01:13:31","slug":"boya-uhf-duo-lavalier-mikrofon-kabellos-by-wm8-pro-k1","status":"publish","type":"product","link":"https:\/\/onlinehardwareshop.de\/index.php\/produkt\/boya-uhf-duo-lavalier-mikrofon-kabellos-by-wm8-pro-k1\/","title":{"rendered":"Boya UHF Duo Lavalier-Mikrofon Kabellos BY-WM8 Pro-K1"},"content":{"rendered":"<p>Hinweis: Um dieses Mikrofonset an dein Smartphone anzuschlie\u00dfen, brauchst du den Boya Smartphone-Adapter BY-CIP f\u00fcr iOS und Android.     Das Boya BY-WM8 Duo Lavalier Pro-K1 ist ein kabelloses Mikrofon-Set mit Ansteckmikrofon, Sender und Empf\u00e4nger, das du an dein Smartphone, deinen Camcorder, deine Spiegelreflexkamera oder deine Systemkamera anschlie\u00dfen kannst. Dieses Set eignet sich f\u00fcr Vlogs, Videointerviews und Pr\u00e4sentationen. Dank der UHF-Frequenz, die das Rauschen reduziert, machst du klare Tonaufnahmen. Aufgrund des geringen Gewichts kannst du das Mikrofon-Set problemlos unterwegs mitnehmen. Die Mikrofone haben eine Reichweite von bis zu 100 Metern, wenn sich zwischen Sender und Empf\u00e4nger keine Hindernisse befinden. Dies gibt dir gen\u00fcgend Bewegungsfreiheit. Sowohl der Sender als auch der Empf\u00e4nger arbeiten mit 2 AA-Batterien. Mit vollem Akku kannst du ca. sechs Stunden lang Audio aufnehmen.<\/p>\n","protected":false},"excerpt":{"rendered":"<p>Hinweis: Um dieses Mikrofonset an dein Smartphone anzuschlie\u00dfen, brauchst du den Boya Smartphone-Adapter BY-CIP f\u00fcr iOS und Android.     Das Boya BY-WM8 Duo Lavalier Pro-K1 ist ein kabelloses Mikrofon-Set mit Ansteckmikrofon, Sender und Empf\u00e4nger, das du an dein Smartphone, deinen Camcorder, deine Spiegelreflexkamera oder deine Systemkamera anschlie\u00dfen kannst. Dieses Set eignet sich f\u00fcr Vlogs, Videointerviews und Pr\u00e4sentationen. Dank der UHF-Frequenz, die das Rauschen reduziert, machst du klare Tonaufnahmen. Aufgrund des geringen Gewichts kannst du das Mikrofon-Set problemlos unterwegs mitnehmen. Die Mikrofone haben eine Reichweite von bis zu 100 Metern, wenn sich zwischen Sender und Empf\u00e4nger keine Hindernisse befinden. Dies gibt dir gen\u00fcgend Bewegungsfreiheit. Sowohl der Sender als auch der Empf\u00e4nger arbeiten mit 2 AA-Batterien. Mit vollem Akku kannst du ca. sechs Stunden lang Audio aufnehmen.<\/p>\n","protected":false},"featured_media":0,"comment_status":"closed","ping_status":"open","template":"","meta":{"_acf_changed":false},"brand":[3417],"product_brand":[],"product_cat":[1570],"product_tag":[1571],"class_list":{"0":"post-72297","1":"product","2":"type-product","3":"status-publish","5":"brand-boya","6":"product_cat-kameramikrofone","7":"product_tag-cameramicrofoons","8":"pa_condition-new","9":"pa_coolblue-de-verzending-morgen-gratis-geliefert","10":"pa_ean-4308","11":"pa_mpn-4309","13":"first","14":"instock","15":"product-type-external"},"acf":[],"_links":{"self":[{"href":"https:\/\/onlinehardwareshop.de\/index.php\/wp-json\/wp\/v2\/product\/72297","targetHints":{"allow":["GET"]}}],"collection":[{"href":"https:\/\/onlinehardwareshop.de\/index.php\/wp-json\/wp\/v2\/product"}],"about":[{"href":"https:\/\/onlinehardwareshop.de\/index.php\/wp-json\/wp\/v2\/types\/product"}],"replies":[{"embeddable":true,"href":"https:\/\/onlinehardwareshop.de\/index.php\/wp-json\/wp\/v2\/comments?post=72297"}],"wp:attachment":[{"href":"https:\/\/onlinehardwareshop.de\/index.php\/wp-json\/wp\/v2\/media?parent=72297"}],"wp:term":[{"taxonomy":"brand","embeddable":true,"href":"https:\/\/onlinehardwareshop.de\/index.php\/wp-json\/wp\/v2\/brand?post=72297"},{"taxonomy":"product_brand","embeddable":true,"href":"https:\/\/onlinehardwareshop.de\/index.php\/wp-json\/wp\/v2\/product_brand?post=72297"},{"taxonomy":"product_cat","embeddable":true,"href":"https:\/\/onlinehardwareshop.de\/index.php\/wp-json\/wp\/v2\/product_cat?post=72297"},{"taxonomy":"product_tag","embeddable":true,"href":"https:\/\/onlinehardwareshop.de\/index.php\/wp-json\/wp\/v2\/product_tag?post=72297"}],"curies":[{"name":"wp","href":"https:\/\/api.w.org\/{rel}","templated":true}]}}