{"id":72288,"date":"2024-07-16T09:38:46","date_gmt":"2024-07-16T09:38:46","guid":{"rendered":"https:\/\/onlinehardwareshop.de\/index.php\/produkt\/brabantia-bo-touch-bin-2-x-30-liter-mineral-concrete-grey-2\/"},"modified":"2025-05-14T01:12:47","modified_gmt":"2025-05-14T01:12:47","slug":"brabantia-bo-touch-bin-2-x-30-liter-mineral-concrete-grey","status":"publish","type":"product","link":"https:\/\/onlinehardwareshop.de\/index.php\/produkt\/brabantia-bo-touch-bin-2-x-30-liter-mineral-concrete-grey\/","title":{"rendered":"Brabantia Bo Touch Bin 2 x 30 Liter Mineral Concrete Grey"},"content":{"rendered":"<p>Der Brabantia Bo Touch Bin 2x 30 Liter Mineral Concrete Grey eignet sich f\u00fcr einen gro\u00dfen Haushalt. Die zwei losen Inneneimer erm\u00f6glichen die M\u00fclltrennung. Die Inneneimer k\u00f6nnen einzeln herausgenommen werden. So erneuerst du die M\u00fcllbeutel gesondert und ist das Reinigen einfach. Dank des rechteckigen Designs kann der M\u00fclleimer an der Wand oder in einer Ecke stehen. Mit den mitgelieferten M\u00fcllbeuteln Code O hast du gleich die richtigen M\u00fcllbeutel im Haus und kannst du den M\u00fclleimer sofort verwenden.<\/p>\n","protected":false},"excerpt":{"rendered":"<p>Der Brabantia Bo Touch Bin 2x 30 Liter Mineral Concrete Grey eignet sich f\u00fcr einen gro\u00dfen Haushalt. Die zwei losen Inneneimer erm\u00f6glichen die M\u00fclltrennung. Die Inneneimer k\u00f6nnen einzeln herausgenommen werden. So erneuerst du die M\u00fcllbeutel gesondert und ist das Reinigen einfach. Dank des rechteckigen Designs kann der M\u00fclleimer an der Wand oder in einer Ecke stehen. Mit den mitgelieferten M\u00fcllbeuteln Code O hast du gleich die richtigen M\u00fcllbeutel im Haus und kannst du den M\u00fclleimer sofort verwenden.<\/p>\n","protected":false},"featured_media":0,"comment_status":"closed","ping_status":"open","template":"","meta":{"_acf_changed":false},"brand":[66],"product_brand":[],"product_cat":[653],"product_tag":[654],"class_list":{"0":"post-72288","1":"product","2":"type-product","3":"status-publish","5":"brand-brabantia","6":"product_cat-mlleimer","7":"product_tag-prullenbakken-keuken-met-afvalscheiding","8":"pa_condition-new","9":"pa_coolblue-de-verzending-morgen-gratis-geliefert","10":"pa_ean-4302","11":"pa_mpn-4303","13":"first","14":"instock","15":"product-type-external"},"acf":[],"_links":{"self":[{"href":"https:\/\/onlinehardwareshop.de\/index.php\/wp-json\/wp\/v2\/product\/72288","targetHints":{"allow":["GET"]}}],"collection":[{"href":"https:\/\/onlinehardwareshop.de\/index.php\/wp-json\/wp\/v2\/product"}],"about":[{"href":"https:\/\/onlinehardwareshop.de\/index.php\/wp-json\/wp\/v2\/types\/product"}],"replies":[{"embeddable":true,"href":"https:\/\/onlinehardwareshop.de\/index.php\/wp-json\/wp\/v2\/comments?post=72288"}],"wp:attachment":[{"href":"https:\/\/onlinehardwareshop.de\/index.php\/wp-json\/wp\/v2\/media?parent=72288"}],"wp:term":[{"taxonomy":"brand","embeddable":true,"href":"https:\/\/onlinehardwareshop.de\/index.php\/wp-json\/wp\/v2\/brand?post=72288"},{"taxonomy":"product_brand","embeddable":true,"href":"https:\/\/onlinehardwareshop.de\/index.php\/wp-json\/wp\/v2\/product_brand?post=72288"},{"taxonomy":"product_cat","embeddable":true,"href":"https:\/\/onlinehardwareshop.de\/index.php\/wp-json\/wp\/v2\/product_cat?post=72288"},{"taxonomy":"product_tag","embeddable":true,"href":"https:\/\/onlinehardwareshop.de\/index.php\/wp-json\/wp\/v2\/product_tag?post=72288"}],"curies":[{"name":"wp","href":"https:\/\/api.w.org\/{rel}","templated":true}]}}