{"id":72287,"date":"2024-10-06T03:18:24","date_gmt":"2024-10-06T03:18:24","guid":{"rendered":"https:\/\/onlinehardwareshop.de\/index.php\/produkt\/brabantia-bo-touch-bin-2x-30-liter-edelstahl-fingerprint-proof-2\/"},"modified":"2025-05-14T01:12:42","modified_gmt":"2025-05-14T01:12:42","slug":"brabantia-bo-touch-bin-2x-30-liter-edelstahl-fingerprint-proof","status":"publish","type":"product","link":"https:\/\/onlinehardwareshop.de\/index.php\/produkt\/brabantia-bo-touch-bin-2x-30-liter-edelstahl-fingerprint-proof\/","title":{"rendered":"Brabantia Bo Touch Bin 2x 30 Liter Edelstahl Fingerprint Proof"},"content":{"rendered":"<p>Mit dem Brabantia Bo Touch Bin 2x 30 Liter Edelstahl Fingerprint proof sind Fingerabdr\u00fccke am Deckel Geschichte. Das ist fein, denn dieser M\u00fclleimer eignet sich f\u00fcr einen gro\u00dfen Haushalt und wird folglich von vielen Leuten benutzt. Dank Brabantias Soft Touch-System \u00f6ffnest du den Deckel mit einer leichten Ber\u00fchrung. Das Trennen des M\u00fclls wird mit den zwei Inneneimern zum Kinderspiel. Du erneuerst die M\u00fcllbeutel einzeln und reinigst den M\u00fclleimer m\u00fchelos, da du jeden Inneneimer einzeln herausnimmst.<\/p>\n","protected":false},"excerpt":{"rendered":"<p>Mit dem Brabantia Bo Touch Bin 2x 30 Liter Edelstahl Fingerprint proof sind Fingerabdr\u00fccke am Deckel Geschichte. Das ist fein, denn dieser M\u00fclleimer eignet sich f\u00fcr einen gro\u00dfen Haushalt und wird folglich von vielen Leuten benutzt. Dank Brabantias Soft Touch-System \u00f6ffnest du den Deckel mit einer leichten Ber\u00fchrung. Das Trennen des M\u00fclls wird mit den zwei Inneneimern zum Kinderspiel. Du erneuerst die M\u00fcllbeutel einzeln und reinigst den M\u00fclleimer m\u00fchelos, da du jeden Inneneimer einzeln herausnimmst.<\/p>\n","protected":false},"featured_media":0,"comment_status":"closed","ping_status":"open","template":"","meta":{"_acf_changed":false},"brand":[66],"product_brand":[],"product_cat":[653],"product_tag":[654],"class_list":{"0":"post-72287","1":"product","2":"type-product","3":"status-publish","5":"brand-brabantia","6":"product_cat-mlleimer","7":"product_tag-prullenbakken-keuken-met-afvalscheiding","8":"pa_condition-new","9":"pa_coolblue-de-verzending-morgen-gratis-geliefert","10":"pa_ean-4300","11":"pa_mpn-4301","13":"first","14":"instock","15":"product-type-external"},"acf":[],"_links":{"self":[{"href":"https:\/\/onlinehardwareshop.de\/index.php\/wp-json\/wp\/v2\/product\/72287","targetHints":{"allow":["GET"]}}],"collection":[{"href":"https:\/\/onlinehardwareshop.de\/index.php\/wp-json\/wp\/v2\/product"}],"about":[{"href":"https:\/\/onlinehardwareshop.de\/index.php\/wp-json\/wp\/v2\/types\/product"}],"replies":[{"embeddable":true,"href":"https:\/\/onlinehardwareshop.de\/index.php\/wp-json\/wp\/v2\/comments?post=72287"}],"wp:attachment":[{"href":"https:\/\/onlinehardwareshop.de\/index.php\/wp-json\/wp\/v2\/media?parent=72287"}],"wp:term":[{"taxonomy":"brand","embeddable":true,"href":"https:\/\/onlinehardwareshop.de\/index.php\/wp-json\/wp\/v2\/brand?post=72287"},{"taxonomy":"product_brand","embeddable":true,"href":"https:\/\/onlinehardwareshop.de\/index.php\/wp-json\/wp\/v2\/product_brand?post=72287"},{"taxonomy":"product_cat","embeddable":true,"href":"https:\/\/onlinehardwareshop.de\/index.php\/wp-json\/wp\/v2\/product_cat?post=72287"},{"taxonomy":"product_tag","embeddable":true,"href":"https:\/\/onlinehardwareshop.de\/index.php\/wp-json\/wp\/v2\/product_tag?post=72287"}],"curies":[{"name":"wp","href":"https:\/\/api.w.org\/{rel}","templated":true}]}}