{"id":72285,"date":"2024-09-03T18:58:16","date_gmt":"2024-09-03T18:58:16","guid":{"rendered":"https:\/\/onlinehardwareshop.de\/index.php\/produkt\/brabantia-bo-touch-bin-2-x-30-liter-platinum-2\/"},"modified":"2025-05-14T01:12:30","modified_gmt":"2025-05-14T01:12:30","slug":"brabantia-bo-touch-bin-2-x-30-liter-platinum","status":"publish","type":"product","link":"https:\/\/onlinehardwareshop.de\/index.php\/produkt\/brabantia-bo-touch-bin-2-x-30-liter-platinum\/","title":{"rendered":"Brabantia Bo Touch Bin 2 x 30 Liter Platinum"},"content":{"rendered":"<p>Der M\u00fclleimer Brabantia Bo Touch Bin 2 x 30 Liter erleichtert die M\u00fclltrennung. Mit seiner Gesamtkapazit\u00e4t von 60 Litern eignet sich der M\u00fclleimer f\u00fcr eine gro\u00dfe Familie. Die zwei Inneneimer \u00e0 30 Liter holst du einzeln aus dem Eimer. So ersetzt du die M\u00fcllbeutel gesondert und reinigst den M\u00fclleimer einfach. Mit Brabantias Soft Touch-System \u00f6ffnest du den M\u00fclleimer mit einem leichten Druck auf den Deckel. Du stellst den M\u00fclleimer dank seiner rechteckigen Form direkt an eine Wand oder in eine Ecke, so dass er nicht im Weg steht.<\/p>\n","protected":false},"excerpt":{"rendered":"<p>Der M\u00fclleimer Brabantia Bo Touch Bin 2 x 30 Liter erleichtert die M\u00fclltrennung. Mit seiner Gesamtkapazit\u00e4t von 60 Litern eignet sich der M\u00fclleimer f\u00fcr eine gro\u00dfe Familie. Die zwei Inneneimer \u00e0 30 Liter holst du einzeln aus dem Eimer. So ersetzt du die M\u00fcllbeutel gesondert und reinigst den M\u00fclleimer einfach. Mit Brabantias Soft Touch-System \u00f6ffnest du den M\u00fclleimer mit einem leichten Druck auf den Deckel. Du stellst den M\u00fclleimer dank seiner rechteckigen Form direkt an eine Wand oder in eine Ecke, so dass er nicht im Weg steht.<\/p>\n","protected":false},"featured_media":0,"comment_status":"closed","ping_status":"open","template":"","meta":{"_acf_changed":false},"brand":[66],"product_brand":[],"product_cat":[653],"product_tag":[654],"class_list":{"0":"post-72285","1":"product","2":"type-product","3":"status-publish","5":"brand-brabantia","6":"product_cat-mlleimer","7":"product_tag-prullenbakken-keuken-met-afvalscheiding","8":"pa_condition-new","9":"pa_coolblue-de-verzending-morgen-gratis-geliefert","10":"pa_ean-4296","11":"pa_mpn-4297","13":"first","14":"instock","15":"product-type-external"},"acf":[],"_links":{"self":[{"href":"https:\/\/onlinehardwareshop.de\/index.php\/wp-json\/wp\/v2\/product\/72285","targetHints":{"allow":["GET"]}}],"collection":[{"href":"https:\/\/onlinehardwareshop.de\/index.php\/wp-json\/wp\/v2\/product"}],"about":[{"href":"https:\/\/onlinehardwareshop.de\/index.php\/wp-json\/wp\/v2\/types\/product"}],"replies":[{"embeddable":true,"href":"https:\/\/onlinehardwareshop.de\/index.php\/wp-json\/wp\/v2\/comments?post=72285"}],"wp:attachment":[{"href":"https:\/\/onlinehardwareshop.de\/index.php\/wp-json\/wp\/v2\/media?parent=72285"}],"wp:term":[{"taxonomy":"brand","embeddable":true,"href":"https:\/\/onlinehardwareshop.de\/index.php\/wp-json\/wp\/v2\/brand?post=72285"},{"taxonomy":"product_brand","embeddable":true,"href":"https:\/\/onlinehardwareshop.de\/index.php\/wp-json\/wp\/v2\/product_brand?post=72285"},{"taxonomy":"product_cat","embeddable":true,"href":"https:\/\/onlinehardwareshop.de\/index.php\/wp-json\/wp\/v2\/product_cat?post=72285"},{"taxonomy":"product_tag","embeddable":true,"href":"https:\/\/onlinehardwareshop.de\/index.php\/wp-json\/wp\/v2\/product_tag?post=72285"}],"curies":[{"name":"wp","href":"https:\/\/api.w.org\/{rel}","templated":true}]}}