{"id":72282,"date":"2025-01-26T22:46:37","date_gmt":"2025-01-26T22:46:37","guid":{"rendered":"https:\/\/onlinehardwareshop.de\/index.php\/produkt\/vitamix-explorian-e310-2\/"},"modified":"2025-05-14T01:12:16","modified_gmt":"2025-05-14T01:12:16","slug":"vitamix-explorian-e310","status":"publish","type":"product","link":"https:\/\/onlinehardwareshop.de\/index.php\/produkt\/vitamix-explorian-e310\/","title":{"rendered":"Vitamix Explorian E310"},"content":{"rendered":"<p>Der Vitamix Explorian E310 ist ideal, wenn du die Leistung und Geschwindigkeit eines professionellen Standmixers, aber nicht dessen Gr\u00f6\u00dfe w\u00fcnschst. Aufgrund seiner geringen Gr\u00f6\u00dfe ist dieser Standmixer ideal f\u00fcr einen kleinen Haushalt oder eine kleinere K\u00fcche. Dank seiner Leistung von 1.200 Watt mixt er harte und weiche Zutaten problemlos zu einem cremigen Ganzen. Mit dem mitgelieferten Stampfer dr\u00fcckst du harte Zutaten nach unten, damit sie schneller gemixt werden. Nachdem du einen gesunden Smoothie gemacht hast, braucht die Reinigung dir kein Kopfzerbrechen zu bereiten. Du f\u00fcllst einfach den Mixbeh\u00e4lter mit etwas Wasser und etwas Sp\u00fclmittel und schaltest die Mix-Einstellung ein.<\/p>\n","protected":false},"excerpt":{"rendered":"<p>Der Vitamix Explorian E310 ist ideal, wenn du die Leistung und Geschwindigkeit eines professionellen Standmixers, aber nicht dessen Gr\u00f6\u00dfe w\u00fcnschst. Aufgrund seiner geringen Gr\u00f6\u00dfe ist dieser Standmixer ideal f\u00fcr einen kleinen Haushalt oder eine kleinere K\u00fcche. Dank seiner Leistung von 1.200 Watt mixt er harte und weiche Zutaten problemlos zu einem cremigen Ganzen. Mit dem mitgelieferten Stampfer dr\u00fcckst du harte Zutaten nach unten, damit sie schneller gemixt werden. Nachdem du einen gesunden Smoothie gemacht hast, braucht die Reinigung dir kein Kopfzerbrechen zu bereiten. Du f\u00fcllst einfach den Mixbeh\u00e4lter mit etwas Wasser und etwas Sp\u00fclmittel und schaltest die Mix-Einstellung ein.<\/p>\n","protected":false},"featured_media":0,"comment_status":"closed","ping_status":"open","template":"","meta":{"_acf_changed":false},"brand":[3472],"product_brand":[],"product_cat":[1606],"product_tag":[1607],"class_list":{"0":"post-72282","1":"product","2":"type-product","3":"status-publish","5":"brand-vitamix","6":"product_cat-standmixer","7":"product_tag-blenders","8":"pa_condition-new","9":"pa_coolblue-de-verzending-morgen-gratis-geliefert","10":"pa_ean-31556","11":"pa_mpn-e310","13":"first","14":"instock","15":"product-type-external"},"acf":[],"_links":{"self":[{"href":"https:\/\/onlinehardwareshop.de\/index.php\/wp-json\/wp\/v2\/product\/72282","targetHints":{"allow":["GET"]}}],"collection":[{"href":"https:\/\/onlinehardwareshop.de\/index.php\/wp-json\/wp\/v2\/product"}],"about":[{"href":"https:\/\/onlinehardwareshop.de\/index.php\/wp-json\/wp\/v2\/types\/product"}],"replies":[{"embeddable":true,"href":"https:\/\/onlinehardwareshop.de\/index.php\/wp-json\/wp\/v2\/comments?post=72282"}],"wp:attachment":[{"href":"https:\/\/onlinehardwareshop.de\/index.php\/wp-json\/wp\/v2\/media?parent=72282"}],"wp:term":[{"taxonomy":"brand","embeddable":true,"href":"https:\/\/onlinehardwareshop.de\/index.php\/wp-json\/wp\/v2\/brand?post=72282"},{"taxonomy":"product_brand","embeddable":true,"href":"https:\/\/onlinehardwareshop.de\/index.php\/wp-json\/wp\/v2\/product_brand?post=72282"},{"taxonomy":"product_cat","embeddable":true,"href":"https:\/\/onlinehardwareshop.de\/index.php\/wp-json\/wp\/v2\/product_cat?post=72282"},{"taxonomy":"product_tag","embeddable":true,"href":"https:\/\/onlinehardwareshop.de\/index.php\/wp-json\/wp\/v2\/product_tag?post=72282"}],"curies":[{"name":"wp","href":"https:\/\/api.w.org\/{rel}","templated":true}]}}