{"id":72266,"date":"2024-11-12T23:43:34","date_gmt":"2024-11-12T23:43:34","guid":{"rendered":"https:\/\/onlinehardwareshop.de\/index.php\/produkt\/logitech-g432-7-1-wired-2\/"},"modified":"2025-05-14T01:10:46","modified_gmt":"2025-05-14T01:10:46","slug":"logitech-g432-7-1-wired","status":"publish","type":"product","link":"https:\/\/onlinehardwareshop.de\/index.php\/produkt\/logitech-g432-7-1-wired\/","title":{"rendered":"Logitech G432 7.1 Wired"},"content":{"rendered":"<p>Genie\u00dfe ausgezeichnetes in-Game-Audio mit dem Logitech G432 7.1 Surround Sound Wired Gaming-Headset. Dieses Gaming-Headset schlie\u00dft du \u00fcber ein 3,5-mm-Audiokabel an deiner Konsole oder \u00fcber den USB-A-Audioadapter an deinen PC an. Das Headset ist also Plug &#038; Play und sofort einsatzbereit. Die gro\u00dfen 50-mm-Audiotreiber versorgen deine Gaming-Sessions mit dem besten Sound. Dank des Surround Sounds in 360 Grad erlebst du dein Spiel intensiver und h\u00f6rst genau, aus welcher Richtung deine Gegner kommen. Au\u00dferdem kommunizierst du dank der Rauschunterdr\u00fcckung des Mikrofons online ohne Hintergrundger\u00e4usche mit deinen Freunden. So kommen deine Kommentare immer deutlich an. Spielst du \u00f6fter im Single-Player-Modus oder ben\u00f6tigst kein Mikrofon? Dann klappe das Mikrofon vom Headset einfach ein. So ist es dir nicht im Weg und du zockst ungest\u00f6rt weiter.<\/p>\n","protected":false},"excerpt":{"rendered":"<p>Genie\u00dfe ausgezeichnetes in-Game-Audio mit dem Logitech G432 7.1 Surround Sound Wired Gaming-Headset. Dieses Gaming-Headset schlie\u00dft du \u00fcber ein 3,5-mm-Audiokabel an deiner Konsole oder \u00fcber den USB-A-Audioadapter an deinen PC an. Das Headset ist also Plug &#038; Play und sofort einsatzbereit. Die gro\u00dfen 50-mm-Audiotreiber versorgen deine Gaming-Sessions mit dem besten Sound. Dank des Surround Sounds in 360 Grad erlebst du dein Spiel intensiver und h\u00f6rst genau, aus welcher Richtung deine Gegner kommen. Au\u00dferdem kommunizierst du dank der Rauschunterdr\u00fcckung des Mikrofons online ohne Hintergrundger\u00e4usche mit deinen Freunden. So kommen deine Kommentare immer deutlich an. Spielst du \u00f6fter im Single-Player-Modus oder ben\u00f6tigst kein Mikrofon? Dann klappe das Mikrofon vom Headset einfach ein. So ist es dir nicht im Weg und du zockst ungest\u00f6rt weiter.<\/p>\n","protected":false},"featured_media":0,"comment_status":"closed","ping_status":"open","template":"","meta":{"_acf_changed":false},"brand":[225],"product_brand":[],"product_cat":[3435],"product_tag":[3436],"class_list":{"0":"post-72266","1":"product","2":"type-product","3":"status-publish","5":"brand-logitech-g","6":"product_cat-gaming-headsets","7":"product_tag-gaming-headsets","8":"pa_condition-new","9":"pa_coolblue-de-verzending-morgen-gratis-geliefert","10":"pa_ean-4258","11":"pa_mpn-981-000770","13":"first","14":"instock","15":"product-type-external"},"acf":[],"_links":{"self":[{"href":"https:\/\/onlinehardwareshop.de\/index.php\/wp-json\/wp\/v2\/product\/72266","targetHints":{"allow":["GET"]}}],"collection":[{"href":"https:\/\/onlinehardwareshop.de\/index.php\/wp-json\/wp\/v2\/product"}],"about":[{"href":"https:\/\/onlinehardwareshop.de\/index.php\/wp-json\/wp\/v2\/types\/product"}],"replies":[{"embeddable":true,"href":"https:\/\/onlinehardwareshop.de\/index.php\/wp-json\/wp\/v2\/comments?post=72266"}],"wp:attachment":[{"href":"https:\/\/onlinehardwareshop.de\/index.php\/wp-json\/wp\/v2\/media?parent=72266"}],"wp:term":[{"taxonomy":"brand","embeddable":true,"href":"https:\/\/onlinehardwareshop.de\/index.php\/wp-json\/wp\/v2\/brand?post=72266"},{"taxonomy":"product_brand","embeddable":true,"href":"https:\/\/onlinehardwareshop.de\/index.php\/wp-json\/wp\/v2\/product_brand?post=72266"},{"taxonomy":"product_cat","embeddable":true,"href":"https:\/\/onlinehardwareshop.de\/index.php\/wp-json\/wp\/v2\/product_cat?post=72266"},{"taxonomy":"product_tag","embeddable":true,"href":"https:\/\/onlinehardwareshop.de\/index.php\/wp-json\/wp\/v2\/product_tag?post=72266"}],"curies":[{"name":"wp","href":"https:\/\/api.w.org\/{rel}","templated":true}]}}