{"id":72265,"date":"2024-07-23T14:16:27","date_gmt":"2024-07-23T14:16:27","guid":{"rendered":"https:\/\/onlinehardwareshop.de\/index.php\/produkt\/weber-master-touch-premium-e-5770-schwarz-2\/"},"modified":"2025-05-14T01:10:41","modified_gmt":"2025-05-14T01:10:41","slug":"weber-master-touch-premium-e-5770-schwarz","status":"publish","type":"product","link":"https:\/\/onlinehardwareshop.de\/index.php\/produkt\/weber-master-touch-premium-e-5770-schwarz\/","title":{"rendered":"Weber Master Touch Premium E-5770 Schwarz"},"content":{"rendered":"<p>Ob Grillen, Braten oder R\u00e4uchern, mit dem Weber Master Touch Premium E-5770 Schwarz ist alles m\u00f6glich. Dies macht den Holzkohlegrill ideal f\u00fcr echte Grillfans. Der Grill wird n\u00e4mlich mit einem Holzkohlering geliefert, wodurch du die Holzkohle ganz einfach an den Rand des Grills schiebst und so indirekt grillst. Dank der beigef\u00fcgten Diffuser Plate h\u00e4ltst du die Temperatur beim R\u00e4uchern problemlos konstant. Der Grill verf\u00fcgt au\u00dferdem \u00fcber das Weber GBS Grillrost, so dass du auf diesem Grill nicht nur grillst, sondern zum Beispiel auch Pizzen oder Wok-Gerichte zubereitest. Dazu ben\u00f6tigst du dann das Weber GBS Zubeh\u00f6r (nicht standardm\u00e4\u00dfig mitgeliefert). Das Scharnier des Deckels hat Federn, wodurch er sich leicht \u00f6ffnen und schlie\u00dfen l\u00e4sst. Mehrere Luftzufuhr-Einstellungen und das Deckelthermometer erlauben eine optimale Temperaturkontrolle.<\/p>\n","protected":false},"excerpt":{"rendered":"<p>Ob Grillen, Braten oder R\u00e4uchern, mit dem Weber Master Touch Premium E-5770 Schwarz ist alles m\u00f6glich. Dies macht den Holzkohlegrill ideal f\u00fcr echte Grillfans. Der Grill wird n\u00e4mlich mit einem Holzkohlering geliefert, wodurch du die Holzkohle ganz einfach an den Rand des Grills schiebst und so indirekt grillst. Dank der beigef\u00fcgten Diffuser Plate h\u00e4ltst du die Temperatur beim R\u00e4uchern problemlos konstant. Der Grill verf\u00fcgt au\u00dferdem \u00fcber das Weber GBS Grillrost, so dass du auf diesem Grill nicht nur grillst, sondern zum Beispiel auch Pizzen oder Wok-Gerichte zubereitest. Dazu ben\u00f6tigst du dann das Weber GBS Zubeh\u00f6r (nicht standardm\u00e4\u00dfig mitgeliefert). Das Scharnier des Deckels hat Federn, wodurch er sich leicht \u00f6ffnen und schlie\u00dfen l\u00e4sst. Mehrere Luftzufuhr-Einstellungen und das Deckelthermometer erlauben eine optimale Temperaturkontrolle.<\/p>\n","protected":false},"featured_media":0,"comment_status":"closed","ping_status":"open","template":"","meta":{"_acf_changed":false},"brand":[698],"product_brand":[],"product_cat":[699],"product_tag":[700],"class_list":{"0":"post-72265","1":"product","2":"type-product","3":"status-publish","5":"brand-weber","6":"product_cat-grills","7":"product_tag-houtskool-barbecues","8":"pa_condition-new","9":"pa_coolblue-de-verzending-morgen-gratis-geliefert","10":"pa_ean-4256","11":"pa_mpn-4257","13":"first","14":"instock","15":"product-type-external"},"acf":[],"_links":{"self":[{"href":"https:\/\/onlinehardwareshop.de\/index.php\/wp-json\/wp\/v2\/product\/72265","targetHints":{"allow":["GET"]}}],"collection":[{"href":"https:\/\/onlinehardwareshop.de\/index.php\/wp-json\/wp\/v2\/product"}],"about":[{"href":"https:\/\/onlinehardwareshop.de\/index.php\/wp-json\/wp\/v2\/types\/product"}],"replies":[{"embeddable":true,"href":"https:\/\/onlinehardwareshop.de\/index.php\/wp-json\/wp\/v2\/comments?post=72265"}],"wp:attachment":[{"href":"https:\/\/onlinehardwareshop.de\/index.php\/wp-json\/wp\/v2\/media?parent=72265"}],"wp:term":[{"taxonomy":"brand","embeddable":true,"href":"https:\/\/onlinehardwareshop.de\/index.php\/wp-json\/wp\/v2\/brand?post=72265"},{"taxonomy":"product_brand","embeddable":true,"href":"https:\/\/onlinehardwareshop.de\/index.php\/wp-json\/wp\/v2\/product_brand?post=72265"},{"taxonomy":"product_cat","embeddable":true,"href":"https:\/\/onlinehardwareshop.de\/index.php\/wp-json\/wp\/v2\/product_cat?post=72265"},{"taxonomy":"product_tag","embeddable":true,"href":"https:\/\/onlinehardwareshop.de\/index.php\/wp-json\/wp\/v2\/product_tag?post=72265"}],"curies":[{"name":"wp","href":"https:\/\/api.w.org\/{rel}","templated":true}]}}