{"id":72264,"date":"2024-09-23T09:54:42","date_gmt":"2024-09-23T09:54:42","guid":{"rendered":"https:\/\/onlinehardwareshop.de\/index.php\/produkt\/wrmeleitpaste-thermal-grizzly-kryonaut-1g-2\/"},"modified":"2025-05-14T01:10:37","modified_gmt":"2025-05-14T01:10:37","slug":"wrmeleitpaste-thermal-grizzly-kryonaut-1g","status":"publish","type":"product","link":"https:\/\/onlinehardwareshop.de\/index.php\/produkt\/wrmeleitpaste-thermal-grizzly-kryonaut-1g\/","title":{"rendered":"W&#xE4;rmeleitpaste Thermal Grizzly Kryonaut &#8211; 1&#xA0;g"},"content":{"rendered":"<p>Mit der W\u00e4rmeleitpaste Thermal Grizzly Kryonaut spielst du in der h\u00f6chsten Aufl\u00f6sung und den meisten Bildern pro Sekunde ohne \u00dcberhitzung. Platziere einen Tropfen W\u00e4rmeleitpaste auf den Core deiner CPU. Hierdurch leitest du die W\u00e4rme deines Prozessors besser zum K\u00fchler. Sogar beim \u00dcbertakten bleibt der Prozessor k\u00fchl. Mit der mitgelieferten Spritze platzierst du die W\u00e4rmeleitpaste m\u00fchelos auf dem Core und verteilst sie dort mit dem praktischen Spatel. Die Kryonaut W\u00e4rmeleitpaste leitet 12,5 W\/m.K.<\/p>\n","protected":false},"excerpt":{"rendered":"<p>Mit der W\u00e4rmeleitpaste Thermal Grizzly Kryonaut spielst du in der h\u00f6chsten Aufl\u00f6sung und den meisten Bildern pro Sekunde ohne \u00dcberhitzung. Platziere einen Tropfen W\u00e4rmeleitpaste auf den Core deiner CPU. Hierdurch leitest du die W\u00e4rme deines Prozessors besser zum K\u00fchler. Sogar beim \u00dcbertakten bleibt der Prozessor k\u00fchl. Mit der mitgelieferten Spritze platzierst du die W\u00e4rmeleitpaste m\u00fchelos auf dem Core und verteilst sie dort mit dem praktischen Spatel. Die Kryonaut W\u00e4rmeleitpaste leitet 12,5 W\/m.K.<\/p>\n","protected":false},"featured_media":0,"comment_status":"closed","ping_status":"open","template":"","meta":{"_acf_changed":false},"brand":[4253],"product_brand":[],"product_cat":[4254],"product_tag":[4255],"class_list":{"0":"post-72264","1":"product","2":"type-product","3":"status-publish","5":"brand-thermal-grizzly","6":"product_cat-wrmeleitpaste","7":"product_tag-koelpasta","8":"pa_condition-new","9":"pa_coolblue-de-verzending-morgen-gratis-geliefert","10":"pa_ean-4251","11":"pa_mpn-tg-k-001-rs","13":"first","14":"instock","15":"product-type-external"},"acf":[],"_links":{"self":[{"href":"https:\/\/onlinehardwareshop.de\/index.php\/wp-json\/wp\/v2\/product\/72264","targetHints":{"allow":["GET"]}}],"collection":[{"href":"https:\/\/onlinehardwareshop.de\/index.php\/wp-json\/wp\/v2\/product"}],"about":[{"href":"https:\/\/onlinehardwareshop.de\/index.php\/wp-json\/wp\/v2\/types\/product"}],"replies":[{"embeddable":true,"href":"https:\/\/onlinehardwareshop.de\/index.php\/wp-json\/wp\/v2\/comments?post=72264"}],"wp:attachment":[{"href":"https:\/\/onlinehardwareshop.de\/index.php\/wp-json\/wp\/v2\/media?parent=72264"}],"wp:term":[{"taxonomy":"brand","embeddable":true,"href":"https:\/\/onlinehardwareshop.de\/index.php\/wp-json\/wp\/v2\/brand?post=72264"},{"taxonomy":"product_brand","embeddable":true,"href":"https:\/\/onlinehardwareshop.de\/index.php\/wp-json\/wp\/v2\/product_brand?post=72264"},{"taxonomy":"product_cat","embeddable":true,"href":"https:\/\/onlinehardwareshop.de\/index.php\/wp-json\/wp\/v2\/product_cat?post=72264"},{"taxonomy":"product_tag","embeddable":true,"href":"https:\/\/onlinehardwareshop.de\/index.php\/wp-json\/wp\/v2\/product_tag?post=72264"}],"curies":[{"name":"wp","href":"https:\/\/api.w.org\/{rel}","templated":true}]}}