{"id":72263,"date":"2025-04-06T19:09:22","date_gmt":"2025-04-06T19:09:22","guid":{"rendered":"https:\/\/onlinehardwareshop.de\/index.php\/produkt\/omron-rs7-intelli-it-2\/"},"modified":"2025-05-14T01:10:32","modified_gmt":"2025-05-14T01:10:32","slug":"omron-rs7-intelli-it","status":"publish","type":"product","link":"https:\/\/onlinehardwareshop.de\/index.php\/produkt\/omron-rs7-intelli-it\/","title":{"rendered":"Omron RS7 Intelli IT"},"content":{"rendered":"<p>Das Omron RS7 Intelli IT ist ein kompaktes, intelligentes Blutdruckmessger\u00e4t, das \u00fcber das Handgelenk misst. Dank seines kleinen Formats und der leisen Pumpe l\u00e4sst sich das Ger\u00e4t problemlos unterwegs mitnehmen. \u00dcber die Omron Connect App kannst du das Blutdruckmessger\u00e4t mit deinem Handy verbinden. So kannst du die gemessenen Daten einfach in einer \u00dcbersicht speichern. Wenn du lieber auf eine App verzichtest, bietet der interne Speicher mit zwei Benutzerprofilen mit 100 Speicherpl\u00e4tzen gen\u00fcgend Platz f\u00fcr deine alten Messungen. Du steuerst das RS7 Intelli IT mit einem Tastendruck. Au\u00dferdem benachrichtigt es dich \u00fcber einen unregelm\u00e4\u00dfigen Herzschlag oder einen Fehler beim Anlegen der Manschette. So kannst du sicher sein, dass du eine zuverl\u00e4ssige Messung erh\u00e4ltst.<\/p>\n","protected":false},"excerpt":{"rendered":"<p>Das Omron RS7 Intelli IT ist ein kompaktes, intelligentes Blutdruckmessger\u00e4t, das \u00fcber das Handgelenk misst. Dank seines kleinen Formats und der leisen Pumpe l\u00e4sst sich das Ger\u00e4t problemlos unterwegs mitnehmen. \u00dcber die Omron Connect App kannst du das Blutdruckmessger\u00e4t mit deinem Handy verbinden. So kannst du die gemessenen Daten einfach in einer \u00dcbersicht speichern. Wenn du lieber auf eine App verzichtest, bietet der interne Speicher mit zwei Benutzerprofilen mit 100 Speicherpl\u00e4tzen gen\u00fcgend Platz f\u00fcr deine alten Messungen. Du steuerst das RS7 Intelli IT mit einem Tastendruck. Au\u00dferdem benachrichtigt es dich \u00fcber einen unregelm\u00e4\u00dfigen Herzschlag oder einen Fehler beim Anlegen der Manschette. So kannst du sicher sein, dass du eine zuverl\u00e4ssige Messung erh\u00e4ltst.<\/p>\n","protected":false},"featured_media":0,"comment_status":"closed","ping_status":"open","template":"","meta":{"_acf_changed":false},"brand":[1048],"product_brand":[],"product_cat":[838],"product_tag":[4248],"class_list":{"0":"post-72263","1":"product","2":"type-product","3":"status-publish","5":"brand-omron","6":"product_cat-blutdruckmessgerte","7":"product_tag-pols-bloeddrukmeters","8":"pa_condition-new","9":"pa_coolblue-de-verzending-morgen-gratis-geliefert","10":"pa_ean-4249","11":"pa_mpn-hem-6232t-e","13":"first","14":"instock","15":"product-type-external"},"acf":[],"_links":{"self":[{"href":"https:\/\/onlinehardwareshop.de\/index.php\/wp-json\/wp\/v2\/product\/72263","targetHints":{"allow":["GET"]}}],"collection":[{"href":"https:\/\/onlinehardwareshop.de\/index.php\/wp-json\/wp\/v2\/product"}],"about":[{"href":"https:\/\/onlinehardwareshop.de\/index.php\/wp-json\/wp\/v2\/types\/product"}],"replies":[{"embeddable":true,"href":"https:\/\/onlinehardwareshop.de\/index.php\/wp-json\/wp\/v2\/comments?post=72263"}],"wp:attachment":[{"href":"https:\/\/onlinehardwareshop.de\/index.php\/wp-json\/wp\/v2\/media?parent=72263"}],"wp:term":[{"taxonomy":"brand","embeddable":true,"href":"https:\/\/onlinehardwareshop.de\/index.php\/wp-json\/wp\/v2\/brand?post=72263"},{"taxonomy":"product_brand","embeddable":true,"href":"https:\/\/onlinehardwareshop.de\/index.php\/wp-json\/wp\/v2\/product_brand?post=72263"},{"taxonomy":"product_cat","embeddable":true,"href":"https:\/\/onlinehardwareshop.de\/index.php\/wp-json\/wp\/v2\/product_cat?post=72263"},{"taxonomy":"product_tag","embeddable":true,"href":"https:\/\/onlinehardwareshop.de\/index.php\/wp-json\/wp\/v2\/product_tag?post=72263"}],"curies":[{"name":"wp","href":"https:\/\/api.w.org\/{rel}","templated":true}]}}