{"id":72262,"date":"2024-12-01T15:52:38","date_gmt":"2024-12-01T15:52:38","guid":{"rendered":"https:\/\/onlinehardwareshop.de\/index.php\/produkt\/omron-rs3-intelli-it-2\/"},"modified":"2025-05-14T01:10:27","modified_gmt":"2025-05-14T01:10:27","slug":"omron-rs3-intelli-it","status":"publish","type":"product","link":"https:\/\/onlinehardwareshop.de\/index.php\/produkt\/omron-rs3-intelli-it\/","title":{"rendered":"Omron RS3 Intelli IT"},"content":{"rendered":"<p>Das Omron RS3 Intelli IT ist ein intelligentes Blutdruckmessger\u00e4t, das \u00fcber das Handgelenk misst. Du verbindest das Ger\u00e4t \u00fcber die Omron Connect Anwendung mit deinem Telefon. So kannst du die gemessenen Daten einfach in einer \u00dcbersicht behalten. Wenn du lieber auf eine App verzichtest, bietet der interne Speicher mit 30 Speicherpl\u00e4tzen gen\u00fcgend Platz f\u00fcr deine alten Messungen. Du steuerst den RS3 Intelli IT mit 1 Tastendruck. Au\u00dferdem benachrichtigt es dich \u00fcber einen unregelm\u00e4\u00dfigen Herzschlag oder einen Manschettenbest\u00e4tigungsfehler. Das Blutdruckmessger\u00e4t wird von der niederl\u00e4ndischen Herzstiftung empfohlen. Die Genauigkeit und Zuverl\u00e4ssigkeit der Messung wurde ausgiebig getestet.<\/p>\n","protected":false},"excerpt":{"rendered":"<p>Das Omron RS3 Intelli IT ist ein intelligentes Blutdruckmessger\u00e4t, das \u00fcber das Handgelenk misst. Du verbindest das Ger\u00e4t \u00fcber die Omron Connect Anwendung mit deinem Telefon. So kannst du die gemessenen Daten einfach in einer \u00dcbersicht behalten. Wenn du lieber auf eine App verzichtest, bietet der interne Speicher mit 30 Speicherpl\u00e4tzen gen\u00fcgend Platz f\u00fcr deine alten Messungen. Du steuerst den RS3 Intelli IT mit 1 Tastendruck. Au\u00dferdem benachrichtigt es dich \u00fcber einen unregelm\u00e4\u00dfigen Herzschlag oder einen Manschettenbest\u00e4tigungsfehler. Das Blutdruckmessger\u00e4t wird von der niederl\u00e4ndischen Herzstiftung empfohlen. Die Genauigkeit und Zuverl\u00e4ssigkeit der Messung wurde ausgiebig getestet.<\/p>\n","protected":false},"featured_media":0,"comment_status":"closed","ping_status":"open","template":"","meta":{"_acf_changed":false},"brand":[1048],"product_brand":[],"product_cat":[838],"product_tag":[4248],"class_list":{"0":"post-72262","1":"product","2":"type-product","3":"status-publish","5":"brand-omron","6":"product_cat-blutdruckmessgerte","7":"product_tag-pols-bloeddrukmeters","8":"pa_condition-new","9":"pa_coolblue-de-verzending-morgen-gratis-geliefert","10":"pa_ean-4246","11":"pa_mpn-hem-6161t-e","13":"first","14":"instock","15":"product-type-external"},"acf":[],"_links":{"self":[{"href":"https:\/\/onlinehardwareshop.de\/index.php\/wp-json\/wp\/v2\/product\/72262","targetHints":{"allow":["GET"]}}],"collection":[{"href":"https:\/\/onlinehardwareshop.de\/index.php\/wp-json\/wp\/v2\/product"}],"about":[{"href":"https:\/\/onlinehardwareshop.de\/index.php\/wp-json\/wp\/v2\/types\/product"}],"replies":[{"embeddable":true,"href":"https:\/\/onlinehardwareshop.de\/index.php\/wp-json\/wp\/v2\/comments?post=72262"}],"wp:attachment":[{"href":"https:\/\/onlinehardwareshop.de\/index.php\/wp-json\/wp\/v2\/media?parent=72262"}],"wp:term":[{"taxonomy":"brand","embeddable":true,"href":"https:\/\/onlinehardwareshop.de\/index.php\/wp-json\/wp\/v2\/brand?post=72262"},{"taxonomy":"product_brand","embeddable":true,"href":"https:\/\/onlinehardwareshop.de\/index.php\/wp-json\/wp\/v2\/product_brand?post=72262"},{"taxonomy":"product_cat","embeddable":true,"href":"https:\/\/onlinehardwareshop.de\/index.php\/wp-json\/wp\/v2\/product_cat?post=72262"},{"taxonomy":"product_tag","embeddable":true,"href":"https:\/\/onlinehardwareshop.de\/index.php\/wp-json\/wp\/v2\/product_tag?post=72262"}],"curies":[{"name":"wp","href":"https:\/\/api.w.org\/{rel}","templated":true}]}}