{"id":72247,"date":"2024-05-23T18:57:24","date_gmt":"2024-05-23T18:57:24","guid":{"rendered":"https:\/\/onlinehardwareshop.de\/index.php\/produkt\/canon-pixma-ts705a-2\/"},"modified":"2025-05-14T01:09:17","modified_gmt":"2025-05-14T01:09:17","slug":"canon-pixma-ts705a","status":"publish","type":"product","link":"https:\/\/onlinehardwareshop.de\/index.php\/produkt\/canon-pixma-ts705a\/","title":{"rendered":"Canon PIXMA TS705a"},"content":{"rendered":"<p>Die Canon Pixma TS705a ist ein kompakter Inkjet-Drucker f\u00fcr Zuhause oder ein kleines B\u00fcro. Dieses Modell von Canon kann zwar nur drucken, aber daf\u00fcr macht er das ziemlich gut. Dank der hohen Druckaufl\u00f6sung von 4.800 x 1.200 dpi und der Nutzung von f\u00fcnf einzelnen Druckerpatronen ist der PIXMA TS705a dazu f\u00e4hig, Dokumente und Fotos gestochen scharf zu drucken. Das kannst du auch kabellos \u00fcber WLAN von deinem Laptop, PC, Smartphone oder Tablet machen. Aufgrund der Druckgeschwindigkeit von 15 Seiten pro Minute, der doppelten Papierkassette mit einer Kapazit\u00e4t von 350 Papieren und des automatischen doppelseitigen Druckens kannst du in kurzer Zeit viel drucken. Das Fotopapier kannst du in die separate Fotopapierkassette legen und danach wird das Papier randlos bedruckt.    Hinweis: Willst du ein Foto auf Fotopapier drucken? Lege die R\u00fcckseite (mit dem Logo) nach oben in den Drucker.<\/p>\n","protected":false},"excerpt":{"rendered":"<p>Die Canon Pixma TS705a ist ein kompakter Inkjet-Drucker f\u00fcr Zuhause oder ein kleines B\u00fcro. Dieses Modell von Canon kann zwar nur drucken, aber daf\u00fcr macht er das ziemlich gut. Dank der hohen Druckaufl\u00f6sung von 4.800 x 1.200 dpi und der Nutzung von f\u00fcnf einzelnen Druckerpatronen ist der PIXMA TS705a dazu f\u00e4hig, Dokumente und Fotos gestochen scharf zu drucken. Das kannst du auch kabellos \u00fcber WLAN von deinem Laptop, PC, Smartphone oder Tablet machen. Aufgrund der Druckgeschwindigkeit von 15 Seiten pro Minute, der doppelten Papierkassette mit einer Kapazit\u00e4t von 350 Papieren und des automatischen doppelseitigen Druckens kannst du in kurzer Zeit viel drucken. Das Fotopapier kannst du in die separate Fotopapierkassette legen und danach wird das Papier randlos bedruckt.    Hinweis: Willst du ein Foto auf Fotopapier drucken? Lege die R\u00fcckseite (mit dem Logo) nach oben in den Drucker.<\/p>\n","protected":false},"featured_media":0,"comment_status":"closed","ping_status":"open","template":"","meta":{"_acf_changed":false},"brand":[61],"product_brand":[],"product_cat":[2205],"product_tag":[2206],"class_list":{"0":"post-72247","1":"product","2":"type-product","3":"status-publish","5":"brand-canon","6":"product_cat-drucker","7":"product_tag-inkjetprinters","8":"pa_condition-new","9":"pa_coolblue-de-verzending-morgen-gratis-geliefert","10":"pa_ean-4221","11":"pa_mpn-3109c026","13":"first","14":"instock","15":"product-type-external"},"acf":[],"_links":{"self":[{"href":"https:\/\/onlinehardwareshop.de\/index.php\/wp-json\/wp\/v2\/product\/72247","targetHints":{"allow":["GET"]}}],"collection":[{"href":"https:\/\/onlinehardwareshop.de\/index.php\/wp-json\/wp\/v2\/product"}],"about":[{"href":"https:\/\/onlinehardwareshop.de\/index.php\/wp-json\/wp\/v2\/types\/product"}],"replies":[{"embeddable":true,"href":"https:\/\/onlinehardwareshop.de\/index.php\/wp-json\/wp\/v2\/comments?post=72247"}],"wp:attachment":[{"href":"https:\/\/onlinehardwareshop.de\/index.php\/wp-json\/wp\/v2\/media?parent=72247"}],"wp:term":[{"taxonomy":"brand","embeddable":true,"href":"https:\/\/onlinehardwareshop.de\/index.php\/wp-json\/wp\/v2\/brand?post=72247"},{"taxonomy":"product_brand","embeddable":true,"href":"https:\/\/onlinehardwareshop.de\/index.php\/wp-json\/wp\/v2\/product_brand?post=72247"},{"taxonomy":"product_cat","embeddable":true,"href":"https:\/\/onlinehardwareshop.de\/index.php\/wp-json\/wp\/v2\/product_cat?post=72247"},{"taxonomy":"product_tag","embeddable":true,"href":"https:\/\/onlinehardwareshop.de\/index.php\/wp-json\/wp\/v2\/product_tag?post=72247"}],"curies":[{"name":"wp","href":"https:\/\/api.w.org\/{rel}","templated":true}]}}