{"id":72243,"date":"2024-05-16T16:30:12","date_gmt":"2024-05-16T16:30:12","guid":{"rendered":"https:\/\/onlinehardwareshop.de\/index.php\/produkt\/corsair-ironclaw-rgb-2\/"},"modified":"2025-05-14T01:08:57","modified_gmt":"2025-05-14T01:08:57","slug":"corsair-ironclaw-rgb","status":"publish","type":"product","link":"https:\/\/onlinehardwareshop.de\/index.php\/produkt\/corsair-ironclaw-rgb\/","title":{"rendered":"Corsair Ironclaw RGB"},"content":{"rendered":"<p>Mit der Corsair Ironclaw RGB Gaming-Maus richtet sich Corsair an die FPS- und MOBA-Spieler mit gr\u00f6\u00dferen H\u00e4nden und\/oder einer Vorliebe f\u00fcr Handfl\u00e4chengriff. Dank des optischen Sensors mit 18.000\u00a0dpi schiebst du diese kabelgebundene Gaming-Maus w\u00e4hrend eines schnellen Spiels rasch \u00fcber deinen Tisch. So sind deine Reaktionen im Spiel immer pr\u00e4zise. Die dpi lassen sich au\u00dferdem problemlos beim Spielen \u00e4ndern. Die Omron Maus-Switches sorgen f\u00fcr exaktes Klicken und halten lange. Die zwei zus\u00e4tzlichen Daumentasten stellst du selbst ein, wodurch du schneller als dein Gegner deine Waffen wechselst oder eine Spezial-Attacke ausf\u00fchrst. Du schlie\u00dft diese Gaming-Maus \u00fcber ein USB-A-Kabel an. Die Maus ist damit Plug and Play und direkt einsatzbereit. Die RGB-Beleuchtung stellst du selbst mithilfe der Corsair iCue Software ein und triffst deine Wahl aus 16,8 Millionen Farben. So passt du die Gaming-Maus an deine Konfiguration an.<\/p>\n","protected":false},"excerpt":{"rendered":"<p>Mit der Corsair Ironclaw RGB Gaming-Maus richtet sich Corsair an die FPS- und MOBA-Spieler mit gr\u00f6\u00dferen H\u00e4nden und\/oder einer Vorliebe f\u00fcr Handfl\u00e4chengriff. Dank des optischen Sensors mit 18.000\u00a0dpi schiebst du diese kabelgebundene Gaming-Maus w\u00e4hrend eines schnellen Spiels rasch \u00fcber deinen Tisch. So sind deine Reaktionen im Spiel immer pr\u00e4zise. Die dpi lassen sich au\u00dferdem problemlos beim Spielen \u00e4ndern. Die Omron Maus-Switches sorgen f\u00fcr exaktes Klicken und halten lange. Die zwei zus\u00e4tzlichen Daumentasten stellst du selbst ein, wodurch du schneller als dein Gegner deine Waffen wechselst oder eine Spezial-Attacke ausf\u00fchrst. Du schlie\u00dft diese Gaming-Maus \u00fcber ein USB-A-Kabel an. Die Maus ist damit Plug and Play und direkt einsatzbereit. Die RGB-Beleuchtung stellst du selbst mithilfe der Corsair iCue Software ein und triffst deine Wahl aus 16,8 Millionen Farben. So passt du die Gaming-Maus an deine Konfiguration an.<\/p>\n","protected":false},"featured_media":0,"comment_status":"closed","ping_status":"open","template":"","meta":{"_acf_changed":false},"brand":[1900],"product_brand":[],"product_cat":[33],"product_tag":[3752],"class_list":{"0":"post-72243","1":"product","2":"type-product","3":"status-publish","5":"brand-corsair","6":"product_cat-muse","7":"product_tag-gaming-muizen","8":"pa_condition-new","9":"pa_coolblue-de-verzending-morgen-gratis-geliefert","10":"pa_ean-4211","11":"pa_mpn-ch-9307011-eu","13":"first","14":"instock","15":"product-type-external"},"acf":[],"_links":{"self":[{"href":"https:\/\/onlinehardwareshop.de\/index.php\/wp-json\/wp\/v2\/product\/72243","targetHints":{"allow":["GET"]}}],"collection":[{"href":"https:\/\/onlinehardwareshop.de\/index.php\/wp-json\/wp\/v2\/product"}],"about":[{"href":"https:\/\/onlinehardwareshop.de\/index.php\/wp-json\/wp\/v2\/types\/product"}],"replies":[{"embeddable":true,"href":"https:\/\/onlinehardwareshop.de\/index.php\/wp-json\/wp\/v2\/comments?post=72243"}],"wp:attachment":[{"href":"https:\/\/onlinehardwareshop.de\/index.php\/wp-json\/wp\/v2\/media?parent=72243"}],"wp:term":[{"taxonomy":"brand","embeddable":true,"href":"https:\/\/onlinehardwareshop.de\/index.php\/wp-json\/wp\/v2\/brand?post=72243"},{"taxonomy":"product_brand","embeddable":true,"href":"https:\/\/onlinehardwareshop.de\/index.php\/wp-json\/wp\/v2\/product_brand?post=72243"},{"taxonomy":"product_cat","embeddable":true,"href":"https:\/\/onlinehardwareshop.de\/index.php\/wp-json\/wp\/v2\/product_cat?post=72243"},{"taxonomy":"product_tag","embeddable":true,"href":"https:\/\/onlinehardwareshop.de\/index.php\/wp-json\/wp\/v2\/product_tag?post=72243"}],"curies":[{"name":"wp","href":"https:\/\/api.w.org\/{rel}","templated":true}]}}