{"id":72242,"date":"2025-02-16T23:00:30","date_gmt":"2025-02-16T23:00:30","guid":{"rendered":"https:\/\/onlinehardwareshop.de\/index.php\/produkt\/corsair-harpoon-rgb-wireless-2\/"},"modified":"2025-05-14T01:08:52","modified_gmt":"2025-05-14T01:08:52","slug":"corsair-harpoon-rgb-wireless","status":"publish","type":"product","link":"https:\/\/onlinehardwareshop.de\/index.php\/produkt\/corsair-harpoon-rgb-wireless\/","title":{"rendered":"Corsair Harpoon RGB Wireless"},"content":{"rendered":"<p>Mit dieser Corsair Harpoon RGB Wireless Gaming-Maus reagierst du schnell im Spiel. Dank des optischen Sensors mit 10.000\u00a0dpi bewegst du diese kabellose Gaming-Maus w\u00e4hrend schneller Spiele rasch \u00fcber den Tisch. So reagierst du beim Gamen immer pr\u00e4zise. Zudem ver\u00e4nderst du die dpi m\u00fchelos beim Gamen. Die beiden zus\u00e4tzlichen Daumentasten stellst du selbst ein, so dass du schneller als deine Gegner deine Waffen wechselst oder eine Spezial-Attacke ausf\u00fchrst. Du schlie\u00dft die Maus kabellos \u00fcber einen USB-A-Dongle oder Bluetooth an. So hast du w\u00e4hrend deines Spiels gen\u00fcgend Bewegungsfreiheit. Diese kabellose Gaming-Maus hat eine Akkulaufzeit von 26 Stunden, sodass du auch lange Gaming-Sessions spielst, ohne die Maus zwischendurch aufzuladen. Die RGB-Beleuchtung stellst du selbst \u00fcber die Corsair iCue Software ein und triffst deine Wahl aus 16,8 Millionen Farben. So passt deine Gaming-Maus zu deinem \u00fcbrigen Setup.<\/p>\n","protected":false},"excerpt":{"rendered":"<p>Mit dieser Corsair Harpoon RGB Wireless Gaming-Maus reagierst du schnell im Spiel. Dank des optischen Sensors mit 10.000\u00a0dpi bewegst du diese kabellose Gaming-Maus w\u00e4hrend schneller Spiele rasch \u00fcber den Tisch. So reagierst du beim Gamen immer pr\u00e4zise. Zudem ver\u00e4nderst du die dpi m\u00fchelos beim Gamen. Die beiden zus\u00e4tzlichen Daumentasten stellst du selbst ein, so dass du schneller als deine Gegner deine Waffen wechselst oder eine Spezial-Attacke ausf\u00fchrst. Du schlie\u00dft die Maus kabellos \u00fcber einen USB-A-Dongle oder Bluetooth an. So hast du w\u00e4hrend deines Spiels gen\u00fcgend Bewegungsfreiheit. Diese kabellose Gaming-Maus hat eine Akkulaufzeit von 26 Stunden, sodass du auch lange Gaming-Sessions spielst, ohne die Maus zwischendurch aufzuladen. Die RGB-Beleuchtung stellst du selbst \u00fcber die Corsair iCue Software ein und triffst deine Wahl aus 16,8 Millionen Farben. So passt deine Gaming-Maus zu deinem \u00fcbrigen Setup.<\/p>\n","protected":false},"featured_media":0,"comment_status":"closed","ping_status":"open","template":"","meta":{"_acf_changed":false},"brand":[1900],"product_brand":[],"product_cat":[33],"product_tag":[3752],"class_list":{"0":"post-72242","1":"product","2":"type-product","3":"status-publish","5":"brand-corsair","6":"product_cat-muse","7":"product_tag-gaming-muizen","8":"pa_condition-new","9":"pa_coolblue-de-verzending-morgen-gratis-geliefert","10":"pa_ean-4209","11":"pa_mpn-ch-9311011-eu","13":"first","14":"instock","15":"product-type-external"},"acf":[],"_links":{"self":[{"href":"https:\/\/onlinehardwareshop.de\/index.php\/wp-json\/wp\/v2\/product\/72242","targetHints":{"allow":["GET"]}}],"collection":[{"href":"https:\/\/onlinehardwareshop.de\/index.php\/wp-json\/wp\/v2\/product"}],"about":[{"href":"https:\/\/onlinehardwareshop.de\/index.php\/wp-json\/wp\/v2\/types\/product"}],"replies":[{"embeddable":true,"href":"https:\/\/onlinehardwareshop.de\/index.php\/wp-json\/wp\/v2\/comments?post=72242"}],"wp:attachment":[{"href":"https:\/\/onlinehardwareshop.de\/index.php\/wp-json\/wp\/v2\/media?parent=72242"}],"wp:term":[{"taxonomy":"brand","embeddable":true,"href":"https:\/\/onlinehardwareshop.de\/index.php\/wp-json\/wp\/v2\/brand?post=72242"},{"taxonomy":"product_brand","embeddable":true,"href":"https:\/\/onlinehardwareshop.de\/index.php\/wp-json\/wp\/v2\/product_brand?post=72242"},{"taxonomy":"product_cat","embeddable":true,"href":"https:\/\/onlinehardwareshop.de\/index.php\/wp-json\/wp\/v2\/product_cat?post=72242"},{"taxonomy":"product_tag","embeddable":true,"href":"https:\/\/onlinehardwareshop.de\/index.php\/wp-json\/wp\/v2\/product_tag?post=72242"}],"curies":[{"name":"wp","href":"https:\/\/api.w.org\/{rel}","templated":true}]}}