{"id":72237,"date":"2024-03-02T18:55:45","date_gmt":"2024-03-02T18:55:45","guid":{"rendered":"https:\/\/onlinehardwareshop.de\/index.php\/produkt\/canon-rf-35mm-f-1-8-macro-is-2\/"},"modified":"2025-05-14T01:08:21","modified_gmt":"2025-05-14T01:08:21","slug":"canon-rf-35mm-f-1-8-macro-is","status":"publish","type":"product","link":"https:\/\/onlinehardwareshop.de\/index.php\/produkt\/canon-rf-35mm-f-1-8-macro-is\/","title":{"rendered":"Canon RF 35mm f\/1.8 Macro IS"},"content":{"rendered":"<p>Mit dem Canon RF 35mm Objektiv kannst du Portr\u00e4t-, Reise-, Landschafts- und Makrofotos machen. Es eignet ich f\u00fcr deine Canon Systemkamera mit RF-Bajonett. Durch die gro\u00dfe maximale Blenden\u00f6ffnung erzeugst du ein nat\u00fcrliches Bokeh. Dadurch hebt sich dein Motiv vom Hintergrund ab. Der f\u00fcnfstufige Bildstabilisator reduziert Bewegungsunsch\u00e4rfe. So kannst du aus der Hand mit l\u00e4ngeren Belichtungszeiten fotografieren. Das Objektiv hat einen Vergr\u00f6\u00dferungsfaktor von 1:2, sodass du Makroaufnahmen machen kannst. So kannst du kleine Details ins Bild r\u00fccken. Der leise Autofokus sorgt f\u00fcr fl\u00fcssige Videoaufnahmen. Es gibt keine ablenkenden Ger\u00e4usche in deinen Aufnahmen und die \u00dcberg\u00e4nge zwischen den Fokuspunkten sind nat\u00fcrlich. Durch das kompakte Design kannst du das Objektiv problemlos mitnehmen.<\/p>\n","protected":false},"excerpt":{"rendered":"<p>Mit dem Canon RF 35mm Objektiv kannst du Portr\u00e4t-, Reise-, Landschafts- und Makrofotos machen. Es eignet ich f\u00fcr deine Canon Systemkamera mit RF-Bajonett. Durch die gro\u00dfe maximale Blenden\u00f6ffnung erzeugst du ein nat\u00fcrliches Bokeh. Dadurch hebt sich dein Motiv vom Hintergrund ab. Der f\u00fcnfstufige Bildstabilisator reduziert Bewegungsunsch\u00e4rfe. So kannst du aus der Hand mit l\u00e4ngeren Belichtungszeiten fotografieren. Das Objektiv hat einen Vergr\u00f6\u00dferungsfaktor von 1:2, sodass du Makroaufnahmen machen kannst. So kannst du kleine Details ins Bild r\u00fccken. Der leise Autofokus sorgt f\u00fcr fl\u00fcssige Videoaufnahmen. Es gibt keine ablenkenden Ger\u00e4usche in deinen Aufnahmen und die \u00dcberg\u00e4nge zwischen den Fokuspunkten sind nat\u00fcrlich. Durch das kompakte Design kannst du das Objektiv problemlos mitnehmen.<\/p>\n","protected":false},"featured_media":0,"comment_status":"closed","ping_status":"open","template":"","meta":{"_acf_changed":false},"brand":[61],"product_brand":[],"product_cat":[187],"product_tag":[950],"class_list":{"0":"post-72237","1":"product","2":"type-product","3":"status-publish","5":"brand-canon","6":"product_cat-kameraobjektive","7":"product_tag-lenzen-voor-csc-cameras","8":"pa_condition-new","9":"pa_coolblue-de-verzending-morgen-gratis-geliefert","10":"pa_ean-4199","11":"pa_mpn-2973c005aa","13":"first","14":"instock","15":"product-type-external"},"acf":[],"_links":{"self":[{"href":"https:\/\/onlinehardwareshop.de\/index.php\/wp-json\/wp\/v2\/product\/72237","targetHints":{"allow":["GET"]}}],"collection":[{"href":"https:\/\/onlinehardwareshop.de\/index.php\/wp-json\/wp\/v2\/product"}],"about":[{"href":"https:\/\/onlinehardwareshop.de\/index.php\/wp-json\/wp\/v2\/types\/product"}],"replies":[{"embeddable":true,"href":"https:\/\/onlinehardwareshop.de\/index.php\/wp-json\/wp\/v2\/comments?post=72237"}],"wp:attachment":[{"href":"https:\/\/onlinehardwareshop.de\/index.php\/wp-json\/wp\/v2\/media?parent=72237"}],"wp:term":[{"taxonomy":"brand","embeddable":true,"href":"https:\/\/onlinehardwareshop.de\/index.php\/wp-json\/wp\/v2\/brand?post=72237"},{"taxonomy":"product_brand","embeddable":true,"href":"https:\/\/onlinehardwareshop.de\/index.php\/wp-json\/wp\/v2\/product_brand?post=72237"},{"taxonomy":"product_cat","embeddable":true,"href":"https:\/\/onlinehardwareshop.de\/index.php\/wp-json\/wp\/v2\/product_cat?post=72237"},{"taxonomy":"product_tag","embeddable":true,"href":"https:\/\/onlinehardwareshop.de\/index.php\/wp-json\/wp\/v2\/product_tag?post=72237"}],"curies":[{"name":"wp","href":"https:\/\/api.w.org\/{rel}","templated":true}]}}