{"id":72229,"date":"2024-03-18T03:54:07","date_gmt":"2024-03-18T03:54:07","guid":{"rendered":"https:\/\/onlinehardwareshop.de\/index.php\/produkt\/sony-fe-50mm-f-2-8-macro-2\/"},"modified":"2025-05-14T01:07:56","modified_gmt":"2025-05-14T01:07:56","slug":"sony-fe-50mm-f-2-8-macro","status":"publish","type":"product","link":"https:\/\/onlinehardwareshop.de\/index.php\/produkt\/sony-fe-50mm-f-2-8-macro\/","title":{"rendered":"Sony FE 50&#xA0;mm f\/2.8 Macro"},"content":{"rendered":"<p>Mit dem Makroobjektiv Sony FE 50\u00a0mm f\/2.8 nimmst du kleine Details scharf auf. Das Objektiv hat einen Vergr\u00f6\u00dferungsfaktor von 1:1. Dadurch erscheinen Blumen und kleine Insekten in Lebensgr\u00f6\u00dfe. Du kannst Motive in einem Abstand von nur 16 Zentimetern scharf fotografieren. Neben Makrofotos sind mit diesem Objektiv auch Stra\u00dfen- und Portr\u00e4tfotos m\u00f6glich. Es verf\u00fcgt \u00fcber eine gro\u00dfe maximale Blende von f\/2,8, sodass du Fotos mit sanfter Hintergrundunsch\u00e4rfe aufnehmen kannst. Diese Unsch\u00e4rfe wird auch als Bokeh bezeichnet. Das ED-Glaselement im Objektiv verhindert chromatische Aberrationen. Auf diese Weise sind die Farben in deinen Bildern leuchtend. Dank der Blende von f\/2,8 erzeugst du ein nat\u00fcrliches Bokeh in deinem Foto. Dieser Bokeh-Effekt sorgt daf\u00fcr, dass sich dein Motiv vom Hintergrund abhebt. Das leichte Objektiv mit nur 236 Gramm nimmst du \u00fcberall hin mit. Das kompakte Design passt problemlos in deine Tasche.<\/p>\n","protected":false},"excerpt":{"rendered":"<p>Mit dem Makroobjektiv Sony FE 50\u00a0mm f\/2.8 nimmst du kleine Details scharf auf. Das Objektiv hat einen Vergr\u00f6\u00dferungsfaktor von 1:1. Dadurch erscheinen Blumen und kleine Insekten in Lebensgr\u00f6\u00dfe. Du kannst Motive in einem Abstand von nur 16 Zentimetern scharf fotografieren. Neben Makrofotos sind mit diesem Objektiv auch Stra\u00dfen- und Portr\u00e4tfotos m\u00f6glich. Es verf\u00fcgt \u00fcber eine gro\u00dfe maximale Blende von f\/2,8, sodass du Fotos mit sanfter Hintergrundunsch\u00e4rfe aufnehmen kannst. Diese Unsch\u00e4rfe wird auch als Bokeh bezeichnet. Das ED-Glaselement im Objektiv verhindert chromatische Aberrationen. Auf diese Weise sind die Farben in deinen Bildern leuchtend. Dank der Blende von f\/2,8 erzeugst du ein nat\u00fcrliches Bokeh in deinem Foto. Dieser Bokeh-Effekt sorgt daf\u00fcr, dass sich dein Motiv vom Hintergrund abhebt. Das leichte Objektiv mit nur 236 Gramm nimmst du \u00fcberall hin mit. Das kompakte Design passt problemlos in deine Tasche.<\/p>\n","protected":false},"featured_media":0,"comment_status":"closed","ping_status":"open","template":"","meta":{"_acf_changed":false},"brand":[56],"product_brand":[],"product_cat":[187],"product_tag":[950],"class_list":{"0":"post-72229","1":"product","2":"type-product","3":"status-publish","5":"brand-sony","6":"product_cat-kameraobjektive","7":"product_tag-lenzen-voor-csc-cameras","8":"pa_condition-new","9":"pa_coolblue-de-verzending-morgen-gratis-geliefert","10":"pa_ean-4182","11":"pa_mpn-sel50m28-syx","13":"first","14":"instock","15":"product-type-external"},"acf":[],"_links":{"self":[{"href":"https:\/\/onlinehardwareshop.de\/index.php\/wp-json\/wp\/v2\/product\/72229","targetHints":{"allow":["GET"]}}],"collection":[{"href":"https:\/\/onlinehardwareshop.de\/index.php\/wp-json\/wp\/v2\/product"}],"about":[{"href":"https:\/\/onlinehardwareshop.de\/index.php\/wp-json\/wp\/v2\/types\/product"}],"replies":[{"embeddable":true,"href":"https:\/\/onlinehardwareshop.de\/index.php\/wp-json\/wp\/v2\/comments?post=72229"}],"wp:attachment":[{"href":"https:\/\/onlinehardwareshop.de\/index.php\/wp-json\/wp\/v2\/media?parent=72229"}],"wp:term":[{"taxonomy":"brand","embeddable":true,"href":"https:\/\/onlinehardwareshop.de\/index.php\/wp-json\/wp\/v2\/brand?post=72229"},{"taxonomy":"product_brand","embeddable":true,"href":"https:\/\/onlinehardwareshop.de\/index.php\/wp-json\/wp\/v2\/product_brand?post=72229"},{"taxonomy":"product_cat","embeddable":true,"href":"https:\/\/onlinehardwareshop.de\/index.php\/wp-json\/wp\/v2\/product_cat?post=72229"},{"taxonomy":"product_tag","embeddable":true,"href":"https:\/\/onlinehardwareshop.de\/index.php\/wp-json\/wp\/v2\/product_tag?post=72229"}],"curies":[{"name":"wp","href":"https:\/\/api.w.org\/{rel}","templated":true}]}}