{"id":72225,"date":"2024-05-04T01:43:24","date_gmt":"2024-05-04T01:43:24","guid":{"rendered":"https:\/\/onlinehardwareshop.de\/index.php\/produkt\/princess-267003-sous-vide-stick-2\/"},"modified":"2025-05-14T01:07:42","modified_gmt":"2025-05-14T01:07:42","slug":"princess-267003-sous-vide-stick","status":"publish","type":"product","link":"https:\/\/onlinehardwareshop.de\/index.php\/produkt\/princess-267003-sous-vide-stick\/","title":{"rendered":"Princess 267003 Sous-Vide-Stick"},"content":{"rendered":"<p>Mit dem Princess 267003 Sous-Vide-Stick \u00fcberraschst du deine Freunde und Verwandten mit einem kulinarischem Dinner mit einem perfekt gegartem St\u00fcck Fleisch als Hauptgericht. Mit diesem Sous-Vide-Stick garst du Zutaten n\u00e4mlich langsam und bei einer konstanten Temperatur. Das Beefsteak, Lachsst\u00fcck oder Gem\u00fcse wird vakuumverpackt, bevor du es in einen Topf mit Wasser legst. Danach klickst du den Sous-Vide-Stick an den Rand vom Topf. Durch das Display stellst du die gew\u00fcnschte Temperatur und Zubereitungszeit ein. Nach der Verwendung reinigst du den Sous-Vide-Stick mit warmem Wasser und einem Tropfen Geschirrsp\u00fclmittel.<\/p>\n","protected":false},"excerpt":{"rendered":"<p>Mit dem Princess 267003 Sous-Vide-Stick \u00fcberraschst du deine Freunde und Verwandten mit einem kulinarischem Dinner mit einem perfekt gegartem St\u00fcck Fleisch als Hauptgericht. Mit diesem Sous-Vide-Stick garst du Zutaten n\u00e4mlich langsam und bei einer konstanten Temperatur. Das Beefsteak, Lachsst\u00fcck oder Gem\u00fcse wird vakuumverpackt, bevor du es in einen Topf mit Wasser legst. Danach klickst du den Sous-Vide-Stick an den Rand vom Topf. Durch das Display stellst du die gew\u00fcnschte Temperatur und Zubereitungszeit ein. Nach der Verwendung reinigst du den Sous-Vide-Stick mit warmem Wasser und einem Tropfen Geschirrsp\u00fclmittel.<\/p>\n","protected":false},"featured_media":0,"comment_status":"closed","ping_status":"open","template":"","meta":{"_acf_changed":false},"brand":[1137],"product_brand":[],"product_cat":[1539],"product_tag":[1540],"class_list":{"0":"post-72225","1":"product","2":"type-product","3":"status-publish","5":"brand-princess","6":"product_cat-sous-vide-garer","7":"product_tag-sous-vide-apparaten","8":"pa_condition-new","9":"pa_coolblue-de-verzending-morgen-gratis-geliefert","10":"pa_ean-4170","11":"pa_mpn-01-267003-01-001","13":"first","14":"instock","15":"product-type-external"},"acf":[],"_links":{"self":[{"href":"https:\/\/onlinehardwareshop.de\/index.php\/wp-json\/wp\/v2\/product\/72225","targetHints":{"allow":["GET"]}}],"collection":[{"href":"https:\/\/onlinehardwareshop.de\/index.php\/wp-json\/wp\/v2\/product"}],"about":[{"href":"https:\/\/onlinehardwareshop.de\/index.php\/wp-json\/wp\/v2\/types\/product"}],"replies":[{"embeddable":true,"href":"https:\/\/onlinehardwareshop.de\/index.php\/wp-json\/wp\/v2\/comments?post=72225"}],"wp:attachment":[{"href":"https:\/\/onlinehardwareshop.de\/index.php\/wp-json\/wp\/v2\/media?parent=72225"}],"wp:term":[{"taxonomy":"brand","embeddable":true,"href":"https:\/\/onlinehardwareshop.de\/index.php\/wp-json\/wp\/v2\/brand?post=72225"},{"taxonomy":"product_brand","embeddable":true,"href":"https:\/\/onlinehardwareshop.de\/index.php\/wp-json\/wp\/v2\/product_brand?post=72225"},{"taxonomy":"product_cat","embeddable":true,"href":"https:\/\/onlinehardwareshop.de\/index.php\/wp-json\/wp\/v2\/product_cat?post=72225"},{"taxonomy":"product_tag","embeddable":true,"href":"https:\/\/onlinehardwareshop.de\/index.php\/wp-json\/wp\/v2\/product_tag?post=72225"}],"curies":[{"name":"wp","href":"https:\/\/api.w.org\/{rel}","templated":true}]}}