{"id":72222,"date":"2024-11-13T02:53:21","date_gmt":"2024-11-13T02:53:21","guid":{"rendered":"https:\/\/onlinehardwareshop.de\/index.php\/produkt\/inventum-cbw010-2\/"},"modified":"2025-05-14T01:07:15","modified_gmt":"2025-05-14T01:07:15","slug":"inventum-cbw010","status":"publish","type":"product","link":"https:\/\/onlinehardwareshop.de\/index.php\/produkt\/inventum-cbw010\/","title":{"rendered":"Inventum CBW010"},"content":{"rendered":"<p>Der Inventum CBW010 hat ein robustes Edelstahlgeh\u00e4use und ein gro\u00dfes Fassungsverm\u00f6gen von 1,7\u00a0Litern. Dank der Literanzeige kannst du die Wassermenge, die du kochen m\u00f6chtest, direkt in der Kanne abmessen. Der Wasserkocher kann durch die gro\u00dfe Einf\u00fcll\u00f6ffnung einfach unter dem Wasserhahn bef\u00fcllt werden. W\u00e4hrend du das Wasser in die Tassen gie\u00dft, h\u00e4lt der Kalkfilter Kalkpartikel fern. Der Filter ist abnehmbar, sodass du ihn einfach unter dem Wasserhahn absp\u00fclen kannst.<\/p>\n","protected":false},"excerpt":{"rendered":"<p>Der Inventum CBW010 hat ein robustes Edelstahlgeh\u00e4use und ein gro\u00dfes Fassungsverm\u00f6gen von 1,7\u00a0Litern. Dank der Literanzeige kannst du die Wassermenge, die du kochen m\u00f6chtest, direkt in der Kanne abmessen. Der Wasserkocher kann durch die gro\u00dfe Einf\u00fcll\u00f6ffnung einfach unter dem Wasserhahn bef\u00fcllt werden. W\u00e4hrend du das Wasser in die Tassen gie\u00dft, h\u00e4lt der Kalkfilter Kalkpartikel fern. Der Filter ist abnehmbar, sodass du ihn einfach unter dem Wasserhahn absp\u00fclen kannst.<\/p>\n","protected":false},"featured_media":0,"comment_status":"closed","ping_status":"open","template":"","meta":{"_acf_changed":false},"brand":[1510],"product_brand":[],"product_cat":[716],"product_tag":[717],"class_list":{"0":"post-72222","1":"product","2":"type-product","3":"status-publish","5":"brand-inventum","6":"product_cat-wasserkocher","7":"product_tag-waterkokers","8":"pa_condition-new","9":"pa_coolblue-de-verzending-morgen-gratis-geliefert","10":"pa_ean-4163","11":"pa_mpn-cbw010","13":"first","14":"instock","15":"product-type-external"},"acf":[],"_links":{"self":[{"href":"https:\/\/onlinehardwareshop.de\/index.php\/wp-json\/wp\/v2\/product\/72222","targetHints":{"allow":["GET"]}}],"collection":[{"href":"https:\/\/onlinehardwareshop.de\/index.php\/wp-json\/wp\/v2\/product"}],"about":[{"href":"https:\/\/onlinehardwareshop.de\/index.php\/wp-json\/wp\/v2\/types\/product"}],"replies":[{"embeddable":true,"href":"https:\/\/onlinehardwareshop.de\/index.php\/wp-json\/wp\/v2\/comments?post=72222"}],"wp:attachment":[{"href":"https:\/\/onlinehardwareshop.de\/index.php\/wp-json\/wp\/v2\/media?parent=72222"}],"wp:term":[{"taxonomy":"brand","embeddable":true,"href":"https:\/\/onlinehardwareshop.de\/index.php\/wp-json\/wp\/v2\/brand?post=72222"},{"taxonomy":"product_brand","embeddable":true,"href":"https:\/\/onlinehardwareshop.de\/index.php\/wp-json\/wp\/v2\/product_brand?post=72222"},{"taxonomy":"product_cat","embeddable":true,"href":"https:\/\/onlinehardwareshop.de\/index.php\/wp-json\/wp\/v2\/product_cat?post=72222"},{"taxonomy":"product_tag","embeddable":true,"href":"https:\/\/onlinehardwareshop.de\/index.php\/wp-json\/wp\/v2\/product_tag?post=72222"}],"curies":[{"name":"wp","href":"https:\/\/api.w.org\/{rel}","templated":true}]}}