{"id":72204,"date":"2024-02-06T20:52:35","date_gmt":"2024-02-06T20:52:35","guid":{"rendered":"https:\/\/onlinehardwareshop.de\/index.php\/produkt\/lenovo-thinkpad-hybride-usb-c-und-usb-a-dockingstation-2\/"},"modified":"2025-05-14T01:05:45","modified_gmt":"2025-05-14T01:05:45","slug":"lenovo-thinkpad-hybride-usb-c-und-usb-a-dockingstation","status":"publish","type":"product","link":"https:\/\/onlinehardwareshop.de\/index.php\/produkt\/lenovo-thinkpad-hybride-usb-c-und-usb-a-dockingstation\/","title":{"rendered":"Lenovo ThinkPad Hybride USB-C und USB-A Dockingstation"},"content":{"rendered":"<p>Breite deinen Arbeitsplatz mit der Lenovo Thinkpad Hybride USB-C und USB-A Docking-Station aus. Mit dieser Station kannst du bis zu zwei 4K-Monitore an den DisplayPort oder die HDMI-Ports anschlie\u00dfen. Au\u00dferdem hast du genug Anschl\u00fcsse f\u00fcr alle deine Peripherieger\u00e4te. Verbinde beispielsweise deine Maus, Tastatur, Internetkabel und Kopfh\u00f6rer und du bist direkt startklar. Mit dem mitgelieferten USB-C-auf USB-A-Adapter schlie\u00dft du deine Station auch an Laptops mit USB-A-Anschluss an. Diese ThinkPad Hybride Dockingstation ist dar\u00fcber hinaus zum Aufladen deines Laptops und Handys geeignet. Somit brauchst du w\u00e4hrend der Arbeit nie Ausschau nach einer Steckdose zu halten. Diese Lenovo ThinkPad Hybride USB-C- und USB-A-Dockingstation funktioniert mit allen Windows-Laptops, MacBooks mit einem USB-C-Anschluss, die ein Videosignal weiterleiten. So pr\u00fcfst du, ob dein Laptop einen geeigneten USB-C-Anschluss hat.   Was kannst du mit dieser Dockingstation machen? Einen Monitor anschlie\u00dfen Zwei Monitore anschlie\u00dfen Laptop aufladen Mit kabelgebundenem Internet arbeiten Telefon aufladen Kopfh\u00f6rer anschlie\u00dfen Maus und Tastatur anschlie\u00dfen   Was kannst du mit dieser Dockingstation nicht machen? Speicherkarte lesen  Wenn du einen Monitor an diese Dockingstation anschlie\u00dft, hast du eine maximale Aufl\u00f6sung von 5K bei 60 Hertz.  Wenn du zwei Monitore an diese Dockingstation anschlie\u00dft, hast du eine maximale Aufl\u00f6sung von 4K bei 60 Hertz.   Hinweis: Die Dockingstation funktioniert am Besten, wenn du vor der Nutzung den DisplayLink-Treiber installierst. Du kannst ihn einfach auf der DisplayLink-Website herunterladen.<\/p>\n","protected":false},"excerpt":{"rendered":"<p>Breite deinen Arbeitsplatz mit der Lenovo Thinkpad Hybride USB-C und USB-A Docking-Station aus. Mit dieser Station kannst du bis zu zwei 4K-Monitore an den DisplayPort oder die HDMI-Ports anschlie\u00dfen. Au\u00dferdem hast du genug Anschl\u00fcsse f\u00fcr alle deine Peripherieger\u00e4te. Verbinde beispielsweise deine Maus, Tastatur, Internetkabel und Kopfh\u00f6rer und du bist direkt startklar. Mit dem mitgelieferten USB-C-auf USB-A-Adapter schlie\u00dft du deine Station auch an Laptops mit USB-A-Anschluss an. Diese ThinkPad Hybride Dockingstation ist dar\u00fcber hinaus zum Aufladen deines Laptops und Handys geeignet. Somit brauchst du w\u00e4hrend der Arbeit nie Ausschau nach einer Steckdose zu halten. Diese Lenovo ThinkPad Hybride USB-C- und USB-A-Dockingstation funktioniert mit allen Windows-Laptops, MacBooks mit einem USB-C-Anschluss, die ein Videosignal weiterleiten. So pr\u00fcfst du, ob dein Laptop einen geeigneten USB-C-Anschluss hat.   Was kannst du mit dieser Dockingstation machen? Einen Monitor anschlie\u00dfen Zwei Monitore anschlie\u00dfen Laptop aufladen Mit kabelgebundenem Internet arbeiten Telefon aufladen Kopfh\u00f6rer anschlie\u00dfen Maus und Tastatur anschlie\u00dfen   Was kannst du mit dieser Dockingstation nicht machen? Speicherkarte lesen  Wenn du einen Monitor an diese Dockingstation anschlie\u00dft, hast du eine maximale Aufl\u00f6sung von 5K bei 60 Hertz.  Wenn du zwei Monitore an diese Dockingstation anschlie\u00dft, hast du eine maximale Aufl\u00f6sung von 4K bei 60 Hertz.   Hinweis: Die Dockingstation funktioniert am Besten, wenn du vor der Nutzung den DisplayLink-Treiber installierst. Du kannst ihn einfach auf der DisplayLink-Website herunterladen.<\/p>\n","protected":false},"featured_media":0,"comment_status":"closed","ping_status":"open","template":"","meta":{"_acf_changed":false},"brand":[4121],"product_brand":[],"product_cat":[4022],"product_tag":[4023],"class_list":{"0":"post-72204","1":"product","2":"type-product","3":"status-publish","5":"brand-lenovo","6":"product_cat-dockingstations","7":"product_tag-cradles-docks-voor-laptops","8":"pa_condition-new","9":"pa_coolblue-de-verzending-morgen-gratis-geliefert","10":"pa_ean-4119","11":"pa_mpn-40af0135eu","13":"first","14":"instock","15":"product-type-external"},"acf":[],"_links":{"self":[{"href":"https:\/\/onlinehardwareshop.de\/index.php\/wp-json\/wp\/v2\/product\/72204","targetHints":{"allow":["GET"]}}],"collection":[{"href":"https:\/\/onlinehardwareshop.de\/index.php\/wp-json\/wp\/v2\/product"}],"about":[{"href":"https:\/\/onlinehardwareshop.de\/index.php\/wp-json\/wp\/v2\/types\/product"}],"replies":[{"embeddable":true,"href":"https:\/\/onlinehardwareshop.de\/index.php\/wp-json\/wp\/v2\/comments?post=72204"}],"wp:attachment":[{"href":"https:\/\/onlinehardwareshop.de\/index.php\/wp-json\/wp\/v2\/media?parent=72204"}],"wp:term":[{"taxonomy":"brand","embeddable":true,"href":"https:\/\/onlinehardwareshop.de\/index.php\/wp-json\/wp\/v2\/brand?post=72204"},{"taxonomy":"product_brand","embeddable":true,"href":"https:\/\/onlinehardwareshop.de\/index.php\/wp-json\/wp\/v2\/product_brand?post=72204"},{"taxonomy":"product_cat","embeddable":true,"href":"https:\/\/onlinehardwareshop.de\/index.php\/wp-json\/wp\/v2\/product_cat?post=72204"},{"taxonomy":"product_tag","embeddable":true,"href":"https:\/\/onlinehardwareshop.de\/index.php\/wp-json\/wp\/v2\/product_tag?post=72204"}],"curies":[{"name":"wp","href":"https:\/\/api.w.org\/{rel}","templated":true}]}}