{"id":72199,"date":"2024-04-21T14:59:34","date_gmt":"2024-04-21T14:59:34","guid":{"rendered":"https:\/\/onlinehardwareshop.de\/index.php\/produkt\/jabra-speak-710-uc-office-speaker-2\/"},"modified":"2025-05-14T01:05:26","modified_gmt":"2025-05-14T01:05:26","slug":"jabra-speak-710-uc-office-speaker","status":"publish","type":"product","link":"https:\/\/onlinehardwareshop.de\/index.php\/produkt\/jabra-speak-710-uc-office-speaker\/","title":{"rendered":"Jabra Speak 710 UC Office Speaker"},"content":{"rendered":"<p>Mit der Jabra Speak 710 Tragbaren Freisprecheinrichtung f\u00fchrst du auch unterwegs Konferenzgespr\u00e4che. Diese tragbare Freisprecheinrichtung nimmst du dank des kompakten Formats im mitgelieferten Reiseetui einfach in deiner Tasche mit. Dank der Akkulaufzeit von 15 Stunden bist du immer gut vorbereitet und geht dir w\u00e4hrend der Versammlung nicht der Saft aus. \u00dcber die Ber\u00fchrungstasten am Rand der Freisprecheinrichtung regelst du die Lautst\u00e4rke und nimmst du beispielsweise Anrufe entgegen. Du schlie\u00dft die Freisprecheinrichtung \u00fcber USB oder kabellos \u00fcber Bluetooth an dein Notebook, Smartphone oder Tablet an. Verbinde zwei Jabra Speak 710 Freisprecheinrichtungen und halte eine Versammlung mit bis zu zw\u00f6lf Personen ab.<\/p>\n","protected":false},"excerpt":{"rendered":"<p>Mit der Jabra Speak 710 Tragbaren Freisprecheinrichtung f\u00fchrst du auch unterwegs Konferenzgespr\u00e4che. Diese tragbare Freisprecheinrichtung nimmst du dank des kompakten Formats im mitgelieferten Reiseetui einfach in deiner Tasche mit. Dank der Akkulaufzeit von 15 Stunden bist du immer gut vorbereitet und geht dir w\u00e4hrend der Versammlung nicht der Saft aus. \u00dcber die Ber\u00fchrungstasten am Rand der Freisprecheinrichtung regelst du die Lautst\u00e4rke und nimmst du beispielsweise Anrufe entgegen. Du schlie\u00dft die Freisprecheinrichtung \u00fcber USB oder kabellos \u00fcber Bluetooth an dein Notebook, Smartphone oder Tablet an. Verbinde zwei Jabra Speak 710 Freisprecheinrichtungen und halte eine Versammlung mit bis zu zw\u00f6lf Personen ab.<\/p>\n","protected":false},"featured_media":0,"comment_status":"closed","ping_status":"open","template":"","meta":{"_acf_changed":false},"brand":[815],"product_brand":[],"product_cat":[816],"product_tag":[817],"class_list":{"0":"post-72199","1":"product","2":"type-product","3":"status-publish","5":"brand-jabra","6":"product_cat-konferenzmikrofone","7":"product_tag-vergadermicrofoons","8":"pa_condition-new","9":"pa_coolblue-de-verzending-morgen-gratis-geliefert","10":"pa_ean-4111","11":"pa_mpn-7710-409","13":"first","14":"instock","15":"product-type-external"},"acf":[],"_links":{"self":[{"href":"https:\/\/onlinehardwareshop.de\/index.php\/wp-json\/wp\/v2\/product\/72199","targetHints":{"allow":["GET"]}}],"collection":[{"href":"https:\/\/onlinehardwareshop.de\/index.php\/wp-json\/wp\/v2\/product"}],"about":[{"href":"https:\/\/onlinehardwareshop.de\/index.php\/wp-json\/wp\/v2\/types\/product"}],"replies":[{"embeddable":true,"href":"https:\/\/onlinehardwareshop.de\/index.php\/wp-json\/wp\/v2\/comments?post=72199"}],"wp:attachment":[{"href":"https:\/\/onlinehardwareshop.de\/index.php\/wp-json\/wp\/v2\/media?parent=72199"}],"wp:term":[{"taxonomy":"brand","embeddable":true,"href":"https:\/\/onlinehardwareshop.de\/index.php\/wp-json\/wp\/v2\/brand?post=72199"},{"taxonomy":"product_brand","embeddable":true,"href":"https:\/\/onlinehardwareshop.de\/index.php\/wp-json\/wp\/v2\/product_brand?post=72199"},{"taxonomy":"product_cat","embeddable":true,"href":"https:\/\/onlinehardwareshop.de\/index.php\/wp-json\/wp\/v2\/product_cat?post=72199"},{"taxonomy":"product_tag","embeddable":true,"href":"https:\/\/onlinehardwareshop.de\/index.php\/wp-json\/wp\/v2\/product_tag?post=72199"}],"curies":[{"name":"wp","href":"https:\/\/api.w.org\/{rel}","templated":true}]}}