{"id":72195,"date":"2024-07-04T11:52:22","date_gmt":"2024-07-04T11:52:22","guid":{"rendered":"https:\/\/onlinehardwareshop.de\/index.php\/produkt\/tefal-grill-supergrill-xl-gc461b12-2\/"},"modified":"2025-05-14T01:05:06","modified_gmt":"2025-05-14T01:05:06","slug":"tefal-grill-supergrill-xl-gc461b12","status":"publish","type":"product","link":"https:\/\/onlinehardwareshop.de\/index.php\/produkt\/tefal-grill-supergrill-xl-gc461b12\/","title":{"rendered":"Tefal Grill Supergrill XL GC461B12"},"content":{"rendered":"<p>Der Tefal Grill Supergrill XL GC461B12 ist ein Kontaktgrill mit ordentlicher Gr\u00f6\u00dfe und ist f\u00fcr verschiedene Zubereitungen geeignet. Nat\u00fcrlich l\u00e4sst sich damit ein leckerer Sandwichtoast oder Panini machen. Aber wenn du gerne grillst, kannst du ein auch ordentliches Steak darauf legen. Schalte den Temperaturboost ein, um das Fleisch gut anzubraten. Das Ergebnis ist eine knusprige Au\u00dfenseite und eine saftige Innenseite. Auch wenn du nicht so viel von Fleisch h\u00e4ltst, ist dieser Kontaktgrill immer noch eine praktische Hilfe in der K\u00fcche. Du kannst n\u00e4mlich auch Gem\u00fcse und Fisch damit grillen. \u00dcbersch\u00fcssiges Fett landet im hierf\u00fcr bestimmten Auffangbeh\u00e4lter. Um den Abwasch musst du dich nicht k\u00fcmmern, weil die separaten Teile sp\u00fclmaschinenfest sind.<\/p>\n","protected":false},"excerpt":{"rendered":"<p>Der Tefal Grill Supergrill XL GC461B12 ist ein Kontaktgrill mit ordentlicher Gr\u00f6\u00dfe und ist f\u00fcr verschiedene Zubereitungen geeignet. Nat\u00fcrlich l\u00e4sst sich damit ein leckerer Sandwichtoast oder Panini machen. Aber wenn du gerne grillst, kannst du ein auch ordentliches Steak darauf legen. Schalte den Temperaturboost ein, um das Fleisch gut anzubraten. Das Ergebnis ist eine knusprige Au\u00dfenseite und eine saftige Innenseite. Auch wenn du nicht so viel von Fleisch h\u00e4ltst, ist dieser Kontaktgrill immer noch eine praktische Hilfe in der K\u00fcche. Du kannst n\u00e4mlich auch Gem\u00fcse und Fisch damit grillen. \u00dcbersch\u00fcssiges Fett landet im hierf\u00fcr bestimmten Auffangbeh\u00e4lter. Um den Abwasch musst du dich nicht k\u00fcmmern, weil die separaten Teile sp\u00fclmaschinenfest sind.<\/p>\n","protected":false},"featured_media":0,"comment_status":"closed","ping_status":"open","template":"","meta":{"_acf_changed":false},"brand":[506],"product_brand":[],"product_cat":[300],"product_tag":[301],"class_list":{"0":"post-72195","1":"product","2":"type-product","3":"status-publish","5":"brand-tefal","6":"product_cat-kontaktgrills","7":"product_tag-contactgrills","8":"pa_condition-new","9":"pa_coolblue-de-verzending-morgen-gratis-geliefert","10":"pa_ean-4097","11":"pa_mpn-gc461b12","13":"first","14":"instock","15":"product-type-external"},"acf":[],"_links":{"self":[{"href":"https:\/\/onlinehardwareshop.de\/index.php\/wp-json\/wp\/v2\/product\/72195","targetHints":{"allow":["GET"]}}],"collection":[{"href":"https:\/\/onlinehardwareshop.de\/index.php\/wp-json\/wp\/v2\/product"}],"about":[{"href":"https:\/\/onlinehardwareshop.de\/index.php\/wp-json\/wp\/v2\/types\/product"}],"replies":[{"embeddable":true,"href":"https:\/\/onlinehardwareshop.de\/index.php\/wp-json\/wp\/v2\/comments?post=72195"}],"wp:attachment":[{"href":"https:\/\/onlinehardwareshop.de\/index.php\/wp-json\/wp\/v2\/media?parent=72195"}],"wp:term":[{"taxonomy":"brand","embeddable":true,"href":"https:\/\/onlinehardwareshop.de\/index.php\/wp-json\/wp\/v2\/brand?post=72195"},{"taxonomy":"product_brand","embeddable":true,"href":"https:\/\/onlinehardwareshop.de\/index.php\/wp-json\/wp\/v2\/product_brand?post=72195"},{"taxonomy":"product_cat","embeddable":true,"href":"https:\/\/onlinehardwareshop.de\/index.php\/wp-json\/wp\/v2\/product_cat?post=72195"},{"taxonomy":"product_tag","embeddable":true,"href":"https:\/\/onlinehardwareshop.de\/index.php\/wp-json\/wp\/v2\/product_tag?post=72195"}],"curies":[{"name":"wp","href":"https:\/\/api.w.org\/{rel}","templated":true}]}}