{"id":72194,"date":"2024-02-08T09:35:00","date_gmt":"2024-02-08T09:35:00","guid":{"rendered":"https:\/\/onlinehardwareshop.de\/index.php\/produkt\/tefal-optigrill-xl-gc724d-snacking-r-2\/"},"modified":"2025-05-14T01:05:02","modified_gmt":"2025-05-14T01:05:02","slug":"tefal-optigrill-xl-gc724d-snacking-r","status":"publish","type":"product","link":"https:\/\/onlinehardwareshop.de\/index.php\/produkt\/tefal-optigrill-xl-gc724d-snacking-r\/","title":{"rendered":"Tefal OptiGrill XL GC724D + Snacking &#038; Baking Zubeh&#xF6;r"},"content":{"rendered":"<p>Mit dem Tefal OptiGrill XL GC724D + Snacking &#038; Baking Zubeh\u00f6r backst du eine herzhafte Quiche, Brot oder eine Pizza dank der mitgelieferten Backzubeh\u00f6rteile. Dieser Kontaktgrill ist bis zu 33 Prozent gr\u00f6\u00dfer als sein Bruder, der OptiGrill+, weswegen du Portionen f\u00fcr sechs bis acht Personen zubereiten kannst. Du verwendest immer die richtigen Einstellungen dank des integrierten Smart-Sensors. Dieser Sensor misst n\u00e4mlich die Dicke und Art der Zutaten, die du zubereiten willst. Au\u00dferdem passt er die richtige Zubereitungszeit und -temperatur an. Du kannst auch Gem\u00fcse und Kartoffeln anbacken dank der vier manuellen Temperatureinstellungen. M\u00f6chtest du in deinem Kontaktgrill tiefgefrorene Lebensmittel auftauen? W\u00e4hle dann den Tiefk\u00fchlstand aus. Dank der hitzebest\u00e4ndigen Griffe kannst du den Grill einfach auf den Esstisch stellen. Nach dem Essen kannst du die herausnehmbaren Platten in der Sp\u00fclmaschine reinigen.<\/p>\n","protected":false},"excerpt":{"rendered":"<p>Mit dem Tefal OptiGrill XL GC724D + Snacking &#038; Baking Zubeh\u00f6r backst du eine herzhafte Quiche, Brot oder eine Pizza dank der mitgelieferten Backzubeh\u00f6rteile. Dieser Kontaktgrill ist bis zu 33 Prozent gr\u00f6\u00dfer als sein Bruder, der OptiGrill+, weswegen du Portionen f\u00fcr sechs bis acht Personen zubereiten kannst. Du verwendest immer die richtigen Einstellungen dank des integrierten Smart-Sensors. Dieser Sensor misst n\u00e4mlich die Dicke und Art der Zutaten, die du zubereiten willst. Au\u00dferdem passt er die richtige Zubereitungszeit und -temperatur an. Du kannst auch Gem\u00fcse und Kartoffeln anbacken dank der vier manuellen Temperatureinstellungen. M\u00f6chtest du in deinem Kontaktgrill tiefgefrorene Lebensmittel auftauen? W\u00e4hle dann den Tiefk\u00fchlstand aus. Dank der hitzebest\u00e4ndigen Griffe kannst du den Grill einfach auf den Esstisch stellen. Nach dem Essen kannst du die herausnehmbaren Platten in der Sp\u00fclmaschine reinigen.<\/p>\n","protected":false},"featured_media":0,"comment_status":"closed","ping_status":"open","template":"","meta":{"_acf_changed":false},"brand":[506],"product_brand":[],"product_cat":[300],"product_tag":[301],"class_list":{"0":"post-72194","1":"product","2":"type-product","3":"status-publish","5":"brand-tefal","6":"product_cat-kontaktgrills","7":"product_tag-contactgrills","8":"pa_condition-new","9":"pa_coolblue-de-verzending-morgen-gratis-geliefert","10":"pa_ean-4095","11":"pa_mpn-gc724d12","13":"first","14":"instock","15":"product-type-external"},"acf":[],"_links":{"self":[{"href":"https:\/\/onlinehardwareshop.de\/index.php\/wp-json\/wp\/v2\/product\/72194","targetHints":{"allow":["GET"]}}],"collection":[{"href":"https:\/\/onlinehardwareshop.de\/index.php\/wp-json\/wp\/v2\/product"}],"about":[{"href":"https:\/\/onlinehardwareshop.de\/index.php\/wp-json\/wp\/v2\/types\/product"}],"replies":[{"embeddable":true,"href":"https:\/\/onlinehardwareshop.de\/index.php\/wp-json\/wp\/v2\/comments?post=72194"}],"wp:attachment":[{"href":"https:\/\/onlinehardwareshop.de\/index.php\/wp-json\/wp\/v2\/media?parent=72194"}],"wp:term":[{"taxonomy":"brand","embeddable":true,"href":"https:\/\/onlinehardwareshop.de\/index.php\/wp-json\/wp\/v2\/brand?post=72194"},{"taxonomy":"product_brand","embeddable":true,"href":"https:\/\/onlinehardwareshop.de\/index.php\/wp-json\/wp\/v2\/product_brand?post=72194"},{"taxonomy":"product_cat","embeddable":true,"href":"https:\/\/onlinehardwareshop.de\/index.php\/wp-json\/wp\/v2\/product_cat?post=72194"},{"taxonomy":"product_tag","embeddable":true,"href":"https:\/\/onlinehardwareshop.de\/index.php\/wp-json\/wp\/v2\/product_tag?post=72194"}],"curies":[{"name":"wp","href":"https:\/\/api.w.org\/{rel}","templated":true}]}}