{"id":72192,"date":"2024-11-03T07:03:01","date_gmt":"2024-11-03T07:03:01","guid":{"rendered":"https:\/\/onlinehardwareshop.de\/index.php\/produkt\/tefal-blendforce-ii-bl4388-2\/"},"modified":"2025-05-14T01:04:57","modified_gmt":"2025-05-14T01:04:57","slug":"tefal-blendforce-ii-bl4388","status":"publish","type":"product","link":"https:\/\/onlinehardwareshop.de\/index.php\/produkt\/tefal-blendforce-ii-bl4388\/","title":{"rendered":"Tefal Blendforce II BL4388"},"content":{"rendered":"<p>Mit dem Tefal Blendforce II BL4388 erh\u00e4ltst du einen leistungsstarken Standmixer, den du f\u00fcr verschiedene Zubereitungen verwenden kannst. Nat\u00fcrlich kannst du damit einen leckeren Smoothie oder Fruchtsaft machen. Du kannst aber auch eine Suppe darin mixen, da der Mixbeh\u00e4lter hitzebest\u00e4ndig ist. Stehst du mehr auf kalte Zubereitungen? F\u00fcr einen Slush Puppie oder Milchshake kannst du darin Eisw\u00fcrfel zerkleinern. Die Kanne hat eine Kapazit\u00e4t von 1,25 Liter, sodass du f\u00fcr die ganze Familie Saft machen kannst. Dieser Standmixer wird mit 2 Zubeh\u00f6rteilen geliefert: einem Zerkleinerer und einer M\u00fchle, mit denen du Gew\u00fcrze, Kaffeebohnen, Mandeln und N\u00fcsse mahlen und Zwiebeln, Knoblauch und Kr\u00e4uter hacken kannst. Nach Gebrauch d\u00fcrfen die Einzelteile einfach in die Sp\u00fclmaschine gestellt werden.<\/p>\n","protected":false},"excerpt":{"rendered":"<p>Mit dem Tefal Blendforce II BL4388 erh\u00e4ltst du einen leistungsstarken Standmixer, den du f\u00fcr verschiedene Zubereitungen verwenden kannst. Nat\u00fcrlich kannst du damit einen leckeren Smoothie oder Fruchtsaft machen. Du kannst aber auch eine Suppe darin mixen, da der Mixbeh\u00e4lter hitzebest\u00e4ndig ist. Stehst du mehr auf kalte Zubereitungen? F\u00fcr einen Slush Puppie oder Milchshake kannst du darin Eisw\u00fcrfel zerkleinern. Die Kanne hat eine Kapazit\u00e4t von 1,25 Liter, sodass du f\u00fcr die ganze Familie Saft machen kannst. Dieser Standmixer wird mit 2 Zubeh\u00f6rteilen geliefert: einem Zerkleinerer und einer M\u00fchle, mit denen du Gew\u00fcrze, Kaffeebohnen, Mandeln und N\u00fcsse mahlen und Zwiebeln, Knoblauch und Kr\u00e4uter hacken kannst. Nach Gebrauch d\u00fcrfen die Einzelteile einfach in die Sp\u00fclmaschine gestellt werden.<\/p>\n","protected":false},"featured_media":0,"comment_status":"closed","ping_status":"open","template":"","meta":{"_acf_changed":false},"brand":[506],"product_brand":[],"product_cat":[1606],"product_tag":[1607],"class_list":{"0":"post-72192","1":"product","2":"type-product","3":"status-publish","5":"brand-tefal","6":"product_cat-standmixer","7":"product_tag-blenders","8":"pa_condition-new","9":"pa_coolblue-de-verzending-morgen-gratis-geliefert","10":"pa_ean-4091","11":"pa_mpn-bl438831","13":"first","14":"instock","15":"product-type-external"},"acf":[],"_links":{"self":[{"href":"https:\/\/onlinehardwareshop.de\/index.php\/wp-json\/wp\/v2\/product\/72192","targetHints":{"allow":["GET"]}}],"collection":[{"href":"https:\/\/onlinehardwareshop.de\/index.php\/wp-json\/wp\/v2\/product"}],"about":[{"href":"https:\/\/onlinehardwareshop.de\/index.php\/wp-json\/wp\/v2\/types\/product"}],"replies":[{"embeddable":true,"href":"https:\/\/onlinehardwareshop.de\/index.php\/wp-json\/wp\/v2\/comments?post=72192"}],"wp:attachment":[{"href":"https:\/\/onlinehardwareshop.de\/index.php\/wp-json\/wp\/v2\/media?parent=72192"}],"wp:term":[{"taxonomy":"brand","embeddable":true,"href":"https:\/\/onlinehardwareshop.de\/index.php\/wp-json\/wp\/v2\/brand?post=72192"},{"taxonomy":"product_brand","embeddable":true,"href":"https:\/\/onlinehardwareshop.de\/index.php\/wp-json\/wp\/v2\/product_brand?post=72192"},{"taxonomy":"product_cat","embeddable":true,"href":"https:\/\/onlinehardwareshop.de\/index.php\/wp-json\/wp\/v2\/product_cat?post=72192"},{"taxonomy":"product_tag","embeddable":true,"href":"https:\/\/onlinehardwareshop.de\/index.php\/wp-json\/wp\/v2\/product_tag?post=72192"}],"curies":[{"name":"wp","href":"https:\/\/api.w.org\/{rel}","templated":true}]}}