{"id":72190,"date":"2024-02-04T13:03:27","date_gmt":"2024-02-04T13:03:27","guid":{"rendered":"https:\/\/onlinehardwareshop.de\/index.php\/produkt\/expression-xp-7100-2\/"},"modified":"2025-05-14T01:04:40","modified_gmt":"2025-05-14T01:04:40","slug":"expression-xp-7100","status":"publish","type":"product","link":"https:\/\/onlinehardwareshop.de\/index.php\/produkt\/expression-xp-7100\/","title":{"rendered":"Expression  XP-7100"},"content":{"rendered":"<p>Der Epson Expression Premium XP-7100 ist ein Alles-in-einem-Tintendrucker speziell zum Ausdrucken von Fotos. Dank den f\u00fcnf einzelnen Patronen druckst du Fotos mit einem h\u00fcbschen Kontrast, auch ohne wei\u00dfen Rand. Mit dem automatischen Dokumenteneinzug (ADF) scannst du einen Stapel Papier, den du m\u00fchelos zu einem digitalen Dokument kombinierst. Bewahre das Fotopapier und das Druckerpapier in zwei separaten Papierkassetten auf. Der Drucker besitzt einen gro\u00dfen Touchscreen, mit dem du Fotos ausdrucken kannst, ohne einen Computer zu ben\u00f6tigen. Schlie\u00dflich verwendest du den XP-7100 auch zum Anfertigen von Kalendern und Gl\u00fcckwunschkarten, ja du kannst sogar spezielle bedruckbare CDs und DVDs bedrucken.    Achtung: Willst du ein Foto auf Fotopapier ausdrucken? Lege die R\u00fcckseite (mit dem Logo) nach oben in den Drucker.<\/p>\n","protected":false},"excerpt":{"rendered":"<p>Der Epson Expression Premium XP-7100 ist ein Alles-in-einem-Tintendrucker speziell zum Ausdrucken von Fotos. Dank den f\u00fcnf einzelnen Patronen druckst du Fotos mit einem h\u00fcbschen Kontrast, auch ohne wei\u00dfen Rand. Mit dem automatischen Dokumenteneinzug (ADF) scannst du einen Stapel Papier, den du m\u00fchelos zu einem digitalen Dokument kombinierst. Bewahre das Fotopapier und das Druckerpapier in zwei separaten Papierkassetten auf. Der Drucker besitzt einen gro\u00dfen Touchscreen, mit dem du Fotos ausdrucken kannst, ohne einen Computer zu ben\u00f6tigen. Schlie\u00dflich verwendest du den XP-7100 auch zum Anfertigen von Kalendern und Gl\u00fcckwunschkarten, ja du kannst sogar spezielle bedruckbare CDs und DVDs bedrucken.    Achtung: Willst du ein Foto auf Fotopapier ausdrucken? Lege die R\u00fcckseite (mit dem Logo) nach oben in den Drucker.<\/p>\n","protected":false},"featured_media":0,"comment_status":"closed","ping_status":"open","template":"","meta":{"_acf_changed":false},"brand":[267],"product_brand":[],"product_cat":[2205],"product_tag":[2206],"class_list":{"0":"post-72190","1":"product","2":"type-product","3":"status-publish","5":"brand-epson","6":"product_cat-drucker","7":"product_tag-inkjetprinters","8":"pa_condition-new","9":"pa_coolblue-de-verzending-morgen-gratis-geliefert","10":"pa_ean-4086","11":"pa_mpn-c11ch03402","13":"first","14":"instock","15":"product-type-external"},"acf":[],"_links":{"self":[{"href":"https:\/\/onlinehardwareshop.de\/index.php\/wp-json\/wp\/v2\/product\/72190","targetHints":{"allow":["GET"]}}],"collection":[{"href":"https:\/\/onlinehardwareshop.de\/index.php\/wp-json\/wp\/v2\/product"}],"about":[{"href":"https:\/\/onlinehardwareshop.de\/index.php\/wp-json\/wp\/v2\/types\/product"}],"replies":[{"embeddable":true,"href":"https:\/\/onlinehardwareshop.de\/index.php\/wp-json\/wp\/v2\/comments?post=72190"}],"wp:attachment":[{"href":"https:\/\/onlinehardwareshop.de\/index.php\/wp-json\/wp\/v2\/media?parent=72190"}],"wp:term":[{"taxonomy":"brand","embeddable":true,"href":"https:\/\/onlinehardwareshop.de\/index.php\/wp-json\/wp\/v2\/brand?post=72190"},{"taxonomy":"product_brand","embeddable":true,"href":"https:\/\/onlinehardwareshop.de\/index.php\/wp-json\/wp\/v2\/product_brand?post=72190"},{"taxonomy":"product_cat","embeddable":true,"href":"https:\/\/onlinehardwareshop.de\/index.php\/wp-json\/wp\/v2\/product_cat?post=72190"},{"taxonomy":"product_tag","embeddable":true,"href":"https:\/\/onlinehardwareshop.de\/index.php\/wp-json\/wp\/v2\/product_tag?post=72190"}],"curies":[{"name":"wp","href":"https:\/\/api.w.org\/{rel}","templated":true}]}}