{"id":72188,"date":"2024-02-05T23:04:13","date_gmt":"2024-02-05T23:04:13","guid":{"rendered":"https:\/\/onlinehardwareshop.de\/index.php\/produkt\/philips-hue-play-anschlusskabel-5-meter-2\/"},"modified":"2025-05-14T01:04:25","modified_gmt":"2025-05-14T01:04:25","slug":"philips-hue-play-anschlusskabel-5-meter","status":"publish","type":"product","link":"https:\/\/onlinehardwareshop.de\/index.php\/produkt\/philips-hue-play-anschlusskabel-5-meter\/","title":{"rendered":"Philips Hue Play Anschlusskabel 5 Meter"},"content":{"rendered":"<p>Verwende das 5-Meter-Anschlusskabel von Philips Hue Play, um den Abstand zwischen dem Netzteil und der ersten Lichtleiste zu vergr\u00f6\u00dfern. Schlie\u00dfe bis zu drei Hue Play-Lichtleisten an ein Netzkabel an.<\/p>\n","protected":false},"excerpt":{"rendered":"<p>Verwende das 5-Meter-Anschlusskabel von Philips Hue Play, um den Abstand zwischen dem Netzteil und der ersten Lichtleiste zu vergr\u00f6\u00dfern. Schlie\u00dfe bis zu drei Hue Play-Lichtleisten an ein Netzkabel an.<\/p>\n","protected":false},"featured_media":0,"comment_status":"closed","ping_status":"open","template":"","meta":{"_acf_changed":false},"brand":[3735],"product_brand":[],"product_cat":[1804],"product_tag":[1805],"class_list":{"0":"post-72188","1":"product","2":"type-product","3":"status-publish","5":"brand-philips-hue","6":"product_cat-av-kabel","7":"product_tag-kabels-overig","8":"pa_condition-new","9":"pa_coolblue-de-verzending-morgen-gratis-geliefert","10":"pa_ean-4076","11":"pa_mpn-4077","13":"first","14":"instock","15":"product-type-external"},"acf":[],"_links":{"self":[{"href":"https:\/\/onlinehardwareshop.de\/index.php\/wp-json\/wp\/v2\/product\/72188","targetHints":{"allow":["GET"]}}],"collection":[{"href":"https:\/\/onlinehardwareshop.de\/index.php\/wp-json\/wp\/v2\/product"}],"about":[{"href":"https:\/\/onlinehardwareshop.de\/index.php\/wp-json\/wp\/v2\/types\/product"}],"replies":[{"embeddable":true,"href":"https:\/\/onlinehardwareshop.de\/index.php\/wp-json\/wp\/v2\/comments?post=72188"}],"wp:attachment":[{"href":"https:\/\/onlinehardwareshop.de\/index.php\/wp-json\/wp\/v2\/media?parent=72188"}],"wp:term":[{"taxonomy":"brand","embeddable":true,"href":"https:\/\/onlinehardwareshop.de\/index.php\/wp-json\/wp\/v2\/brand?post=72188"},{"taxonomy":"product_brand","embeddable":true,"href":"https:\/\/onlinehardwareshop.de\/index.php\/wp-json\/wp\/v2\/product_brand?post=72188"},{"taxonomy":"product_cat","embeddable":true,"href":"https:\/\/onlinehardwareshop.de\/index.php\/wp-json\/wp\/v2\/product_cat?post=72188"},{"taxonomy":"product_tag","embeddable":true,"href":"https:\/\/onlinehardwareshop.de\/index.php\/wp-json\/wp\/v2\/product_tag?post=72188"}],"curies":[{"name":"wp","href":"https:\/\/api.w.org\/{rel}","templated":true}]}}