{"id":72175,"date":"2025-02-27T17:29:14","date_gmt":"2025-02-27T17:29:14","guid":{"rendered":"https:\/\/onlinehardwareshop.de\/index.php\/produkt\/alecto-lschdecke-1-x-1-m-2\/"},"modified":"2025-05-14T01:03:05","modified_gmt":"2025-05-14T01:03:05","slug":"alecto-lschdecke-1-x-1-m","status":"publish","type":"product","link":"https:\/\/onlinehardwareshop.de\/index.php\/produkt\/alecto-lschdecke-1-x-1-m\/","title":{"rendered":"Alecto L&#xF6;schdecke 1 x 1 m"},"content":{"rendered":"<p>Verwende diese L\u00f6schdecke, um kleine Br\u00e4nde zu l\u00f6schen oder eine W\u00e4rmequelle zu schlie\u00dfen. H\u00e4nge die L\u00f6schdecke an einen Ort, an dem du sie leicht finden kannst, z. B. in der K\u00fcche. Hinweis: Die Decke ist nicht zum L\u00f6schen eines durch \u00d6l oder Fett verursachten Feuers geeignet.<\/p>\n","protected":false},"excerpt":{"rendered":"<p>Verwende diese L\u00f6schdecke, um kleine Br\u00e4nde zu l\u00f6schen oder eine W\u00e4rmequelle zu schlie\u00dfen. H\u00e4nge die L\u00f6schdecke an einen Ort, an dem du sie leicht finden kannst, z. B. in der K\u00fcche. Hinweis: Die Decke ist nicht zum L\u00f6schen eines durch \u00d6l oder Fett verursachten Feuers geeignet.<\/p>\n","protected":false},"featured_media":0,"comment_status":"closed","ping_status":"open","template":"","meta":{"_acf_changed":false},"brand":[1926],"product_brand":[],"product_cat":[4042],"product_tag":[4043],"class_list":{"0":"post-72175","1":"product","2":"type-product","3":"status-publish","5":"brand-alecto","6":"product_cat-lschdecken","7":"product_tag-blusdekens","8":"pa_condition-new","9":"pa_coolblue-de-verzending-morgen-gratis-geliefert","10":"pa_ean-4040","11":"pa_mpn-sb-11","13":"first","14":"instock","15":"product-type-external"},"acf":[],"_links":{"self":[{"href":"https:\/\/onlinehardwareshop.de\/index.php\/wp-json\/wp\/v2\/product\/72175","targetHints":{"allow":["GET"]}}],"collection":[{"href":"https:\/\/onlinehardwareshop.de\/index.php\/wp-json\/wp\/v2\/product"}],"about":[{"href":"https:\/\/onlinehardwareshop.de\/index.php\/wp-json\/wp\/v2\/types\/product"}],"replies":[{"embeddable":true,"href":"https:\/\/onlinehardwareshop.de\/index.php\/wp-json\/wp\/v2\/comments?post=72175"}],"wp:attachment":[{"href":"https:\/\/onlinehardwareshop.de\/index.php\/wp-json\/wp\/v2\/media?parent=72175"}],"wp:term":[{"taxonomy":"brand","embeddable":true,"href":"https:\/\/onlinehardwareshop.de\/index.php\/wp-json\/wp\/v2\/brand?post=72175"},{"taxonomy":"product_brand","embeddable":true,"href":"https:\/\/onlinehardwareshop.de\/index.php\/wp-json\/wp\/v2\/product_brand?post=72175"},{"taxonomy":"product_cat","embeddable":true,"href":"https:\/\/onlinehardwareshop.de\/index.php\/wp-json\/wp\/v2\/product_cat?post=72175"},{"taxonomy":"product_tag","embeddable":true,"href":"https:\/\/onlinehardwareshop.de\/index.php\/wp-json\/wp\/v2\/product_tag?post=72175"}],"curies":[{"name":"wp","href":"https:\/\/api.w.org\/{rel}","templated":true}]}}