{"id":72170,"date":"2024-06-25T08:39:24","date_gmt":"2024-06-25T08:39:24","guid":{"rendered":"https:\/\/onlinehardwareshop.de\/index.php\/produkt\/bosch-multitalent-8-mc812m865-2\/"},"modified":"2025-05-14T01:02:36","modified_gmt":"2025-05-14T01:02:36","slug":"bosch-multitalent-8-mc812m865","status":"publish","type":"product","link":"https:\/\/onlinehardwareshop.de\/index.php\/produkt\/bosch-multitalent-8-mc812m865\/","title":{"rendered":"Bosch MultiTalent 8 MC812M865"},"content":{"rendered":"<p>Der Bosch Multitalent 8 MC812M865 ist mit einem Geh\u00e4use aus Edelstahl ein solider Food-Processor, den du dank der Leistung von 1.250 Watt zur Zubereitung von verschiedenen Gerichten verwenden kannst. Durch die hohe Leistung ist dieser Food-Processor zum Kneten von schweren Teigen geeignet, zum Beispiel Brotteig oder Teig f\u00fcr Pizzaboden. Aber du verwendest diesen Food-Processor nicht nur zum Backen. Auch das Hacken, Raspeln und Schneiden erledigt er. So verf\u00fcgt dieses Modell \u00fcber eine Schneidescheibe f\u00fcr Pommes frites, eine Scheibe f\u00fcr Suppengem\u00fcse und einen W\u00fcrfelschneider f\u00fcr Gem\u00fcse-, Obst oder K\u00e4sew\u00fcrfel. Lust auf einen leckeren Smoothie? Einfach den Mixer-Aufsatz auf den Food-Processor klicken. Wenn du fertig bist, k\u00f6nnen die separaten Teile einfach in die Sp\u00fclmaschine gestellt werden, sodass du dich nicht um den Abwasch k\u00fcmmern musst.<\/p>\n","protected":false},"excerpt":{"rendered":"<p>Der Bosch Multitalent 8 MC812M865 ist mit einem Geh\u00e4use aus Edelstahl ein solider Food-Processor, den du dank der Leistung von 1.250 Watt zur Zubereitung von verschiedenen Gerichten verwenden kannst. Durch die hohe Leistung ist dieser Food-Processor zum Kneten von schweren Teigen geeignet, zum Beispiel Brotteig oder Teig f\u00fcr Pizzaboden. Aber du verwendest diesen Food-Processor nicht nur zum Backen. Auch das Hacken, Raspeln und Schneiden erledigt er. So verf\u00fcgt dieses Modell \u00fcber eine Schneidescheibe f\u00fcr Pommes frites, eine Scheibe f\u00fcr Suppengem\u00fcse und einen W\u00fcrfelschneider f\u00fcr Gem\u00fcse-, Obst oder K\u00e4sew\u00fcrfel. Lust auf einen leckeren Smoothie? Einfach den Mixer-Aufsatz auf den Food-Processor klicken. Wenn du fertig bist, k\u00f6nnen die separaten Teile einfach in die Sp\u00fclmaschine gestellt werden, sodass du dich nicht um den Abwasch k\u00fcmmern musst.<\/p>\n","protected":false},"featured_media":0,"comment_status":"closed","ping_status":"open","template":"","meta":{"_acf_changed":false},"brand":[250],"product_brand":[],"product_cat":[209],"product_tag":[210],"class_list":{"0":"post-72170","1":"product","2":"type-product","3":"status-publish","5":"brand-bosch","6":"product_cat-food-processors","7":"product_tag-foodprocessors-zonder-kookfunctie","8":"pa_condition-new","9":"pa_coolblue-de-verzending-morgen-gratis-geliefert","10":"pa_ean-4011","11":"pa_mpn-mc812m865","13":"first","14":"instock","15":"product-type-external"},"acf":[],"_links":{"self":[{"href":"https:\/\/onlinehardwareshop.de\/index.php\/wp-json\/wp\/v2\/product\/72170","targetHints":{"allow":["GET"]}}],"collection":[{"href":"https:\/\/onlinehardwareshop.de\/index.php\/wp-json\/wp\/v2\/product"}],"about":[{"href":"https:\/\/onlinehardwareshop.de\/index.php\/wp-json\/wp\/v2\/types\/product"}],"replies":[{"embeddable":true,"href":"https:\/\/onlinehardwareshop.de\/index.php\/wp-json\/wp\/v2\/comments?post=72170"}],"wp:attachment":[{"href":"https:\/\/onlinehardwareshop.de\/index.php\/wp-json\/wp\/v2\/media?parent=72170"}],"wp:term":[{"taxonomy":"brand","embeddable":true,"href":"https:\/\/onlinehardwareshop.de\/index.php\/wp-json\/wp\/v2\/brand?post=72170"},{"taxonomy":"product_brand","embeddable":true,"href":"https:\/\/onlinehardwareshop.de\/index.php\/wp-json\/wp\/v2\/product_brand?post=72170"},{"taxonomy":"product_cat","embeddable":true,"href":"https:\/\/onlinehardwareshop.de\/index.php\/wp-json\/wp\/v2\/product_cat?post=72170"},{"taxonomy":"product_tag","embeddable":true,"href":"https:\/\/onlinehardwareshop.de\/index.php\/wp-json\/wp\/v2\/product_tag?post=72170"}],"curies":[{"name":"wp","href":"https:\/\/api.w.org\/{rel}","templated":true}]}}