{"id":72157,"date":"2024-02-01T18:49:40","date_gmt":"2024-02-01T18:49:40","guid":{"rendered":"https:\/\/onlinehardwareshop.de\/index.php\/produkt\/greenpan-torino-keramische-bratpfanne-28cm\/"},"modified":"2025-05-14T01:01:35","modified_gmt":"2025-05-14T01:01:35","slug":"greenpan-torino-keramische-bratpfanne-28cm","status":"publish","type":"product","link":"https:\/\/onlinehardwareshop.de\/index.php\/produkt\/greenpan-torino-keramische-bratpfanne-28cm\/","title":{"rendered":"GreenPan Torino Keramische Bratpfanne 28&#xA0;cm"},"content":{"rendered":"<p>Die GreenPan Torino Keramikbratpfanne von 28 \u00a0cm ist eine gro\u00dfe Pfanne, mit der du beispielsweise viele Pfannkuchen zubereiten oder ein St\u00fcck Fisch knusprig anbraten kannst. Die PFAS-freie keramische Beschichtung ist widerstandf\u00e4hig und aus unsch\u00e4dlichen Materialien hergestellt. Dank dieser Antihaftbeschichtung kannst du mit wenig Butter oder \u00d6l braten und besonders gesunde Gerichte zubereiten. Die Pfanne ist f\u00fcr alle W\u00e4rmequellen geeignet und kann nach Gebrauch einfach in die Sp\u00fclmaschine gestellt werden. Um den Abwasch brauchst du dir also keine Gedanken zu machen.<\/p>\n","protected":false},"excerpt":{"rendered":"<p>Die GreenPan Torino Keramikbratpfanne von 28 \u00a0cm ist eine gro\u00dfe Pfanne, mit der du beispielsweise viele Pfannkuchen zubereiten oder ein St\u00fcck Fisch knusprig anbraten kannst. Die PFAS-freie keramische Beschichtung ist widerstandf\u00e4hig und aus unsch\u00e4dlichen Materialien hergestellt. Dank dieser Antihaftbeschichtung kannst du mit wenig Butter oder \u00d6l braten und besonders gesunde Gerichte zubereiten. Die Pfanne ist f\u00fcr alle W\u00e4rmequellen geeignet und kann nach Gebrauch einfach in die Sp\u00fclmaschine gestellt werden. Um den Abwasch brauchst du dir also keine Gedanken zu machen.<\/p>\n","protected":false},"featured_media":0,"comment_status":"closed","ping_status":"open","template":"","meta":{"_acf_changed":false},"brand":[3971],"product_brand":[],"product_cat":[372],"product_tag":[384],"class_list":{"0":"post-72157","1":"product","2":"type-product","3":"status-publish","5":"brand-greenpan","6":"product_cat-tpfe-und-pfannen","7":"product_tag-koekenpannen","8":"pa_condition-new","9":"pa_coolblue-de-verzending-morgen-gratis-geliefert","10":"pa_ean-3974","11":"pa_mpn-cc001692-001","13":"first","14":"instock","15":"product-type-external"},"acf":[],"_links":{"self":[{"href":"https:\/\/onlinehardwareshop.de\/index.php\/wp-json\/wp\/v2\/product\/72157","targetHints":{"allow":["GET"]}}],"collection":[{"href":"https:\/\/onlinehardwareshop.de\/index.php\/wp-json\/wp\/v2\/product"}],"about":[{"href":"https:\/\/onlinehardwareshop.de\/index.php\/wp-json\/wp\/v2\/types\/product"}],"replies":[{"embeddable":true,"href":"https:\/\/onlinehardwareshop.de\/index.php\/wp-json\/wp\/v2\/comments?post=72157"}],"wp:attachment":[{"href":"https:\/\/onlinehardwareshop.de\/index.php\/wp-json\/wp\/v2\/media?parent=72157"}],"wp:term":[{"taxonomy":"brand","embeddable":true,"href":"https:\/\/onlinehardwareshop.de\/index.php\/wp-json\/wp\/v2\/brand?post=72157"},{"taxonomy":"product_brand","embeddable":true,"href":"https:\/\/onlinehardwareshop.de\/index.php\/wp-json\/wp\/v2\/product_brand?post=72157"},{"taxonomy":"product_cat","embeddable":true,"href":"https:\/\/onlinehardwareshop.de\/index.php\/wp-json\/wp\/v2\/product_cat?post=72157"},{"taxonomy":"product_tag","embeddable":true,"href":"https:\/\/onlinehardwareshop.de\/index.php\/wp-json\/wp\/v2\/product_tag?post=72157"}],"curies":[{"name":"wp","href":"https:\/\/api.w.org\/{rel}","templated":true}]}}