{"id":72135,"date":"2024-10-24T23:26:47","date_gmt":"2024-10-24T23:26:47","guid":{"rendered":"https:\/\/onlinehardwareshop.de\/index.php\/produkt\/vortex-viper-hd-8x42-2\/"},"modified":"2025-05-14T00:59:16","modified_gmt":"2025-05-14T00:59:16","slug":"vortex-viper-hd-8x42","status":"publish","type":"product","link":"https:\/\/onlinehardwareshop.de\/index.php\/produkt\/vortex-viper-hd-8x42\/","title":{"rendered":"Vortex Viper HD 8&#215;42"},"content":{"rendered":"<p>Das Vortex Viper HD 8&#215;42 ist ein Fernglas f\u00fcr aktive Spotter. Das Fernglas ist geeignet zum Jagen, auf Reisen, beim Sport treiben oder V\u00f6gel beobachten. Durch die Verwendung von HD-Linsenelementen siehst du ein scharfes und kontrastreiches Bild mit einer 8-fachen Vergr\u00f6\u00dferung. Um das Geh\u00e4use des Fernglases ist eine Gummischutzschicht angebracht, die zus\u00e4tzlichen Halt bietet. Dank der O-Ringe und der Gasf\u00fcllung ist das Fernglas gegen Feuchtigkeit, Staub und Schmutz abgedichtet. Dadurch bleibt die Sicht klar. Die kratzfeste Beschichtung sch\u00fctzt die Linsen vor Kratzern, Fettflecken und Schmutz. Mit einem Augenabstand von 18 mm ist das Fernglas f\u00fcr Brillentr\u00e4ger geeignet.<\/p>\n","protected":false},"excerpt":{"rendered":"<p>Das Vortex Viper HD 8&#215;42 ist ein Fernglas f\u00fcr aktive Spotter. Das Fernglas ist geeignet zum Jagen, auf Reisen, beim Sport treiben oder V\u00f6gel beobachten. Durch die Verwendung von HD-Linsenelementen siehst du ein scharfes und kontrastreiches Bild mit einer 8-fachen Vergr\u00f6\u00dferung. Um das Geh\u00e4use des Fernglases ist eine Gummischutzschicht angebracht, die zus\u00e4tzlichen Halt bietet. Dank der O-Ringe und der Gasf\u00fcllung ist das Fernglas gegen Feuchtigkeit, Staub und Schmutz abgedichtet. Dadurch bleibt die Sicht klar. Die kratzfeste Beschichtung sch\u00fctzt die Linsen vor Kratzern, Fettflecken und Schmutz. Mit einem Augenabstand von 18 mm ist das Fernglas f\u00fcr Brillentr\u00e4ger geeignet.<\/p>\n","protected":false},"featured_media":0,"comment_status":"closed","ping_status":"open","template":"","meta":{"_acf_changed":false},"brand":[447],"product_brand":[],"product_cat":[448],"product_tag":[1304],"class_list":{"0":"post-72135","1":"product","2":"type-product","3":"status-publish","5":"brand-vortex","6":"product_cat-fernglser","7":"product_tag-dakkant-verrekijkers","8":"pa_condition-new","9":"pa_coolblue-de-verzending-morgen-gratis-geliefert","10":"pa_ean-3912","11":"pa_mpn-d147101","13":"first","14":"instock","15":"product-type-external"},"acf":[],"_links":{"self":[{"href":"https:\/\/onlinehardwareshop.de\/index.php\/wp-json\/wp\/v2\/product\/72135","targetHints":{"allow":["GET"]}}],"collection":[{"href":"https:\/\/onlinehardwareshop.de\/index.php\/wp-json\/wp\/v2\/product"}],"about":[{"href":"https:\/\/onlinehardwareshop.de\/index.php\/wp-json\/wp\/v2\/types\/product"}],"replies":[{"embeddable":true,"href":"https:\/\/onlinehardwareshop.de\/index.php\/wp-json\/wp\/v2\/comments?post=72135"}],"wp:attachment":[{"href":"https:\/\/onlinehardwareshop.de\/index.php\/wp-json\/wp\/v2\/media?parent=72135"}],"wp:term":[{"taxonomy":"brand","embeddable":true,"href":"https:\/\/onlinehardwareshop.de\/index.php\/wp-json\/wp\/v2\/brand?post=72135"},{"taxonomy":"product_brand","embeddable":true,"href":"https:\/\/onlinehardwareshop.de\/index.php\/wp-json\/wp\/v2\/product_brand?post=72135"},{"taxonomy":"product_cat","embeddable":true,"href":"https:\/\/onlinehardwareshop.de\/index.php\/wp-json\/wp\/v2\/product_cat?post=72135"},{"taxonomy":"product_tag","embeddable":true,"href":"https:\/\/onlinehardwareshop.de\/index.php\/wp-json\/wp\/v2\/product_tag?post=72135"}],"curies":[{"name":"wp","href":"https:\/\/api.w.org\/{rel}","templated":true}]}}