{"id":72115,"date":"2025-03-13T14:25:58","date_gmt":"2025-03-13T14:25:58","guid":{"rendered":"https:\/\/onlinehardwareshop.de\/index.php\/produkt\/rode-videomic-me-l-2\/"},"modified":"2025-05-14T00:57:30","modified_gmt":"2025-05-14T00:57:30","slug":"rode-videomic-me-l","status":"publish","type":"product","link":"https:\/\/onlinehardwareshop.de\/index.php\/produkt\/rode-videomic-me-l\/","title":{"rendered":"Rode Videomic Me-L"},"content":{"rendered":"<p>Das Rode Videomic Me-L-Mikrofon verbindest du \u00fcber einen Apple Lightning-Adapter mit deinem iPhone oder iPad. Mit diesem Mikrofon verbesserst du die Klangqualit\u00e4t der Aufnahmen von deinem Smart-Ger\u00e4t. Das ist n\u00fctzlich, wenn du regelm\u00e4\u00dfig Interviews oder Videos aufnimmst. Aufgrund der gerichteten Aufnahmecharakteristik wird der Ton haupts\u00e4chlich an der Vorderseite aufgenommen. Ger\u00e4usche von der Seite oder von hinten werden unterdr\u00fcckt. Auf diese Weise hast du weniger Probleme mit Rauschen in deinen Aufnahmen. Dank des mitgelieferten Windschutzes kannst du auch im Freien klare Tonaufnahmen machen. Schlie\u00dfe zum Anh\u00f6ren deiner Aufnahmen Ohrh\u00f6rer oder Kopfh\u00f6rer an die 3,5-mm-Buchse des Mikrofons an.<\/p>\n","protected":false},"excerpt":{"rendered":"<p>Das Rode Videomic Me-L-Mikrofon verbindest du \u00fcber einen Apple Lightning-Adapter mit deinem iPhone oder iPad. Mit diesem Mikrofon verbesserst du die Klangqualit\u00e4t der Aufnahmen von deinem Smart-Ger\u00e4t. Das ist n\u00fctzlich, wenn du regelm\u00e4\u00dfig Interviews oder Videos aufnimmst. Aufgrund der gerichteten Aufnahmecharakteristik wird der Ton haupts\u00e4chlich an der Vorderseite aufgenommen. Ger\u00e4usche von der Seite oder von hinten werden unterdr\u00fcckt. Auf diese Weise hast du weniger Probleme mit Rauschen in deinen Aufnahmen. Dank des mitgelieferten Windschutzes kannst du auch im Freien klare Tonaufnahmen machen. Schlie\u00dfe zum Anh\u00f6ren deiner Aufnahmen Ohrh\u00f6rer oder Kopfh\u00f6rer an die 3,5-mm-Buchse des Mikrofons an.<\/p>\n","protected":false},"featured_media":0,"comment_status":"closed","ping_status":"open","template":"","meta":{"_acf_changed":false},"brand":[1569],"product_brand":[],"product_cat":[1570],"product_tag":[1571],"class_list":{"0":"post-72115","1":"product","2":"type-product","3":"status-publish","5":"brand-rode-microphones","6":"product_cat-kameramikrofone","7":"product_tag-cameramicrofoons","8":"pa_condition-new","9":"pa_coolblue-de-verzending-morgen-gratis-geliefert","10":"pa_ean-3866","11":"pa_mpn-rd108621","13":"first","14":"instock","15":"product-type-external"},"acf":[],"_links":{"self":[{"href":"https:\/\/onlinehardwareshop.de\/index.php\/wp-json\/wp\/v2\/product\/72115","targetHints":{"allow":["GET"]}}],"collection":[{"href":"https:\/\/onlinehardwareshop.de\/index.php\/wp-json\/wp\/v2\/product"}],"about":[{"href":"https:\/\/onlinehardwareshop.de\/index.php\/wp-json\/wp\/v2\/types\/product"}],"replies":[{"embeddable":true,"href":"https:\/\/onlinehardwareshop.de\/index.php\/wp-json\/wp\/v2\/comments?post=72115"}],"wp:attachment":[{"href":"https:\/\/onlinehardwareshop.de\/index.php\/wp-json\/wp\/v2\/media?parent=72115"}],"wp:term":[{"taxonomy":"brand","embeddable":true,"href":"https:\/\/onlinehardwareshop.de\/index.php\/wp-json\/wp\/v2\/brand?post=72115"},{"taxonomy":"product_brand","embeddable":true,"href":"https:\/\/onlinehardwareshop.de\/index.php\/wp-json\/wp\/v2\/product_brand?post=72115"},{"taxonomy":"product_cat","embeddable":true,"href":"https:\/\/onlinehardwareshop.de\/index.php\/wp-json\/wp\/v2\/product_cat?post=72115"},{"taxonomy":"product_tag","embeddable":true,"href":"https:\/\/onlinehardwareshop.de\/index.php\/wp-json\/wp\/v2\/product_tag?post=72115"}],"curies":[{"name":"wp","href":"https:\/\/api.w.org\/{rel}","templated":true}]}}