{"id":72114,"date":"2025-01-28T02:37:57","date_gmt":"2025-01-28T02:37:57","guid":{"rendered":"https:\/\/onlinehardwareshop.de\/index.php\/produkt\/caruba-climbing-rope-neckstrap-black-2\/"},"modified":"2025-05-14T00:57:25","modified_gmt":"2025-05-14T00:57:25","slug":"caruba-climbing-rope-neckstrap-black","status":"publish","type":"product","link":"https:\/\/onlinehardwareshop.de\/index.php\/produkt\/caruba-climbing-rope-neckstrap-black\/","title":{"rendered":"Caruba Climbing Rope Neckstrap Black"},"content":{"rendered":"<p>Befestigen Sie Ihre Kompakt- oder Systemkamera am Caruba Climbing Rope Neckstrap. Dank diesem Nackengurt hast du deine Kamera immer griffbereit. Der weiche Stoff sorgt daf\u00fcr, dass er sich angenehm um den Nacken schmiegt. Stelle den Nackengurt ein, indem du Knoten hineinmachst. Mit den Metallbefestigungsringen verbindest du ihn mit deinem Kamerageh\u00e4use. Der Nackengurt hat eine L\u00e4nge von 100 Zentimetern, eine Dicke von 0,8 Zentimetern und eine Tragf\u00e4higkeit von 2 Kilogramm.<\/p>\n","protected":false},"excerpt":{"rendered":"<p>Befestigen Sie Ihre Kompakt- oder Systemkamera am Caruba Climbing Rope Neckstrap. Dank diesem Nackengurt hast du deine Kamera immer griffbereit. Der weiche Stoff sorgt daf\u00fcr, dass er sich angenehm um den Nacken schmiegt. Stelle den Nackengurt ein, indem du Knoten hineinmachst. Mit den Metallbefestigungsringen verbindest du ihn mit deinem Kamerageh\u00e4use. Der Nackengurt hat eine L\u00e4nge von 100 Zentimetern, eine Dicke von 0,8 Zentimetern und eine Tragf\u00e4higkeit von 2 Kilogramm.<\/p>\n","protected":false},"featured_media":0,"comment_status":"closed","ping_status":"open","template":"","meta":{"_acf_changed":false},"brand":[1697],"product_brand":[],"product_cat":[2460],"product_tag":[2461],"class_list":{"0":"post-72114","1":"product","2":"type-product","3":"status-publish","5":"brand-caruba","6":"product_cat-tragegurte","7":"product_tag-draagriemen-voor-fotocameras","8":"pa_condition-new","9":"pa_coolblue-de-verzending-morgen-gratis-geliefert","10":"pa_ean-3864","11":"pa_mpn-d136612","13":"first","14":"instock","15":"product-type-external"},"acf":[],"_links":{"self":[{"href":"https:\/\/onlinehardwareshop.de\/index.php\/wp-json\/wp\/v2\/product\/72114","targetHints":{"allow":["GET"]}}],"collection":[{"href":"https:\/\/onlinehardwareshop.de\/index.php\/wp-json\/wp\/v2\/product"}],"about":[{"href":"https:\/\/onlinehardwareshop.de\/index.php\/wp-json\/wp\/v2\/types\/product"}],"replies":[{"embeddable":true,"href":"https:\/\/onlinehardwareshop.de\/index.php\/wp-json\/wp\/v2\/comments?post=72114"}],"wp:attachment":[{"href":"https:\/\/onlinehardwareshop.de\/index.php\/wp-json\/wp\/v2\/media?parent=72114"}],"wp:term":[{"taxonomy":"brand","embeddable":true,"href":"https:\/\/onlinehardwareshop.de\/index.php\/wp-json\/wp\/v2\/brand?post=72114"},{"taxonomy":"product_brand","embeddable":true,"href":"https:\/\/onlinehardwareshop.de\/index.php\/wp-json\/wp\/v2\/product_brand?post=72114"},{"taxonomy":"product_cat","embeddable":true,"href":"https:\/\/onlinehardwareshop.de\/index.php\/wp-json\/wp\/v2\/product_cat?post=72114"},{"taxonomy":"product_tag","embeddable":true,"href":"https:\/\/onlinehardwareshop.de\/index.php\/wp-json\/wp\/v2\/product_tag?post=72114"}],"curies":[{"name":"wp","href":"https:\/\/api.w.org\/{rel}","templated":true}]}}