{"id":72076,"date":"2024-04-24T14:29:28","date_gmt":"2024-04-24T14:29:28","guid":{"rendered":"https:\/\/onlinehardwareshop.de\/index.php\/produkt\/tefal-sw3418-snack-time-grau-2\/"},"modified":"2025-05-14T00:54:30","modified_gmt":"2025-05-14T00:54:30","slug":"tefal-sw3418-snack-time-grau","status":"publish","type":"product","link":"https:\/\/onlinehardwareshop.de\/index.php\/produkt\/tefal-sw3418-snack-time-grau\/","title":{"rendered":"Tefal SW3418 Snack Time Grau"},"content":{"rendered":"<p>Mit dem Tefal SW3418 Snack Time Grau legst du dir einen kompakten Sandwichmaker zu. So brauchst du andere K\u00fcchenger\u00e4te nicht erst zur Seite r\u00e4umen, wenn du ein Sandwich machen m\u00f6chtest. Du kannst auch L\u00fctticher Waffeln mit den mitgelieferten Waffelplatten zubereiten. Das Temperaturl\u00e4mpchen zeigt dir an, wenn der Grill die richtige Temperatur erreicht hat. Praktisch, denn so wei\u00dft du genau, wann du dein Brot reinlegen musst. Der Sandwichmaker verf\u00fcgt \u00fcber eine Heizstufe, sodass du ihn einfach bedienen kannst. Die herausnehmbaren Platten lassen sich nach der Nutzung in der Sp\u00fclmaschine reinigen. Du kannst den Grill sowohl aufrecht als auch liegend verstauen. Super, so nimmt er nicht so viel Platz ein.<\/p>\n","protected":false},"excerpt":{"rendered":"<p>Mit dem Tefal SW3418 Snack Time Grau legst du dir einen kompakten Sandwichmaker zu. So brauchst du andere K\u00fcchenger\u00e4te nicht erst zur Seite r\u00e4umen, wenn du ein Sandwich machen m\u00f6chtest. Du kannst auch L\u00fctticher Waffeln mit den mitgelieferten Waffelplatten zubereiten. Das Temperaturl\u00e4mpchen zeigt dir an, wenn der Grill die richtige Temperatur erreicht hat. Praktisch, denn so wei\u00dft du genau, wann du dein Brot reinlegen musst. Der Sandwichmaker verf\u00fcgt \u00fcber eine Heizstufe, sodass du ihn einfach bedienen kannst. Die herausnehmbaren Platten lassen sich nach der Nutzung in der Sp\u00fclmaschine reinigen. Du kannst den Grill sowohl aufrecht als auch liegend verstauen. Super, so nimmt er nicht so viel Platz ein.<\/p>\n","protected":false},"featured_media":0,"comment_status":"closed","ping_status":"open","template":"","meta":{"_acf_changed":false},"brand":[506],"product_brand":[],"product_cat":[300],"product_tag":[301],"class_list":{"0":"post-72076","1":"product","2":"type-product","3":"status-publish","5":"brand-tefal","6":"product_cat-kontaktgrills","7":"product_tag-contactgrills","8":"pa_condition-new","9":"pa_coolblue-de-verzending-morgen-gratis-geliefert","10":"pa_ean-3757","11":"pa_mpn-sw341812","13":"first","14":"instock","15":"product-type-external"},"acf":[],"_links":{"self":[{"href":"https:\/\/onlinehardwareshop.de\/index.php\/wp-json\/wp\/v2\/product\/72076","targetHints":{"allow":["GET"]}}],"collection":[{"href":"https:\/\/onlinehardwareshop.de\/index.php\/wp-json\/wp\/v2\/product"}],"about":[{"href":"https:\/\/onlinehardwareshop.de\/index.php\/wp-json\/wp\/v2\/types\/product"}],"replies":[{"embeddable":true,"href":"https:\/\/onlinehardwareshop.de\/index.php\/wp-json\/wp\/v2\/comments?post=72076"}],"wp:attachment":[{"href":"https:\/\/onlinehardwareshop.de\/index.php\/wp-json\/wp\/v2\/media?parent=72076"}],"wp:term":[{"taxonomy":"brand","embeddable":true,"href":"https:\/\/onlinehardwareshop.de\/index.php\/wp-json\/wp\/v2\/brand?post=72076"},{"taxonomy":"product_brand","embeddable":true,"href":"https:\/\/onlinehardwareshop.de\/index.php\/wp-json\/wp\/v2\/product_brand?post=72076"},{"taxonomy":"product_cat","embeddable":true,"href":"https:\/\/onlinehardwareshop.de\/index.php\/wp-json\/wp\/v2\/product_cat?post=72076"},{"taxonomy":"product_tag","embeddable":true,"href":"https:\/\/onlinehardwareshop.de\/index.php\/wp-json\/wp\/v2\/product_tag?post=72076"}],"curies":[{"name":"wp","href":"https:\/\/api.w.org\/{rel}","templated":true}]}}