{"id":72075,"date":"2024-08-12T07:15:13","date_gmt":"2024-08-12T07:15:13","guid":{"rendered":"https:\/\/onlinehardwareshop.de\/index.php\/produkt\/logitech-g305-lightspeed-kabellose-gaming-maus-2\/"},"modified":"2025-05-14T00:54:21","modified_gmt":"2025-05-14T00:54:21","slug":"logitech-g305-lightspeed-kabellose-gaming-maus","status":"publish","type":"product","link":"https:\/\/onlinehardwareshop.de\/index.php\/produkt\/logitech-g305-lightspeed-kabellose-gaming-maus\/","title":{"rendered":"Logitech G305 Lightspeed Kabellose Gaming-Maus"},"content":{"rendered":"<p>Die Logitech G305 Lightspeed Kabellose Gaming-Maus kombiniert einen pixelpr\u00e4zisen Sensor mit einer kabellosen, verz\u00f6gerungsfreien Verbindung. Dank dem optischen Sensor mit 12.000 dpi schiebst du die kabellose Gaming-Maus bei schnellen Games rasch \u00fcber deinen Tisch. Dadurch reagierst du beim Gamen immer sehr pr\u00e4zise. Du kannst beim Gamen auch m\u00fchelos die dpi \u00e4ndern. Diese kabellose Gaming-Maus hat eine Akkulaufzeit von 250 Stunden. Du spielst also lange N\u00e4chte ohne aufzuladen. Die zwei zus\u00e4tzlichen Daumentasten stellst du selbst ein, wodurch du schneller als dein Gegner deine Waffen wechselst oder besondere Aktionen ausf\u00fchrst. Du schlie\u00dft diese Gaming-Maus kabellos \u00fcber den USB-A-Dongle an. So hast du beim Gamen gen\u00fcgend Bewegungsfreiheit.<\/p>\n","protected":false},"excerpt":{"rendered":"<p>Die Logitech G305 Lightspeed Kabellose Gaming-Maus kombiniert einen pixelpr\u00e4zisen Sensor mit einer kabellosen, verz\u00f6gerungsfreien Verbindung. Dank dem optischen Sensor mit 12.000 dpi schiebst du die kabellose Gaming-Maus bei schnellen Games rasch \u00fcber deinen Tisch. Dadurch reagierst du beim Gamen immer sehr pr\u00e4zise. Du kannst beim Gamen auch m\u00fchelos die dpi \u00e4ndern. Diese kabellose Gaming-Maus hat eine Akkulaufzeit von 250 Stunden. Du spielst also lange N\u00e4chte ohne aufzuladen. Die zwei zus\u00e4tzlichen Daumentasten stellst du selbst ein, wodurch du schneller als dein Gegner deine Waffen wechselst oder besondere Aktionen ausf\u00fchrst. Du schlie\u00dft diese Gaming-Maus kabellos \u00fcber den USB-A-Dongle an. So hast du beim Gamen gen\u00fcgend Bewegungsfreiheit.<\/p>\n","protected":false},"featured_media":0,"comment_status":"closed","ping_status":"open","template":"","meta":{"_acf_changed":false},"brand":[225],"product_brand":[],"product_cat":[33],"product_tag":[3752],"class_list":{"0":"post-72075","1":"product","2":"type-product","3":"status-publish","5":"brand-logitech-g","6":"product_cat-muse","7":"product_tag-gaming-muizen","8":"pa_condition-new","9":"pa_coolblue-de-verzending-morgen-gratis-geliefert","10":"pa_ean-3750","11":"pa_mpn-910-005283","13":"first","14":"instock","15":"product-type-external"},"acf":[],"_links":{"self":[{"href":"https:\/\/onlinehardwareshop.de\/index.php\/wp-json\/wp\/v2\/product\/72075","targetHints":{"allow":["GET"]}}],"collection":[{"href":"https:\/\/onlinehardwareshop.de\/index.php\/wp-json\/wp\/v2\/product"}],"about":[{"href":"https:\/\/onlinehardwareshop.de\/index.php\/wp-json\/wp\/v2\/types\/product"}],"replies":[{"embeddable":true,"href":"https:\/\/onlinehardwareshop.de\/index.php\/wp-json\/wp\/v2\/comments?post=72075"}],"wp:attachment":[{"href":"https:\/\/onlinehardwareshop.de\/index.php\/wp-json\/wp\/v2\/media?parent=72075"}],"wp:term":[{"taxonomy":"brand","embeddable":true,"href":"https:\/\/onlinehardwareshop.de\/index.php\/wp-json\/wp\/v2\/brand?post=72075"},{"taxonomy":"product_brand","embeddable":true,"href":"https:\/\/onlinehardwareshop.de\/index.php\/wp-json\/wp\/v2\/product_brand?post=72075"},{"taxonomy":"product_cat","embeddable":true,"href":"https:\/\/onlinehardwareshop.de\/index.php\/wp-json\/wp\/v2\/product_cat?post=72075"},{"taxonomy":"product_tag","embeddable":true,"href":"https:\/\/onlinehardwareshop.de\/index.php\/wp-json\/wp\/v2\/product_tag?post=72075"}],"curies":[{"name":"wp","href":"https:\/\/api.w.org\/{rel}","templated":true}]}}