{"id":72048,"date":"2025-01-01T15:29:37","date_gmt":"2025-01-01T15:29:37","guid":{"rendered":"https:\/\/onlinehardwareshop.de\/index.php\/produkt\/case-logic-era-convertible-15-grau-2\/"},"modified":"2025-05-14T00:51:55","modified_gmt":"2025-05-14T00:51:55","slug":"case-logic-era-convertible-15-grau","status":"publish","type":"product","link":"https:\/\/onlinehardwareshop.de\/index.php\/produkt\/case-logic-era-convertible-15-grau\/","title":{"rendered":"Case Logic Era Convertible 15&#34; Grau"},"content":{"rendered":"<p>Die Case Logic Era Convertible Bag 15,6 Zoll ist eine Tasche, die sich f\u00fcr eine Gesch\u00e4ftsreise eignet. Zweifelst du zwischen einem Rucksack und einer Umh\u00e4ngetasche? Bei der Case Logic Era Convertible Bag 15.6&#8243; entscheidest du, wie du sie tr\u00e4gst. Die Tasche kann durch die abnehmbaren Gurte sowohl als Rucksack als auch als Umh\u00e4ngetasche verwendet werden. In den gepolsterten F\u00e4chern nimmst du deinen 15,6-Zoll-Laptop und dein 10,5-Zoll-Tablet sicher mit zur Arbeit oder in die Schule. Im Hauptfach gibt es au\u00dferdem viel Platz f\u00fcr deine Dokumente. In der Fronttasche kannst du zum Beispiel dein Handy und dein Portemonnaie verstauen, damit sie schnell zur Hand sind.  Bitte beachte, dass die Gr\u00f6\u00dfe deines Laptops, wie z. B. 15 Zoll oder 17,3 Zoll, die Gr\u00f6\u00dfe des Bildschirms angibt, nicht die Gr\u00f6\u00dfe des ganzen Laptops. Wenn der Rand um deinen Bildschirm herum breit ist, w\u00e4hle zur Sicherheit ein Laptopfach eine Nummer gr\u00f6\u00dfer. So kannst du sicher sein, dass dein Laptop hineinpasst.<\/p>\n","protected":false},"excerpt":{"rendered":"<p>Die Case Logic Era Convertible Bag 15,6 Zoll ist eine Tasche, die sich f\u00fcr eine Gesch\u00e4ftsreise eignet. Zweifelst du zwischen einem Rucksack und einer Umh\u00e4ngetasche? Bei der Case Logic Era Convertible Bag 15.6&#8243; entscheidest du, wie du sie tr\u00e4gst. Die Tasche kann durch die abnehmbaren Gurte sowohl als Rucksack als auch als Umh\u00e4ngetasche verwendet werden. In den gepolsterten F\u00e4chern nimmst du deinen 15,6-Zoll-Laptop und dein 10,5-Zoll-Tablet sicher mit zur Arbeit oder in die Schule. Im Hauptfach gibt es au\u00dferdem viel Platz f\u00fcr deine Dokumente. In der Fronttasche kannst du zum Beispiel dein Handy und dein Portemonnaie verstauen, damit sie schnell zur Hand sind.  Bitte beachte, dass die Gr\u00f6\u00dfe deines Laptops, wie z. B. 15 Zoll oder 17,3 Zoll, die Gr\u00f6\u00dfe des Bildschirms angibt, nicht die Gr\u00f6\u00dfe des ganzen Laptops. Wenn der Rand um deinen Bildschirm herum breit ist, w\u00e4hle zur Sicherheit ein Laptopfach eine Nummer gr\u00f6\u00dfer. So kannst du sicher sein, dass dein Laptop hineinpasst.<\/p>\n","protected":false},"featured_media":0,"comment_status":"closed","ping_status":"open","template":"","meta":{"_acf_changed":false},"brand":[197],"product_brand":[],"product_cat":[431],"product_tag":[432],"class_list":{"0":"post-72048","1":"product","2":"type-product","3":"status-publish","5":"brand-case-logic","6":"product_cat-umhngetaschen","7":"product_tag-niet-leren-schoudertassen","8":"pa_condition-new","9":"pa_coolblue-de-verzending-morgen-gratis-geliefert","10":"pa_ean-3685","11":"pa_mpn-3686","13":"first","14":"instock","15":"product-type-external"},"acf":[],"_links":{"self":[{"href":"https:\/\/onlinehardwareshop.de\/index.php\/wp-json\/wp\/v2\/product\/72048","targetHints":{"allow":["GET"]}}],"collection":[{"href":"https:\/\/onlinehardwareshop.de\/index.php\/wp-json\/wp\/v2\/product"}],"about":[{"href":"https:\/\/onlinehardwareshop.de\/index.php\/wp-json\/wp\/v2\/types\/product"}],"replies":[{"embeddable":true,"href":"https:\/\/onlinehardwareshop.de\/index.php\/wp-json\/wp\/v2\/comments?post=72048"}],"wp:attachment":[{"href":"https:\/\/onlinehardwareshop.de\/index.php\/wp-json\/wp\/v2\/media?parent=72048"}],"wp:term":[{"taxonomy":"brand","embeddable":true,"href":"https:\/\/onlinehardwareshop.de\/index.php\/wp-json\/wp\/v2\/brand?post=72048"},{"taxonomy":"product_brand","embeddable":true,"href":"https:\/\/onlinehardwareshop.de\/index.php\/wp-json\/wp\/v2\/product_brand?post=72048"},{"taxonomy":"product_cat","embeddable":true,"href":"https:\/\/onlinehardwareshop.de\/index.php\/wp-json\/wp\/v2\/product_cat?post=72048"},{"taxonomy":"product_tag","embeddable":true,"href":"https:\/\/onlinehardwareshop.de\/index.php\/wp-json\/wp\/v2\/product_tag?post=72048"}],"curies":[{"name":"wp","href":"https:\/\/api.w.org\/{rel}","templated":true}]}}