{"id":72044,"date":"2025-02-12T10:48:08","date_gmt":"2025-02-12T10:48:08","guid":{"rendered":"https:\/\/onlinehardwareshop.de\/index.php\/produkt\/american-tourister-soundbox-expandable-spinner-55cm-golden-yellow-2\/"},"modified":"2025-05-14T00:51:40","modified_gmt":"2025-05-14T00:51:40","slug":"american-tourister-soundbox-expandable-spinner-55cm-golden-yellow","status":"publish","type":"product","link":"https:\/\/onlinehardwareshop.de\/index.php\/produkt\/american-tourister-soundbox-expandable-spinner-55cm-golden-yellow\/","title":{"rendered":"American Tourister Soundbox Expandable Spinner 55&#xA0;cm Golden Yellow"},"content":{"rendered":"<p>Der American Tourister Soundbox Expandable Spinner 55\u00a0cm ist ein erweiterbarer Hartschalen-Handgep\u00e4ckkoffer. Diesen Koffer nimmst du bedenkenlos mit ins Flugzeug. Die Polypropylenschale ist sehr robust, sodass der Koffer einiges aush\u00e4lt. Dank des von 35,5 auf 41 Liter erweiterbaren Stauraums nimmst du bei Bedarf problemlos mehr Gep\u00e4ck mit. Mit den vier Doppelrollen steht der Koffer stabil und l\u00e4sst sich leicht mitf\u00fchren. Der Koffer ist mit einem TSA-Schloss ausgestattet, mit dem du dein Gep\u00e4ck sicher abschlie\u00dft. Au\u00dferdem verlierst du den Koffer dank des auff\u00e4lligen, verspielten Reliefs an seiner Au\u00dfenseite nicht so leicht aus den Augen.<\/p>\n","protected":false},"excerpt":{"rendered":"<p>Der American Tourister Soundbox Expandable Spinner 55\u00a0cm ist ein erweiterbarer Hartschalen-Handgep\u00e4ckkoffer. Diesen Koffer nimmst du bedenkenlos mit ins Flugzeug. Die Polypropylenschale ist sehr robust, sodass der Koffer einiges aush\u00e4lt. Dank des von 35,5 auf 41 Liter erweiterbaren Stauraums nimmst du bei Bedarf problemlos mehr Gep\u00e4ck mit. Mit den vier Doppelrollen steht der Koffer stabil und l\u00e4sst sich leicht mitf\u00fchren. Der Koffer ist mit einem TSA-Schloss ausgestattet, mit dem du dein Gep\u00e4ck sicher abschlie\u00dft. Au\u00dferdem verlierst du den Koffer dank des auff\u00e4lligen, verspielten Reliefs an seiner Au\u00dfenseite nicht so leicht aus den Augen.<\/p>\n","protected":false},"featured_media":0,"comment_status":"closed","ping_status":"open","template":"","meta":{"_acf_changed":false},"brand":[2846],"product_brand":[],"product_cat":[1261],"product_tag":[1271],"class_list":{"0":"post-72044","1":"product","2":"type-product","3":"status-publish","5":"brand-american-tourister","6":"product_cat-koffer","7":"product_tag-handbagage-koffers","8":"pa_condition-new","9":"pa_coolblue-de-verzending-morgen-gratis-geliefert","10":"pa_ean-3675","11":"pa_mpn-88472-1371","13":"first","14":"instock","15":"product-type-external"},"acf":[],"_links":{"self":[{"href":"https:\/\/onlinehardwareshop.de\/index.php\/wp-json\/wp\/v2\/product\/72044","targetHints":{"allow":["GET"]}}],"collection":[{"href":"https:\/\/onlinehardwareshop.de\/index.php\/wp-json\/wp\/v2\/product"}],"about":[{"href":"https:\/\/onlinehardwareshop.de\/index.php\/wp-json\/wp\/v2\/types\/product"}],"replies":[{"embeddable":true,"href":"https:\/\/onlinehardwareshop.de\/index.php\/wp-json\/wp\/v2\/comments?post=72044"}],"wp:attachment":[{"href":"https:\/\/onlinehardwareshop.de\/index.php\/wp-json\/wp\/v2\/media?parent=72044"}],"wp:term":[{"taxonomy":"brand","embeddable":true,"href":"https:\/\/onlinehardwareshop.de\/index.php\/wp-json\/wp\/v2\/brand?post=72044"},{"taxonomy":"product_brand","embeddable":true,"href":"https:\/\/onlinehardwareshop.de\/index.php\/wp-json\/wp\/v2\/product_brand?post=72044"},{"taxonomy":"product_cat","embeddable":true,"href":"https:\/\/onlinehardwareshop.de\/index.php\/wp-json\/wp\/v2\/product_cat?post=72044"},{"taxonomy":"product_tag","embeddable":true,"href":"https:\/\/onlinehardwareshop.de\/index.php\/wp-json\/wp\/v2\/product_tag?post=72044"}],"curies":[{"name":"wp","href":"https:\/\/api.w.org\/{rel}","templated":true}]}}