{"id":72021,"date":"2024-11-14T14:57:55","date_gmt":"2024-11-14T14:57:55","guid":{"rendered":"https:\/\/onlinehardwareshop.de\/index.php\/produkt\/kingston-a400-ssd-960-gb-2\/"},"modified":"2025-05-14T00:49:44","modified_gmt":"2025-05-14T00:49:44","slug":"kingston-a400-ssd-960-gb","status":"publish","type":"product","link":"https:\/\/onlinehardwareshop.de\/index.php\/produkt\/kingston-a400-ssd-960-gb\/","title":{"rendered":"Kingston A400 SSD, 960 GB"},"content":{"rendered":"<p>Hinweis: Diese 2,5-Zoll-SSD verf\u00fcgt \u00fcber eine SATA-Schnittstelle und funktioniert nur, wenn dein System SATA unterst\u00fctzt. \u00dcberpr\u00fcfe das in der Gebrauchsanleitung deines Laptops oder Motherboards.  Die Kingston A400 SSD 960 GB ist eine interne SSD, die f\u00fcr einfache und allt\u00e4gliche Computeraufgaben geeignet ist. Dank der Lesegeschwindigkeit von 500 MB\/s und der Schreibgeschwindigkeit von 450 MB\/s kannst du einen durchschnittlichen Full-HD-Film in etwa 10 Sekunden und eine umfangreiche Sammlung von Urlaubsfotos in 15 bis 20 Sekunden speichern. Da die Kingston A400 SSD viel schneller als eine Festplatte ist, startet dein Laptop oder Computer in nur 15 Sekunden. Dank der H\u00f6he von 7 mm kannst du sicher sein, dass sie in deinen Laptop, deine Konsole oder deinen Desktop-PC passt. Du verbindest die SSD \u00fcber den SATA-Anschluss.<\/p>\n","protected":false},"excerpt":{"rendered":"<p>Hinweis: Diese 2,5-Zoll-SSD verf\u00fcgt \u00fcber eine SATA-Schnittstelle und funktioniert nur, wenn dein System SATA unterst\u00fctzt. \u00dcberpr\u00fcfe das in der Gebrauchsanleitung deines Laptops oder Motherboards.  Die Kingston A400 SSD 960 GB ist eine interne SSD, die f\u00fcr einfache und allt\u00e4gliche Computeraufgaben geeignet ist. Dank der Lesegeschwindigkeit von 500 MB\/s und der Schreibgeschwindigkeit von 450 MB\/s kannst du einen durchschnittlichen Full-HD-Film in etwa 10 Sekunden und eine umfangreiche Sammlung von Urlaubsfotos in 15 bis 20 Sekunden speichern. Da die Kingston A400 SSD viel schneller als eine Festplatte ist, startet dein Laptop oder Computer in nur 15 Sekunden. Dank der H\u00f6he von 7 mm kannst du sicher sein, dass sie in deinen Laptop, deine Konsole oder deinen Desktop-PC passt. Du verbindest die SSD \u00fcber den SATA-Anschluss.<\/p>\n","protected":false},"featured_media":0,"comment_status":"closed","ping_status":"open","template":"","meta":{"_acf_changed":false},"brand":[2956],"product_brand":[],"product_cat":[2957],"product_tag":[2958],"class_list":{"0":"post-72021","1":"product","2":"type-product","3":"status-publish","5":"brand-kingston","6":"product_cat-solid-state-drives-ssd","7":"product_tag-25-inch-ssd","8":"pa_condition-new","9":"pa_coolblue-de-verzending-morgen-gratis-geliefert","10":"pa_ean-3619","11":"pa_mpn-sa400s37-960g","13":"first","14":"instock","15":"product-type-external"},"acf":[],"_links":{"self":[{"href":"https:\/\/onlinehardwareshop.de\/index.php\/wp-json\/wp\/v2\/product\/72021","targetHints":{"allow":["GET"]}}],"collection":[{"href":"https:\/\/onlinehardwareshop.de\/index.php\/wp-json\/wp\/v2\/product"}],"about":[{"href":"https:\/\/onlinehardwareshop.de\/index.php\/wp-json\/wp\/v2\/types\/product"}],"replies":[{"embeddable":true,"href":"https:\/\/onlinehardwareshop.de\/index.php\/wp-json\/wp\/v2\/comments?post=72021"}],"wp:attachment":[{"href":"https:\/\/onlinehardwareshop.de\/index.php\/wp-json\/wp\/v2\/media?parent=72021"}],"wp:term":[{"taxonomy":"brand","embeddable":true,"href":"https:\/\/onlinehardwareshop.de\/index.php\/wp-json\/wp\/v2\/brand?post=72021"},{"taxonomy":"product_brand","embeddable":true,"href":"https:\/\/onlinehardwareshop.de\/index.php\/wp-json\/wp\/v2\/product_brand?post=72021"},{"taxonomy":"product_cat","embeddable":true,"href":"https:\/\/onlinehardwareshop.de\/index.php\/wp-json\/wp\/v2\/product_cat?post=72021"},{"taxonomy":"product_tag","embeddable":true,"href":"https:\/\/onlinehardwareshop.de\/index.php\/wp-json\/wp\/v2\/product_tag?post=72021"}],"curies":[{"name":"wp","href":"https:\/\/api.w.org\/{rel}","templated":true}]}}