{"id":72000,"date":"2025-03-10T16:58:09","date_gmt":"2025-03-10T16:58:09","guid":{"rendered":"https:\/\/onlinehardwareshop.de\/index.php\/produkt\/boretti-terzo-2\/"},"modified":"2025-05-14T00:48:00","modified_gmt":"2025-05-14T00:48:00","slug":"boretti-terzo","status":"publish","type":"product","link":"https:\/\/onlinehardwareshop.de\/index.php\/produkt\/boretti-terzo\/","title":{"rendered":"Boretti Terzo"},"content":{"rendered":"<p>Der Boretti Terzo ist ein kleiner Grill, den du problemlos auf Reisen mitnimmst. Du verwendest ihn auf deinem Balkon, dem Campingplatz, in einem kleinen Garten oder unterwegs. Du grillst Fleisch, Fisch und Gem\u00fcse f\u00fcr sechs Personen gleichzeitig. Die Temperatur regulierst du mit den L\u00fcftungsl\u00f6chern, sodass du jedes Gericht auf die richtige Art zubereitest. Auf dem Deckelthermometer liest du m\u00fchelos ab, wie hei\u00df es im Grill ist. Entferne einen Teil des Rosts, sodass du eine \u00d6ffnung f\u00fcr Zubeh\u00f6r (nicht im Lieferumfang enthalten) hast. Der Grill wiegt 15 Kilogramm und steht dank des Untergestells solide. Nach dem Gebrauch klappst du die Beine ein, sodass du den Grill problemlos transportierst.<\/p>\n","protected":false},"excerpt":{"rendered":"<p>Der Boretti Terzo ist ein kleiner Grill, den du problemlos auf Reisen mitnimmst. Du verwendest ihn auf deinem Balkon, dem Campingplatz, in einem kleinen Garten oder unterwegs. Du grillst Fleisch, Fisch und Gem\u00fcse f\u00fcr sechs Personen gleichzeitig. Die Temperatur regulierst du mit den L\u00fcftungsl\u00f6chern, sodass du jedes Gericht auf die richtige Art zubereitest. Auf dem Deckelthermometer liest du m\u00fchelos ab, wie hei\u00df es im Grill ist. Entferne einen Teil des Rosts, sodass du eine \u00d6ffnung f\u00fcr Zubeh\u00f6r (nicht im Lieferumfang enthalten) hast. Der Grill wiegt 15 Kilogramm und steht dank des Untergestells solide. Nach dem Gebrauch klappst du die Beine ein, sodass du den Grill problemlos transportierst.<\/p>\n","protected":false},"featured_media":0,"comment_status":"closed","ping_status":"open","template":"","meta":{"_acf_changed":false},"brand":[1213],"product_brand":[],"product_cat":[699],"product_tag":[700],"class_list":{"0":"post-72000","1":"product","2":"type-product","3":"status-publish","5":"brand-boretti","6":"product_cat-grills","7":"product_tag-houtskool-barbecues","8":"pa_condition-new","9":"pa_coolblue-de-verzending-morgen-gratis-geliefert","10":"pa_ean-3563","11":"pa_mpn-terzo","13":"first","14":"instock","15":"product-type-external"},"acf":[],"_links":{"self":[{"href":"https:\/\/onlinehardwareshop.de\/index.php\/wp-json\/wp\/v2\/product\/72000","targetHints":{"allow":["GET"]}}],"collection":[{"href":"https:\/\/onlinehardwareshop.de\/index.php\/wp-json\/wp\/v2\/product"}],"about":[{"href":"https:\/\/onlinehardwareshop.de\/index.php\/wp-json\/wp\/v2\/types\/product"}],"replies":[{"embeddable":true,"href":"https:\/\/onlinehardwareshop.de\/index.php\/wp-json\/wp\/v2\/comments?post=72000"}],"wp:attachment":[{"href":"https:\/\/onlinehardwareshop.de\/index.php\/wp-json\/wp\/v2\/media?parent=72000"}],"wp:term":[{"taxonomy":"brand","embeddable":true,"href":"https:\/\/onlinehardwareshop.de\/index.php\/wp-json\/wp\/v2\/brand?post=72000"},{"taxonomy":"product_brand","embeddable":true,"href":"https:\/\/onlinehardwareshop.de\/index.php\/wp-json\/wp\/v2\/product_brand?post=72000"},{"taxonomy":"product_cat","embeddable":true,"href":"https:\/\/onlinehardwareshop.de\/index.php\/wp-json\/wp\/v2\/product_cat?post=72000"},{"taxonomy":"product_tag","embeddable":true,"href":"https:\/\/onlinehardwareshop.de\/index.php\/wp-json\/wp\/v2\/product_tag?post=72000"}],"curies":[{"name":"wp","href":"https:\/\/api.w.org\/{rel}","templated":true}]}}