{"id":71992,"date":"2024-08-15T12:00:31","date_gmt":"2024-08-15T12:00:31","guid":{"rendered":"https:\/\/onlinehardwareshop.de\/index.php\/produkt\/dewalt-d25134kp-qs-2\/"},"modified":"2025-05-14T00:47:26","modified_gmt":"2025-05-14T00:47:26","slug":"dewalt-d25134kp-qs","status":"publish","type":"product","link":"https:\/\/onlinehardwareshop.de\/index.php\/produkt\/dewalt-d25134kp-qs\/","title":{"rendered":"DeWalt D25134KP-QS"},"content":{"rendered":"<p>Vom Aufbau eines Holzzauns bis zum Bohren von L\u00f6chern in eine Betonwand und vom Abschlagen alter Fliesen in der K\u00fcche bis zum Anbringen von Durchgangsl\u00f6chern im Mauerwerk: Mit dem DeWalt D25134KP-QS ist das alles m\u00f6glich. Nicht nur, weil der Kombihammer leistungsf\u00e4hig genug ist, um diese Arbeiten zu erledigen, sondern auch, weil er mit einem 13-mm-Schnellspannbohrkopf ausgestattet ist, an dem du Holz- und Metallbohrer mit Schnellverschl\u00fcssen befestigst. Das Bohren in Beton erfolgt mit >5.540 Schl\u00e4gen pro Minute. \u00dcber lose Bohrsp\u00e4ne musst du dir dabei keine Gedanken machen. Der D25134KP-QS verf\u00fcgt \u00fcber eine optimale Staubabdichtung und die Luftaustrittsschlitze verhindern, dass sie in dein Gesicht geblasen werden. Das mitgelieferte Bohrer- und Mei\u00dfelset und der praktische Koffer vervollst\u00e4ndigen den 800-Watt-Kombihammer.<\/p>\n","protected":false},"excerpt":{"rendered":"<p>Vom Aufbau eines Holzzauns bis zum Bohren von L\u00f6chern in eine Betonwand und vom Abschlagen alter Fliesen in der K\u00fcche bis zum Anbringen von Durchgangsl\u00f6chern im Mauerwerk: Mit dem DeWalt D25134KP-QS ist das alles m\u00f6glich. Nicht nur, weil der Kombihammer leistungsf\u00e4hig genug ist, um diese Arbeiten zu erledigen, sondern auch, weil er mit einem 13-mm-Schnellspannbohrkopf ausgestattet ist, an dem du Holz- und Metallbohrer mit Schnellverschl\u00fcssen befestigst. Das Bohren in Beton erfolgt mit >5.540 Schl\u00e4gen pro Minute. \u00dcber lose Bohrsp\u00e4ne musst du dir dabei keine Gedanken machen. Der D25134KP-QS verf\u00fcgt \u00fcber eine optimale Staubabdichtung und die Luftaustrittsschlitze verhindern, dass sie in dein Gesicht geblasen werden. Das mitgelieferte Bohrer- und Mei\u00dfelset und der praktische Koffer vervollst\u00e4ndigen den 800-Watt-Kombihammer.<\/p>\n","protected":false},"featured_media":0,"comment_status":"closed","ping_status":"open","template":"","meta":{"_acf_changed":false},"brand":[980],"product_brand":[],"product_cat":[261],"product_tag":[262],"class_list":{"0":"post-71992","1":"product","2":"type-product","3":"status-publish","5":"brand-dewalt","6":"product_cat-bohrmaschinen","7":"product_tag-boorhamers","8":"pa_condition-new","9":"pa_coolblue-de-verzending-morgen-gratis-geliefert","10":"pa_ean-3550","11":"pa_mpn-d25134kp-qs","13":"first","14":"instock","15":"product-type-external"},"acf":[],"_links":{"self":[{"href":"https:\/\/onlinehardwareshop.de\/index.php\/wp-json\/wp\/v2\/product\/71992","targetHints":{"allow":["GET"]}}],"collection":[{"href":"https:\/\/onlinehardwareshop.de\/index.php\/wp-json\/wp\/v2\/product"}],"about":[{"href":"https:\/\/onlinehardwareshop.de\/index.php\/wp-json\/wp\/v2\/types\/product"}],"replies":[{"embeddable":true,"href":"https:\/\/onlinehardwareshop.de\/index.php\/wp-json\/wp\/v2\/comments?post=71992"}],"wp:attachment":[{"href":"https:\/\/onlinehardwareshop.de\/index.php\/wp-json\/wp\/v2\/media?parent=71992"}],"wp:term":[{"taxonomy":"brand","embeddable":true,"href":"https:\/\/onlinehardwareshop.de\/index.php\/wp-json\/wp\/v2\/brand?post=71992"},{"taxonomy":"product_brand","embeddable":true,"href":"https:\/\/onlinehardwareshop.de\/index.php\/wp-json\/wp\/v2\/product_brand?post=71992"},{"taxonomy":"product_cat","embeddable":true,"href":"https:\/\/onlinehardwareshop.de\/index.php\/wp-json\/wp\/v2\/product_cat?post=71992"},{"taxonomy":"product_tag","embeddable":true,"href":"https:\/\/onlinehardwareshop.de\/index.php\/wp-json\/wp\/v2\/product_tag?post=71992"}],"curies":[{"name":"wp","href":"https:\/\/api.w.org\/{rel}","templated":true}]}}