{"id":71980,"date":"2024-09-10T08:32:36","date_gmt":"2024-09-10T08:32:36","guid":{"rendered":"https:\/\/onlinehardwareshop.de\/index.php\/produkt\/peak-design-slide-lite-2-gen-schwarz-2\/"},"modified":"2025-05-14T00:46:20","modified_gmt":"2025-05-14T00:46:20","slug":"peak-design-slide-lite-2-gen-schwarz","status":"publish","type":"product","link":"https:\/\/onlinehardwareshop.de\/index.php\/produkt\/peak-design-slide-lite-2-gen-schwarz\/","title":{"rendered":"Peak Design Slide Lite (2. Gen.) Schwarz"},"content":{"rendered":"<p>Der Peak Design Slide Lite Tragegurt ist f\u00fcr jede Kamera geeignet. Das schmale Band macht ihn ideal f\u00fcr Kompakt-, System- und leichte Spiegelreflexkameras. Du kannst den Tragegurt in der L\u00e4nge von 99 bis 145 Zentimeter verstellen und ihn als Schulter-, Trage- oder Nackengurt verwenden. Mit den Schnellbefestigungsankern kannst du den Gurt ganz einfach an deiner Kamera befestigen. Sie rollst den Gurt zu einem kleinen Paket zusammen, wodurch er leicht zu verstauen ist. Auf der glatten Seite des Trageriemens kannst du deine Kamera leicht verschieben. Die grobe Seite sorgt f\u00fcr mehr Grip.<\/p>\n","protected":false},"excerpt":{"rendered":"<p>Der Peak Design Slide Lite Tragegurt ist f\u00fcr jede Kamera geeignet. Das schmale Band macht ihn ideal f\u00fcr Kompakt-, System- und leichte Spiegelreflexkameras. Du kannst den Tragegurt in der L\u00e4nge von 99 bis 145 Zentimeter verstellen und ihn als Schulter-, Trage- oder Nackengurt verwenden. Mit den Schnellbefestigungsankern kannst du den Gurt ganz einfach an deiner Kamera befestigen. Sie rollst den Gurt zu einem kleinen Paket zusammen, wodurch er leicht zu verstauen ist. Auf der glatten Seite des Trageriemens kannst du deine Kamera leicht verschieben. Die grobe Seite sorgt f\u00fcr mehr Grip.<\/p>\n","protected":false},"featured_media":0,"comment_status":"closed","ping_status":"open","template":"","meta":{"_acf_changed":false},"brand":[2459],"product_brand":[],"product_cat":[2460],"product_tag":[2461],"class_list":{"0":"post-71980","1":"product","2":"type-product","3":"status-publish","5":"brand-peak-design","6":"product_cat-tragegurte","7":"product_tag-draagriemen-voor-fotocameras","8":"pa_condition-new","9":"pa_coolblue-de-verzending-morgen-gratis-geliefert","10":"pa_ean-3515","11":"pa_mpn-155sllbk3","13":"first","14":"instock","15":"product-type-external"},"acf":[],"_links":{"self":[{"href":"https:\/\/onlinehardwareshop.de\/index.php\/wp-json\/wp\/v2\/product\/71980","targetHints":{"allow":["GET"]}}],"collection":[{"href":"https:\/\/onlinehardwareshop.de\/index.php\/wp-json\/wp\/v2\/product"}],"about":[{"href":"https:\/\/onlinehardwareshop.de\/index.php\/wp-json\/wp\/v2\/types\/product"}],"replies":[{"embeddable":true,"href":"https:\/\/onlinehardwareshop.de\/index.php\/wp-json\/wp\/v2\/comments?post=71980"}],"wp:attachment":[{"href":"https:\/\/onlinehardwareshop.de\/index.php\/wp-json\/wp\/v2\/media?parent=71980"}],"wp:term":[{"taxonomy":"brand","embeddable":true,"href":"https:\/\/onlinehardwareshop.de\/index.php\/wp-json\/wp\/v2\/brand?post=71980"},{"taxonomy":"product_brand","embeddable":true,"href":"https:\/\/onlinehardwareshop.de\/index.php\/wp-json\/wp\/v2\/product_brand?post=71980"},{"taxonomy":"product_cat","embeddable":true,"href":"https:\/\/onlinehardwareshop.de\/index.php\/wp-json\/wp\/v2\/product_cat?post=71980"},{"taxonomy":"product_tag","embeddable":true,"href":"https:\/\/onlinehardwareshop.de\/index.php\/wp-json\/wp\/v2\/product_tag?post=71980"}],"curies":[{"name":"wp","href":"https:\/\/api.w.org\/{rel}","templated":true}]}}