{"id":71968,"date":"2024-08-24T17:51:08","date_gmt":"2024-08-24T17:51:08","guid":{"rendered":"https:\/\/onlinehardwareshop.de\/index.php\/produkt\/km-tkm-19793-2\/"},"modified":"2025-05-14T00:45:20","modified_gmt":"2025-05-14T00:45:20","slug":"km-tkm-19793","status":"publish","type":"product","link":"https:\/\/onlinehardwareshop.de\/index.php\/produkt\/km-tkm-19793\/","title":{"rendered":"K&#038;M TKM 19793"},"content":{"rendered":"<p>Der K&#038;M TKM 19793 ist ein universeller Tablet-St\u00e4nder, der sich leicht in der H\u00f6he verstellen l\u00e4sst. Lies die Noten direkt von deinem Tablet und vermeide es, einen gro\u00dfen Stapel Papier auszudrucken und mitzuschleppen. Dank des faltbaren Designs kannst du den St\u00e4nder einfach verstauen. Dadurch ist das Stativ nie im Weg, wenn du es nicht benutzt. Du kannst das Stativ zwischen 70 und 155 cm einstellen. Das macht es ideal f\u00fcr Erwachsene und Kinder. Das TKM 19793 ist geeignet f\u00fcr das iPad, iPad Air, iPad Pro, Amazon Fire HDX 8.9, Samsung Galaxy Tab (9.7), Google Nexus 0, Asus Transformer, Microsoft Surface und Microsoft Surface Pro.<\/p>\n","protected":false},"excerpt":{"rendered":"<p>Der K&#038;M TKM 19793 ist ein universeller Tablet-St\u00e4nder, der sich leicht in der H\u00f6he verstellen l\u00e4sst. Lies die Noten direkt von deinem Tablet und vermeide es, einen gro\u00dfen Stapel Papier auszudrucken und mitzuschleppen. Dank des faltbaren Designs kannst du den St\u00e4nder einfach verstauen. Dadurch ist das Stativ nie im Weg, wenn du es nicht benutzt. Du kannst das Stativ zwischen 70 und 155 cm einstellen. Das macht es ideal f\u00fcr Erwachsene und Kinder. Das TKM 19793 ist geeignet f\u00fcr das iPad, iPad Air, iPad Pro, Amazon Fire HDX 8.9, Samsung Galaxy Tab (9.7), Google Nexus 0, Asus Transformer, Microsoft Surface und Microsoft Surface Pro.<\/p>\n","protected":false},"featured_media":0,"comment_status":"closed","ping_status":"open","template":"","meta":{"_acf_changed":false},"brand":[1201],"product_brand":[],"product_cat":[1238],"product_tag":[1239],"class_list":{"0":"post-71968","1":"product","2":"type-product","3":"status-publish","5":"brand-km","6":"product_cat-halterungen-fr-tablets","7":"product_tag-houders-voor-tablets","8":"pa_condition-new","9":"pa_coolblue-de-verzending-morgen-gratis-geliefert","10":"pa_ean-3483","11":"pa_mpn-tkm-19793","13":"first","14":"instock","15":"product-type-external"},"acf":[],"_links":{"self":[{"href":"https:\/\/onlinehardwareshop.de\/index.php\/wp-json\/wp\/v2\/product\/71968","targetHints":{"allow":["GET"]}}],"collection":[{"href":"https:\/\/onlinehardwareshop.de\/index.php\/wp-json\/wp\/v2\/product"}],"about":[{"href":"https:\/\/onlinehardwareshop.de\/index.php\/wp-json\/wp\/v2\/types\/product"}],"replies":[{"embeddable":true,"href":"https:\/\/onlinehardwareshop.de\/index.php\/wp-json\/wp\/v2\/comments?post=71968"}],"wp:attachment":[{"href":"https:\/\/onlinehardwareshop.de\/index.php\/wp-json\/wp\/v2\/media?parent=71968"}],"wp:term":[{"taxonomy":"brand","embeddable":true,"href":"https:\/\/onlinehardwareshop.de\/index.php\/wp-json\/wp\/v2\/brand?post=71968"},{"taxonomy":"product_brand","embeddable":true,"href":"https:\/\/onlinehardwareshop.de\/index.php\/wp-json\/wp\/v2\/product_brand?post=71968"},{"taxonomy":"product_cat","embeddable":true,"href":"https:\/\/onlinehardwareshop.de\/index.php\/wp-json\/wp\/v2\/product_cat?post=71968"},{"taxonomy":"product_tag","embeddable":true,"href":"https:\/\/onlinehardwareshop.de\/index.php\/wp-json\/wp\/v2\/product_tag?post=71968"}],"curies":[{"name":"wp","href":"https:\/\/api.w.org\/{rel}","templated":true}]}}